{"id":13914,"date":"2022-07-18T12:45:12","date_gmt":"2022-07-18T17:45:12","guid":{"rendered":"https:\/\/www.nashgroup.com\/que-hacemos\/"},"modified":"2022-11-09T15:39:51","modified_gmt":"2022-11-09T21:39:51","slug":"que-hacemos","status":"publish","type":"page","link":"https:\/\/www.nashgroup.com\/es\/que-hacemos\/","title":{"rendered":"Qu\u00e9 hacemos"},"content":{"rendered":"\n<div class=\"wp-block-columns is-layout-flex wp-container-core-columns-is-layout-9d6595d7 wp-block-columns-is-layout-flex\">\n<div class=\"wp-block-column is-layout-flow wp-block-column-is-layout-flow\">\n<h2 class=\"has-text-align-center has-text-color wp-block-heading\" style=\"color:#3c4774\">Inteligencia empresarial que mejora las operaciones y aumenta el rendimiento financiero.<\/h2>\n\n\n\n<p>The Nash Group asesora a hospitales de todo el pa\u00eds para mejorar las operaciones y aumentar el rendimiento financiero en:<\/p>\n\n\n\n<ul class=\"wp-block-list\">\n<li>Servicios de hospitalizaci\u00f3n<\/li>\n\n\n\n<li>Servicios ambulatorios<\/li>\n\n\n\n<li>Servicios de emergencia<\/li>\n\n\n\n<li>Quir\u00f3fanos<\/li>\n\n\n\n<li>Laboratorios de cateterismo card\u00edaco<\/li>\n\n\n\n<li>Farmacia<\/li>\n\n\n\n<li>Todos los servicios de apoyo<\/li>\n<\/ul>\n\n\n\n<p>The Nash Group combina estrategias \u00fanicas con la capacidad de supervisi\u00f3n del rendimiento para agregar la atenci\u00f3n, rede\ufb01nir las cargas de trabajo cl\u00ednicas y los planes de personal, y reducir los costos laborales.<\/p>\n\n\n\n<p>Nuestro producto principal es <a href=\"\/?page_id=910\">SDM 20\/20\u2122<\/a>, que cuenta con un historial auditado de ahorro de costos significativo, retorno de la inversi\u00f3n y recuperaci\u00f3n de la inversi\u00f3n financiera de acuerdo con las mejores pr\u00e1cticas operativas.<\/p>\n\n\n\n<p>Relacionado con SDM 20\/20 est\u00e1 nuestro <a href=\"https:\/\/www.nashgroup.com\/es\/nash-analytics\/\">Nash Analytics\u2122<\/a>. Este software proporciona herramientas  de productividad y de presupuesto en toda la empresa para que los departamentos cl\u00ednicos y no cl\u00ednicos validen el cumplimiento operativo y \ufb01nanciero de los objetivos de SDM 20\/20 a lo largo del d\u00eda. Es un sistema \u00fanico de inteligencia empresarial que contiene todas las herramientas necesarias para analizar, dise\u00f1ar y supervisar la estrategia SDM 20\/20.<\/p>\n\n\n\n<p>Para entender la eficacia de nuestro trabajo, basta con ver estos resultados en hospitales de 200 a 700 camas de personal:<\/p>\n\n\n\n<ul class=\"wp-block-list\">\n<li>Ahorro de costos de mano de obra directa de 1.000.000 a 4.000.000 de d\u00f3lares<\/li>\n\n\n\n<li>Proyecto de retorno de inversi\u00f3n del 400% al 1.000+%.<\/li>\n\n\n\n<li>Clara amortizaci\u00f3n financiera en menos de 8 meses<\/li>\n<\/ul>\n\n\n\n<p>No dude en leer m\u00e1s sobre<strong> <a href=\"https:\/\/www.nashgroup.com\/es\/sdm20-20\/\">SDM 20\/20<\/a><\/strong> o<strong> <a href=\"https:\/\/www.nashgroup.com\/es\/nash-analytics\/\">Nash Analytics\u2122<\/a><\/strong>, o solicitar una <a href=\"https:\/\/www.nashgroup.com\/es\/formulario-de-evaluacion-gratuita\/\"><strong>evaluaci\u00f3n preliminar GRATUITA<\/strong><\/a> del impacto que The Nash Group puede tener en sus operaciones y \ufb01nanzas.<\/p>\n<\/div>\n\n\n\n<div class=\"wp-block-column is-vertically-aligned-top is-layout-flow wp-block-column-is-layout-flow\">\n<h2 class=\"alignwide has-text-align-center has-text-color wp-block-heading\" style=\"color:#3c4774\">Un resultado lleva al siguiente.<\/h2>\n\n\n\n<div style=\"height:50px\" aria-hidden=\"true\" class=\"wp-block-spacer\"><\/div>\n\n\n\n<div id=\"section-g7d1580\" class=\"wp-block-gutentor-e6 section-g7d1580 gutentor-element gutentor-element-image wow slideInRight text-align-center-desktop\" data-wow-animation=\"slideInRight\" data-wow-delay=\"0s\"><div class=\"gutentor-element-image-box\"><div class=\"gutentor-image-thumb\"><img decoding=\"async\" class=\"normal-image\" src=\"https:\/\/www.nashgroup.com\/wp-content\/uploads\/2019\/04\/1-flow-stabalize-1.png\"\/><\/div><\/div><\/div>\n\n\n\n<div id=\"section-g731ae2\" class=\"wp-block-gutentor-e6 section-g731ae2 gutentor-element gutentor-element-image wow slideInRight text-align-center-desktop\" data-wow-animation=\"slideInRight\" data-wow-delay=\"1s\"><div class=\"gutentor-element-image-box\"><div class=\"gutentor-image-thumb\"><img decoding=\"async\" class=\"normal-image\" src=\"https:\/\/www.nashgroup.com\/wp-content\/uploads\/2019\/04\/2-flow-reduce-1.png\"\/><\/div><\/div><\/div>\n\n\n\n<div id=\"section-g3a4b1b\" class=\"wp-block-gutentor-e6 section-g3a4b1b gutentor-element gutentor-element-image wow slideInRight text-align-center-desktop\" data-wow-animation=\"slideInRight\" data-wow-delay=\"2s\"><div class=\"gutentor-element-image-box\"><div class=\"gutentor-image-thumb\"><img decoding=\"async\" class=\"normal-image\" src=\"https:\/\/www.nashgroup.com\/wp-content\/uploads\/2019\/04\/3-flow-balance-1.png\"\/><\/div><\/div><\/div>\n\n\n\n<div id=\"section-ga0e0a4\" class=\"wp-block-gutentor-e6 section-ga0e0a4 gutentor-element gutentor-element-image wow slideInRight text-align-center-desktop\" data-wow-animation=\"slideInRight\" data-wow-delay=\"3s\"><div class=\"gutentor-element-image-box\"><div class=\"gutentor-image-thumb\"><img decoding=\"async\" class=\"normal-image\" src=\"https:\/\/www.nashgroup.com\/wp-content\/uploads\/2019\/04\/4-flow-lower-1.png\"\/><\/div><\/div><\/div>\n\n\n\n<div id=\"section-g010808\" class=\"wp-block-gutentor-e6 section-g010808 gutentor-element gutentor-element-image wow slideInRight text-align-center-desktop\" data-wow-animation=\"slideInRight\" data-wow-delay=\"4s\"><div class=\"gutentor-element-image-box\"><div class=\"gutentor-image-thumb\"><img decoding=\"async\" class=\"normal-image\" src=\"https:\/\/www.nashgroup.com\/wp-content\/uploads\/2019\/04\/5-flow-reinvest-1.png\"\/><\/div><\/div><\/div>\n<\/div>\n<\/div>\n","protected":false},"excerpt":{"rendered":"<p>Inteligencia empresarial que mejora las operaciones y aumenta el rendimiento financiero. The Nash Group asesora a hospitales de todo el pa\u00eds para mejorar las operaciones y aumentar el rendimiento financiero &#8230;<\/p>\n","protected":false},"author":1,"featured_media":0,"parent":0,"menu_order":0,"comment_status":"closed","ping_status":"closed","template":"","meta":{"footnotes":""},"class_list":["post-13914","page","type-page","status-publish","hentry"],"_links":{"self":[{"href":"https:\/\/www.nashgroup.com\/es\/wp-json\/wp\/v2\/pages\/13914","targetHints":{"allow":["GET"]}}],"collection":[{"href":"https:\/\/www.nashgroup.com\/es\/wp-json\/wp\/v2\/pages"}],"about":[{"href":"https:\/\/www.nashgroup.com\/es\/wp-json\/wp\/v2\/types\/page"}],"author":[{"embeddable":true,"href":"https:\/\/www.nashgroup.com\/es\/wp-json\/wp\/v2\/users\/1"}],"replies":[{"embeddable":true,"href":"https:\/\/www.nashgroup.com\/es\/wp-json\/wp\/v2\/comments?post=13914"}],"version-history":[{"count":2,"href":"https:\/\/www.nashgroup.com\/es\/wp-json\/wp\/v2\/pages\/13914\/revisions"}],"predecessor-version":[{"id":15183,"href":"https:\/\/www.nashgroup.com\/es\/wp-json\/wp\/v2\/pages\/13914\/revisions\/15183"}],"wp:attachment":[{"href":"https:\/\/www.nashgroup.com\/es\/wp-json\/wp\/v2\/media?parent=13914"}],"curies":[{"name":"wp","href":"https:\/\/api.w.org\/{rel}","templated":true}]}}