{"id":13918,"date":"2022-07-19T10:28:44","date_gmt":"2022-07-19T15:28:44","guid":{"rendered":"https:\/\/www.nashgroup.com\/webinars-clientes\/"},"modified":"2022-08-13T19:01:35","modified_gmt":"2022-08-14T00:01:35","slug":"webinars-clientes","status":"publish","type":"page","link":"https:\/\/www.nashgroup.com\/es\/webinars-clientes\/","title":{"rendered":"webinars-clientes"},"content":{"rendered":"\n<h2 class=\"wp-block-heading\">Seminarios web<\/h2>\n\n<div class=\"wp-block-columns is-layout-flex wp-container-core-columns-is-layout-9d6595d7 wp-block-columns-is-layout-flex\">\n<div class=\"wp-block-column is-layout-flow wp-block-column-is-layout-flow\" style=\"flex-basis:33.33%\">\n<div id=\"section-gff81ec\" class=\"wp-block-gutentor-e2 section-gff81ec gutentor-element gutentor-element-button button-align-center-desktop\"><span class=\"gutentor-button-wrap\"><a class=\"gutentor-button gutentor-block-button gutentor-icon-hide\" href=\"https:\/\/www.nashgroup.com\/es\/biblioteca\/\"><i class=\"gutentor-button-icon fas fa-book\"><\/i><span>Consulte la biblioteca de grabaciones<\/span><\/a><\/span><\/div>\n<\/div>\n\n\n\n<div class=\"wp-block-column is-layout-flow wp-block-column-is-layout-flow\" style=\"flex-basis:66.66%\">\n<h3 class=\"has-text-align-center has-text-color wp-block-heading\" style=\"color:#3c4774\">Nash Analytics\u2122 &#8211; Generar o validar un presupuesto<\/h3>\n\n\n\n<p>El nuevo a\u00f1o fiscal est\u00e1 a la vuelta de la esquina. Elimine las conjeturas de los presupuestos y agilice el proceso con Nash Analytics\u2122. Cree un presupuesto completo, incluyendo los ETC productivos y no productivos y los d\u00f3lares, con unos sencillos pasos.<\/p>\n<\/div>\n<\/div>\n\n<div class=\"wp-block-columns is-layout-flex wp-container-core-columns-is-layout-9d6595d7 wp-block-columns-is-layout-flex\">\n<div class=\"wp-block-column is-layout-flow wp-block-column-is-layout-flow\" style=\"flex-basis:33.33%\">\n<div id=\"section-g2abec1\" class=\"wp-block-gutentor-e2 section-g2abec1 gutentor-element gutentor-element-button button-align-center-desktop\"><span class=\"gutentor-button-wrap\"><a class=\"gutentor-button gutentor-block-button gutentor-icon-hide\" href=\"https:\/\/www.nashgroup.com\/es\/biblioteca\/\"><i class=\"gutentor-button-icon fas fa-book\"><\/i><span>Consulte la biblioteca de grabaciones<\/span><\/a><\/span><\/div>\n<\/div>\n\n\n\n<div class=\"wp-block-column is-layout-flow wp-block-column-is-layout-flow\" style=\"flex-basis:66.66%\">\n<h3 class=\"has-text-align-center has-text-color wp-block-heading\" style=\"color:#3c4774\">Nash Analytics\u2122: supervisa el cumplimiento de la plantilla y eval\u00faa las modificaciones de la misma en funci\u00f3n de la agudeza<\/h3>\n\n\n\n<p>\u00bfSu organizaci\u00f3n utiliza el plan de dotaci\u00f3n de personal correcto en funci\u00f3n de la gravedad de los pacientes? Supervise la capacidad de su unidad para cumplir con el plan de dotaci\u00f3n de personal y eval\u00fae si es necesario realizar modificaciones en funci\u00f3n de la agudeza de los pacientes utilizando el Nash Analytics\u2122. Mantenga la seguridad del paciente y la calidad de la atenci\u00f3n garantizando que el personal adecuado est\u00e9 en la unidad para su tipo de paciente en el momento adecuado.<\/p>\n<\/div>\n<\/div>\n\n<div class=\"wp-block-columns is-layout-flex wp-container-core-columns-is-layout-9d6595d7 wp-block-columns-is-layout-flex\">\n<div class=\"wp-block-column is-layout-flow wp-block-column-is-layout-flow\" style=\"flex-basis:33.33%\">\n<div id=\"section-gb4425b\" class=\"wp-block-gutentor-e2 section-gb4425b gutentor-element gutentor-element-button button-align-center-desktop\"><span class=\"gutentor-button-wrap\"><a class=\"gutentor-button gutentor-block-button gutentor-icon-hide\" href=\"https:\/\/www.nashgroup.com\/es\/biblioteca\/\"><i class=\"gutentor-button-icon fas fa-book\"><\/i><span>Consulte la biblioteca de grabaciones<\/span><\/a><\/span><\/div>\n<\/div>\n\n\n\n<div class=\"wp-block-column is-layout-flow wp-block-column-is-layout-flow\" style=\"flex-basis:66.66%\">\n<h3 class=\"has-text-align-center has-text-color wp-block-heading\" style=\"color:#3c4774\">Nash Analytics\u2122 &#8211; Panel de control<\/h3>\n\n\n\n<p>\u00bfQuiere tener una visi\u00f3n general de las operaciones de su organizaci\u00f3n sin tener que revisar m\u00faltiples informes? No busques m\u00e1s. El panel de control de Nash Analytics\u2122 proporciona acceso al cumplimiento de la dotaci\u00f3n de personal de cada unidad, al censo de la unidad, a la utilizaci\u00f3n de las ni\u00f1eras y a las cargas de trabajo en un \u00fanico informe.<\/p>\n<\/div>\n<\/div>\n","protected":false},"excerpt":{"rendered":"<p>Seminarios web Nash Analytics\u2122 &#8211; Generar o validar un presupuesto El nuevo a\u00f1o fiscal est\u00e1 a la vuelta de la esquina. Elimine las conjeturas de los presupuestos y agilice el &#8230;<\/p>\n","protected":false},"author":1,"featured_media":0,"parent":0,"menu_order":0,"comment_status":"closed","ping_status":"closed","template":"","meta":{"footnotes":""},"class_list":["post-13918","page","type-page","status-publish","hentry"],"_links":{"self":[{"href":"https:\/\/www.nashgroup.com\/es\/wp-json\/wp\/v2\/pages\/13918","targetHints":{"allow":["GET"]}}],"collection":[{"href":"https:\/\/www.nashgroup.com\/es\/wp-json\/wp\/v2\/pages"}],"about":[{"href":"https:\/\/www.nashgroup.com\/es\/wp-json\/wp\/v2\/types\/page"}],"author":[{"embeddable":true,"href":"https:\/\/www.nashgroup.com\/es\/wp-json\/wp\/v2\/users\/1"}],"replies":[{"embeddable":true,"href":"https:\/\/www.nashgroup.com\/es\/wp-json\/wp\/v2\/comments?post=13918"}],"version-history":[{"count":1,"href":"https:\/\/www.nashgroup.com\/es\/wp-json\/wp\/v2\/pages\/13918\/revisions"}],"predecessor-version":[{"id":13919,"href":"https:\/\/www.nashgroup.com\/es\/wp-json\/wp\/v2\/pages\/13918\/revisions\/13919"}],"wp:attachment":[{"href":"https:\/\/www.nashgroup.com\/es\/wp-json\/wp\/v2\/media?parent=13918"}],"curies":[{"name":"wp","href":"https:\/\/api.w.org\/{rel}","templated":true}]}}