{"id":13934,"date":"2022-07-18T13:54:29","date_gmt":"2022-07-18T18:54:29","guid":{"rendered":"https:\/\/www.nashgroup.com\/resumen-de-productos\/"},"modified":"2022-11-09T13:04:48","modified_gmt":"2022-11-09T19:04:48","slug":"resumen-de-productos","status":"publish","type":"page","link":"https:\/\/www.nashgroup.com\/es\/resumen-de-productos\/","title":{"rendered":"Resumen de productos"},"content":{"rendered":"\n<h2 class=\"has-text-align-center has-text-color wp-block-heading\" style=\"color:#3c4774\">Inteligencia empresarial que mejora las operaciones y aumenta el rendimiento financiero.<\/h2>\n\n<p>The Nash Group asesora a hospitales y organizaciones hospitalarias  de todo el pa\u00eds sobre c\u00f3mo alcanzar estrategias empresariales, avanzar en las operaciones de prestaci\u00f3n de cuidados y mejorar los resultados financieros. Nash ofrece una amplia cartera de metodolog\u00edas innovadoras y reconocidas a nivel nacional en las siguientes \u00e1reas. Haga clic en cada oferta de servicio para saber m\u00e1s sobre lo que ofrecemos.<\/p>\n\n<section id=\"gm33ee55c\" class=\"wp-block-gutentor-m4 section-gm33ee55c gutentor-module gutentor-advanced-columns\"><div class=\"grid-container\"><div class=\"grid-row\">\n<div id=\"col-gmc3ee9a\" class=\"wp-block-gutentor-m4-col col-gmc3ee9a gutentor-single-column  grid-lg-4 grid-md-12 grid-12\"><div id=\"section-gmc3ee9a\" class=\"section-gmc3ee9a gutentor-col-wrap\">\n<h3 class=\"has-text-align-center has-text-color wp-block-heading\" style=\"color:#f56e47\">Servicios de hospitalizaci\u00f3n<\/h3>\n\n\n\n<ul class=\"wp-block-list\"><li>Planes de personal y cargas de trabajo<\/li><li>Gesti\u00f3n de casos<\/li><li>SDM20\/20\u2122<ul><li>Colocaci\u00f3n y agregaci\u00f3n<\/li><li>EcoSize\u2122<\/li><li>TQS\u2122 (programaci\u00f3n del cuartil superior)<\/li><li>ADTFM\u2122<\/li><li>Planes de personal y cargas de trabajo<\/li><\/ul><\/li><\/ul>\n\n\n<div id=\"section-g75c69f\" class=\"wp-block-gutentor-e2 alignwide section-g75c69f gutentor-element gutentor-element-button button-align-center-desktop\"><span class=\"gutentor-button-wrap\"><a class=\"gutentor-button gutentor-block-button gutentor-icon-hide\" href=\"https:\/\/www.nashgroup.com\/es\/servicios-de-hospitalizacion\/\"><i class=\"gutentor-button-icon fas fa-book\"><\/i><span>M\u00e1s informaci\u00f3n<\/span><\/a><\/span><\/div>\n<\/div><\/div>\n\n\n\n<div id=\"col-gm169d4b\" class=\"wp-block-gutentor-m4-col col-gm169d4b gutentor-single-column  grid-lg-4 grid-md-12 grid-12\"><div id=\"section-gm169d4b\" class=\"section-gm169d4b gutentor-col-wrap\">\n<h3 class=\"has-text-align-center has-text-color wp-block-heading\" style=\"color:#f56e47\">Servicios de emergencia<\/h3>\n\n\n\n<ul class=\"wp-block-list\"><li>Primer contacto ED\u2122<\/li><li>Asignaci\u00f3n \u00f3ptima de la mano de obra a la demanda de servicios y a la carga de trabajo del personal<\/li><li>Apoyo a la integraci\u00f3n<\/li><li>TQS\u2122 (programaci\u00f3n del cuartil superior)<\/li><\/ul>\n\n\n<div id=\"section-g4a8063\" class=\"wp-block-gutentor-e2 alignwide section-g4a8063 gutentor-element gutentor-element-button button-align-center-desktop\"><span class=\"gutentor-button-wrap\"><a class=\"gutentor-button gutentor-block-button gutentor-icon-hide\" href=\"https:\/\/www.nashgroup.com\/es\/servicios-de-emergencia\/\"><i class=\"gutentor-button-icon fas fa-book\"><\/i><span>M\u00e1s informaci\u00f3n<\/span><\/a><\/span><\/div>\n<\/div><\/div>\n\n\n\n<div id=\"col-gmc21180\" class=\"wp-block-gutentor-m4-col col-gmc21180 gutentor-single-column  grid-lg-4 grid-md-12 grid-12\"><div id=\"section-gmc21180\" class=\"section-gmc21180 gutentor-col-wrap\">\n<h3 class=\"has-text-align-center has-text-color wp-block-heading\" style=\"color:#f56e47\">Servicios Ambulatorios y Auxiliares<\/h3>\n\n\n\n<ul class=\"wp-block-list\"><li>Asignaci\u00f3n \u00f3ptima de la mano de obra a la demanda de servicios y a la carga de trabajo del personal<\/li><li>Despliegue o centralizaci\u00f3n de servicios<\/li><li>Modalidades de servicio de proceso m\u00e1s corto, prioridad y round-robin<\/li><li>TQS\u2122 (programaci\u00f3n del cuartil superior)<\/li><\/ul>\n\n\n<div id=\"section-gf080f4\" class=\"wp-block-gutentor-e2 alignwide section-gf080f4 gutentor-element gutentor-element-button button-align-center-desktop\"><span class=\"gutentor-button-wrap\"><a class=\"gutentor-button gutentor-block-button gutentor-icon-hide\" href=\"https:\/\/www.nashgroup.com\/es\/servicios-ambulatorios-y-auxiliares\/\"><i class=\"gutentor-button-icon fas fa-book\"><\/i><span>M\u00e1s informaci\u00f3n<\/span><\/a><\/span><\/div>\n<\/div><\/div>\n<\/div><\/div><\/section>\n","protected":false},"excerpt":{"rendered":"<p>Inteligencia empresarial que mejora las operaciones y aumenta el rendimiento financiero. The Nash Group asesora a hospitales y organizaciones hospitalarias de todo el pa\u00eds sobre c\u00f3mo alcanzar estrategias empresariales, avanzar &#8230;<\/p>\n","protected":false},"author":1,"featured_media":0,"parent":0,"menu_order":0,"comment_status":"closed","ping_status":"closed","template":"","meta":{"footnotes":""},"class_list":["post-13934","page","type-page","status-publish","hentry"],"_links":{"self":[{"href":"https:\/\/www.nashgroup.com\/es\/wp-json\/wp\/v2\/pages\/13934","targetHints":{"allow":["GET"]}}],"collection":[{"href":"https:\/\/www.nashgroup.com\/es\/wp-json\/wp\/v2\/pages"}],"about":[{"href":"https:\/\/www.nashgroup.com\/es\/wp-json\/wp\/v2\/types\/page"}],"author":[{"embeddable":true,"href":"https:\/\/www.nashgroup.com\/es\/wp-json\/wp\/v2\/users\/1"}],"replies":[{"embeddable":true,"href":"https:\/\/www.nashgroup.com\/es\/wp-json\/wp\/v2\/comments?post=13934"}],"version-history":[{"count":2,"href":"https:\/\/www.nashgroup.com\/es\/wp-json\/wp\/v2\/pages\/13934\/revisions"}],"predecessor-version":[{"id":15171,"href":"https:\/\/www.nashgroup.com\/es\/wp-json\/wp\/v2\/pages\/13934\/revisions\/15171"}],"wp:attachment":[{"href":"https:\/\/www.nashgroup.com\/es\/wp-json\/wp\/v2\/media?parent=13934"}],"curies":[{"name":"wp","href":"https:\/\/api.w.org\/{rel}","templated":true}]}}