{"id":13946,"date":"2022-07-19T10:22:28","date_gmt":"2022-07-19T15:22:28","guid":{"rendered":"https:\/\/www.nashgroup.com\/sdm20-20\/"},"modified":"2022-08-13T19:07:07","modified_gmt":"2022-08-14T00:07:07","slug":"sdm20-20","status":"publish","type":"page","link":"https:\/\/www.nashgroup.com\/es\/sdm20-20\/","title":{"rendered":"SDM20\/20\u2122"},"content":{"rendered":"\n<h2 class=\"wp-block-heading\">Metodolog\u00eda de pensamiento sist\u00e9mico\u2122.<\/h2>\n\n<p>Nuestra galardonada y probada &#8220;Metodolog\u00eda de pensamiento sist\u00e9mico&#8221; mejora las operaciones cl\u00ednicas reduciendo el impacto de las fluctuaciones de la actividad y protegiendo al mismo tiempo los planes de dotaci\u00f3n de personal, la agregaci\u00f3n cl\u00ednica y las cargas de trabajo. SDM 20\/20 emplea dos estrategias que, juntas, permiten que una organizaci\u00f3n funcione en un modo estable, sin crisis, que es extremadamente eficaz y eficiente. Empleamos un modo de &#8220;planificaci\u00f3n del 90%&#8221;, es decir, el 90% de nuestro esfuerzo est\u00e1 destinado a analizar su situaci\u00f3n y crear un plan personalizado que cubra casi todas las situaciones a las que se enfrenta a diario, y cada hora. Esta planificaci\u00f3n avanzada representa un cambio dr\u00e1stico con respecto a las actuales operaciones diarias de crisis, que en realidad consisten en un 10% de planificaci\u00f3n.<\/p>\n\n<p>Las dos estrategias que representan la columna vertebral de SDM 20\/20 son:<\/p>\n\n<h3 class=\"wp-block-heading\">1. Dimensionamiento econ\u00f3mico<\/h3>\n\n<p>Determinar las necesidades de personal bas\u00e1ndose en el censo diario medio (CDA) no puede funcionar, nunca. Esto se debe a que cada organizaci\u00f3n sanitaria es diferente en cuanto a los servicios que presta, el flujo de pacientes que atiende y el programa diario que resulta cuando la programaci\u00f3n de los servicios se combina con el flujo de pacientes. Si una organizaci\u00f3n trabaja a partir de promedios b\u00e1sicos, estar\u00e1 terriblemente falto de personal durante los periodos de alta actividad, y terriblemente sobrado de personal durante los periodos de baja actividad. Nuestra experiencia demuestra que tiene sentido analizar el patr\u00f3n que experimenta su organizaci\u00f3n y crear un plan para trabajar con ese patr\u00f3n.<\/p>\n\n<p>El dimensionamiento econ\u00f3mico permite a los hospitales funcionar con equipos asistenciales completos. Estos equipos de atenci\u00f3n son identificados por sus l\u00edderes de enfermer\u00eda, no por un &#8220;punto de referencia&#8221;, por lo que puede estar seguro de que est\u00e1 empleando el personal adecuado para los servicios y los pacientes que espera. Desde el proceso de admisi\u00f3n, los pacientes son asignados a las unidades que tienen la experiencia cl\u00ednica para atenderlos. El proceso de colocaci\u00f3n reordena la admisi\u00f3n y las altas para que se produzcan a un nivel coherente. Esto evita que las unidades se vean sobrecargadas de ingresos y favorece la descompresi\u00f3n de los ingresos en urgencias. Las unidades experimentan un alto nivel de productividad, y su personal puede tener m\u00e1s confianza en los horarios que proporciona.<\/p>\n\n<h3 class=\"wp-block-heading\">2. TQS<\/h3>\n\n<p>Top Quartile Scheduling garantiza que los horarios de las unidades est\u00e9n bien preparados para atender a los pacientes. Estar bien preparado significa que los horarios est\u00e1n &#8220;cableados&#8221; para incorporar tanto las demandas diarias de personal como el personal necesario para proporcionar orientaci\u00f3n, educaci\u00f3n, LOAs, ausentismo y demandas de ni\u00f1eras. Esta estrategia permite que las unidades funcionen bien preparadas, con un sueldo justo y con la combinaci\u00f3n adecuada de personal a tiempo completo y a tiempo parcial. Los recursos humanos son capaces de emplear la estrategia de &#8220;planificaci\u00f3n del 90%&#8221; para abordar r\u00e1pidamente las vacantes.<\/p>\n","protected":false},"excerpt":{"rendered":"<p>Metodolog\u00eda de pensamiento sist\u00e9mico\u2122. Nuestra galardonada y probada &#8220;Metodolog\u00eda de pensamiento sist\u00e9mico&#8221; mejora las operaciones cl\u00ednicas reduciendo el impacto de las fluctuaciones de la actividad y protegiendo al mismo tiempo &#8230;<\/p>\n","protected":false},"author":1,"featured_media":0,"parent":0,"menu_order":0,"comment_status":"closed","ping_status":"closed","template":"","meta":{"footnotes":""},"class_list":["post-13946","page","type-page","status-publish","hentry"],"_links":{"self":[{"href":"https:\/\/www.nashgroup.com\/es\/wp-json\/wp\/v2\/pages\/13946","targetHints":{"allow":["GET"]}}],"collection":[{"href":"https:\/\/www.nashgroup.com\/es\/wp-json\/wp\/v2\/pages"}],"about":[{"href":"https:\/\/www.nashgroup.com\/es\/wp-json\/wp\/v2\/types\/page"}],"author":[{"embeddable":true,"href":"https:\/\/www.nashgroup.com\/es\/wp-json\/wp\/v2\/users\/1"}],"replies":[{"embeddable":true,"href":"https:\/\/www.nashgroup.com\/es\/wp-json\/wp\/v2\/comments?post=13946"}],"version-history":[{"count":1,"href":"https:\/\/www.nashgroup.com\/es\/wp-json\/wp\/v2\/pages\/13946\/revisions"}],"predecessor-version":[{"id":13947,"href":"https:\/\/www.nashgroup.com\/es\/wp-json\/wp\/v2\/pages\/13946\/revisions\/13947"}],"wp:attachment":[{"href":"https:\/\/www.nashgroup.com\/es\/wp-json\/wp\/v2\/media?parent=13946"}],"curies":[{"name":"wp","href":"https:\/\/api.w.org\/{rel}","templated":true}]}}