{"id":13950,"date":"2022-07-19T10:50:35","date_gmt":"2022-07-19T15:50:35","guid":{"rendered":"https:\/\/www.nashgroup.com\/medios-de-comunicacion-social\/"},"modified":"2022-08-13T19:09:10","modified_gmt":"2022-08-14T00:09:10","slug":"medios-de-comunicacion-social","status":"publish","type":"page","link":"https:\/\/www.nashgroup.com\/es\/medios-de-comunicacion-social\/","title":{"rendered":"Medios de comunicaci\u00f3n social"},"content":{"rendered":"\n<h2 class=\"has-text-color wp-block-heading\" style=\"color:#3c4774\">Compartir el conocimiento<\/h2>\n\n<p>Cada a\u00f1o, invertimos miles de horas en investigaci\u00f3n para desarrollar metodolog\u00edas ense\u00f1ables y ejecutables y an\u00e1lisis procesables. Compartimos continuamente nuestros conocimientos organizando una amplia variedad de eventos en vivo y en la web sobre temas de importancia cr\u00edtica para los l\u00edderes sanitarios y los gestores cl\u00ednicos, operativos y financieros.<\/p>\n\n<p>Los enlaces que aparecen a continuaci\u00f3n le llevar\u00e1n a diversos lugares en los que nuestros conocimientos y experiencias pueden fusionarse con las opiniones de otros profesionales para que todos se beneficien.<\/p>\n\n<div class=\"wp-block-columns is-layout-flex wp-container-core-columns-is-layout-9d6595d7 wp-block-columns-is-layout-flex\">\n<div class=\"wp-block-column is-layout-flow wp-block-column-is-layout-flow\">\n<figure class=\"wp-block-image size-full\"><a href=\"https:\/\/www.facebook.com\/TheNashGroup\/\"><img loading=\"lazy\" decoding=\"async\" width=\"119\" height=\"37\" src=\"https:\/\/www.nashgroup.com\/wp-content\/uploads\/2019\/04\/social-page-facebook.png\" alt=\"\" class=\"wp-image-12120\"\/><\/a><\/figure><\/div>\n\n\n\n<div class=\"wp-block-column is-layout-flow wp-block-column-is-layout-flow\">\n<figure class=\"wp-block-image size-full\"><a href=\"https:\/\/www.linkedin.com\/company\/the-nash-group_3\/\"><img loading=\"lazy\" decoding=\"async\" width=\"130\" height=\"37\" src=\"https:\/\/www.nashgroup.com\/wp-content\/uploads\/2019\/04\/social-page-linkedin.png\" alt=\"\" class=\"wp-image-12119\"\/><\/a><\/figure><\/div>\n\n\n\n<div class=\"wp-block-column is-layout-flow wp-block-column-is-layout-flow\">\n<figure class=\"wp-block-image size-full\"><a href=\"https:\/\/vimeo.com\/user64529916\"><img loading=\"lazy\" decoding=\"async\" width=\"130\" height=\"37\" src=\"https:\/\/www.nashgroup.com\/wp-content\/uploads\/2019\/04\/social-page-vimeo.png\" alt=\"\" class=\"wp-image-12126\"\/><\/a><\/figure><\/div>\n<\/div>\n","protected":false},"excerpt":{"rendered":"<p>Compartir el conocimiento Cada a\u00f1o, invertimos miles de horas en investigaci\u00f3n para desarrollar metodolog\u00edas ense\u00f1ables y ejecutables y an\u00e1lisis procesables. Compartimos continuamente nuestros conocimientos organizando una amplia variedad de eventos &#8230;<\/p>\n","protected":false},"author":1,"featured_media":0,"parent":0,"menu_order":0,"comment_status":"closed","ping_status":"closed","template":"","meta":{"footnotes":""},"class_list":["post-13950","page","type-page","status-publish","hentry"],"_links":{"self":[{"href":"https:\/\/www.nashgroup.com\/es\/wp-json\/wp\/v2\/pages\/13950","targetHints":{"allow":["GET"]}}],"collection":[{"href":"https:\/\/www.nashgroup.com\/es\/wp-json\/wp\/v2\/pages"}],"about":[{"href":"https:\/\/www.nashgroup.com\/es\/wp-json\/wp\/v2\/types\/page"}],"author":[{"embeddable":true,"href":"https:\/\/www.nashgroup.com\/es\/wp-json\/wp\/v2\/users\/1"}],"replies":[{"embeddable":true,"href":"https:\/\/www.nashgroup.com\/es\/wp-json\/wp\/v2\/comments?post=13950"}],"version-history":[{"count":1,"href":"https:\/\/www.nashgroup.com\/es\/wp-json\/wp\/v2\/pages\/13950\/revisions"}],"predecessor-version":[{"id":13951,"href":"https:\/\/www.nashgroup.com\/es\/wp-json\/wp\/v2\/pages\/13950\/revisions\/13951"}],"wp:attachment":[{"href":"https:\/\/www.nashgroup.com\/es\/wp-json\/wp\/v2\/media?parent=13950"}],"curies":[{"name":"wp","href":"https:\/\/api.w.org\/{rel}","templated":true}]}}