{"id":13958,"date":"2018-09-28T21:56:56","date_gmt":"2018-09-29T02:56:56","guid":{"rendered":"https:\/\/www.nashgroup.com\/testimonios\/"},"modified":"2022-08-13T19:11:08","modified_gmt":"2022-08-14T00:11:08","slug":"testimonios","status":"publish","type":"page","link":"https:\/\/www.nashgroup.com\/es\/testimonios\/","title":{"rendered":"Testimonios"},"content":{"rendered":"\n<h2 class=\"has-text-color wp-block-heading\" style=\"color:#3c4774\">Testimonios<\/h2>\n\n<section id=\"section-f7329125-ecbe-4c8f-9aae-60895cd824c8\" class=\"wp-block-gutentor-team gutentor-section gutentor-team team-template1\"><div class=\"grid-container\"><div class=\"gutentor-block-header\"><div class=\"gutentor-section-title text-center\"><h1 class=\"gutentor-title\"><\/h1><\/div><\/div><div class=\"grid-row gutentor-grid-item-wrap\"><div class=\"gutentor-grid-column grid-lg-4 grid-md-4 grid-12\"><div class=\"gutentor-single-item gutentor-image team-template1 gutentor-single-item-0\"><div class=\"gutentor-template-wrapper\"><div class=\"gutentor-single-item-image-box\"><div class=\"gutentor-image-thumb\"><img loading=\"lazy\" decoding=\"async\" class=\"normal-image\" src=\"https:\/\/www.nashgroup.com\/wp-content\/uploads\/2018\/09\/ohio.png\" alt=\"\" height=\"327\" width=\"327\"><\/div><\/div><div class=\"gutentor-single-item-content\"><h3 class=\"gutentor-single-item-title\"><a href=\"https:\/\/www.nashgroup.com\/testimonials\/beverly-j-schrickel\/\">Beverly J. Schrickel, RN<\/a><\/h3><p class=\"gutentor-single-item-designation\"><em>Firelands Regional Medical Center \/ Vicepresidente de Operaciones Cl\u00ednicas y Jefe de Enfermer\u00eda<\/em><\/p><p class=\"gutentor-single-item-desc\">&#8220;En mi funci\u00f3n de CNO reconozco el papel fundamental que desempe\u00f1an nuestras enfermeras l\u00edderes. Les apasiona cumplir nuestros objetivos cl\u00ednicos y comprenden sus responsabilidades tanto cl\u00ednicas como financieras.<\/p><\/div><\/div><\/div><\/div><div class=\"gutentor-grid-column grid-lg-4 grid-md-4 grid-12\"><div class=\"gutentor-single-item gutentor-image team-template1 gutentor-single-item-1\"><div class=\"gutentor-template-wrapper\"><div class=\"gutentor-single-item-image-box\"><div class=\"gutentor-image-thumb\"><img loading=\"lazy\" decoding=\"async\" class=\"normal-image\" src=\"https:\/\/www.nashgroup.com\/wp-content\/uploads\/2018\/09\/michigan.png\" alt=\"\" height=\"720\" width=\"786\"><\/div><\/div><div class=\"gutentor-single-item-content\"><h3 class=\"gutentor-single-item-title\"><a href=\"https:\/\/www.nashgroup.com\/testimonials\/pam-urbanski\/\">Pam Urbanski<\/a><\/h3><p class=\"gutentor-single-item-designation\"><em>Mercy Memorial Hospital \/ Jefa de la Oficina de Enfermer\u00eda y Vicepresidenta Senior de Servicios de Atenci\u00f3n al Paciente<\/em><\/p><p class=\"gutentor-single-item-desc\">Contratamos a Nash porque ten\u00edamos problemas para mantener el nivel de la plantilla e identificar los ETC frente a los cuerpos. Uno de nuestros retos era mantener la coherencia del equipo asistencial para que las enfermeras pudieran conocer de forma fiable la proporci\u00f3n de pacientes.<\/p><\/div><\/div><\/div><\/div><div class=\"gutentor-grid-column grid-lg-4 grid-md-4 grid-12\"><div class=\"gutentor-single-item gutentor-image team-template1 gutentor-single-item-2\"><div class=\"gutentor-template-wrapper\"><div class=\"gutentor-single-item-image-box\"><div class=\"gutentor-image-thumb\"><img loading=\"lazy\" decoding=\"async\" class=\"normal-image\" src=\"https:\/\/www.nashgroup.com\/wp-content\/uploads\/2018\/09\/michigan.png\" alt=\"\" height=\"720\" width=\"786\"><\/div><\/div><div class=\"gutentor-single-item-content\"><h3 class=\"gutentor-single-item-title\"><a href=\"https:\/\/www.nashgroup.com\/testimonials\/tom-schilling\/\">Tom Schilling<\/a><br><\/h3><p class=\"gutentor-single-item-designation\"><em>Mercy Memorial Hospital \/ Director Financiero y Vicepresidente Senior de Finanzas<\/em><\/p><p class=\"gutentor-single-item-desc\">&#8220;Llevo 35 a\u00f1os en este negocio y Nash es uno de los mejores. Los he recomendado a varios otros hospitales porque han hecho un trabajo extraordinario para nosotros. Aportan un producto probado: un sistema de programaci\u00f3n que funciona. Todav\u00eda lo utilizamos y hemos conseguido ahorrar varios millones de d\u00f3lares.<\/p><\/div><\/div><\/div><\/div><div class=\"gutentor-grid-column grid-lg-4 grid-md-4 grid-12\"><div class=\"gutentor-single-item gutentor-image team-template1 gutentor-single-item-3\"><div class=\"gutentor-template-wrapper\"><div class=\"gutentor-single-item-image-box\"><div class=\"gutentor-image-thumb\"><img loading=\"lazy\" decoding=\"async\" class=\"normal-image\" src=\"https:\/\/www.nashgroup.com\/wp-content\/uploads\/2018\/09\/NY_state.png\" alt=\"\" height=\"625\" width=\"625\"><\/div><\/div><div class=\"gutentor-single-item-content\"><h3 class=\"gutentor-single-item-title\"><a href=\"https:\/\/www.nashgroup.com\/testimonials\/nyack-hospital-nyack-n-y\/\">Carole McCue, RN, MSN, CPHQ<\/a><\/h3><p class=\"gutentor-single-item-designation\"><em>Nyack Hospital \/ Vicepresidente y Jefe de Enfermer\u00eda<\/em><\/p><p class=\"gutentor-single-item-desc\">Se han mantenido con \u00e9xito, en su mayor parte, los ratios definidos de RN por paciente en cada centro de atenci\u00f3n al paciente y se ha reducido significativamente la necesidad de realizar horas extras obligatorias<\/p><\/div><\/div><\/div><\/div><div class=\"gutentor-grid-column grid-lg-4 grid-md-4 grid-12\"><div class=\"gutentor-single-item gutentor-image team-template1 gutentor-single-item-4\"><div class=\"gutentor-template-wrapper\"><div class=\"gutentor-single-item-image-box\"><div class=\"gutentor-image-thumb\"><img loading=\"lazy\" decoding=\"async\" class=\"normal-image\" src=\"https:\/\/www.nashgroup.com\/wp-content\/uploads\/2018\/09\/ohio.png\" alt=\"\" height=\"327\" width=\"327\"><\/div><\/div><div class=\"gutentor-single-item-content\"><h3 class=\"gutentor-single-item-title\"><a href=\"https:\/\/www.nashgroup.com\/testimonials\/southwest-general-in-middleburg-heights-ohio\/\">Marti Bauschka<\/a><\/h3><p class=\"gutentor-single-item-designation\"><em>Southwest General \/ Vicepresidente de Atenci\u00f3n al Paciente\/CNO<\/em><\/p><p class=\"gutentor-single-item-desc\">La experiencia fue excelente. Nash se compromete plenamente con usted y su equipo. El 100% del trabajo es presencial, lo que realmente marca una gran diferencia en este escenario. El equipo de Nash tambi\u00e9n fue capaz de involucrar eficazmente a los directores de enfermer\u00eda. Trabajaron junto a ellos.<\/p><\/div><\/div><\/div><\/div><div class=\"gutentor-grid-column grid-lg-4 grid-md-4 grid-12\"><div class=\"gutentor-single-item gutentor-image team-template1 gutentor-single-item-5\"><div class=\"gutentor-template-wrapper\"><div class=\"gutentor-single-item-image-box\"><div class=\"gutentor-image-thumb\"><img loading=\"lazy\" decoding=\"async\" class=\"normal-image\" src=\"https:\/\/www.nashgroup.com\/wp-content\/uploads\/2018\/09\/indiana.png\" alt=\"\" height=\"327\" width=\"327\"><\/div><\/div><div class=\"gutentor-single-item-content\"><h3 class=\"gutentor-single-item-title\"><a href=\"https:\/\/www.nashgroup.com\/testimonials\/reid-health-in-richmond-indiana\/\">LuAnne Christofaro , MSN, RN<\/a><\/h3><p class=\"gutentor-single-item-designation\"><em>Reid Health \/ Director Ejecutivo de Enfermer\u00eda<\/em><\/p><p class=\"gutentor-single-item-desc\">Nuestra experiencia en general fue muy buena. Nash es extremadamente atento, prestando mucha atenci\u00f3n a los detalles, gui\u00e1ndonos a trav\u00e9s de todo el proceso, a la vez que utiliza varios medios de comunicaci\u00f3n constante para mantener al equipo bien informado de todo lo que sucede.<\/p><\/div><\/div><\/div><\/div><\/div><\/div><\/section>\n","protected":false},"excerpt":{"rendered":"<p>Testimonios<\/p>\n","protected":false},"author":1,"featured_media":0,"parent":0,"menu_order":0,"comment_status":"closed","ping_status":"closed","template":"","meta":{"footnotes":""},"class_list":["post-13958","page","type-page","status-publish","hentry"],"_links":{"self":[{"href":"https:\/\/www.nashgroup.com\/es\/wp-json\/wp\/v2\/pages\/13958","targetHints":{"allow":["GET"]}}],"collection":[{"href":"https:\/\/www.nashgroup.com\/es\/wp-json\/wp\/v2\/pages"}],"about":[{"href":"https:\/\/www.nashgroup.com\/es\/wp-json\/wp\/v2\/types\/page"}],"author":[{"embeddable":true,"href":"https:\/\/www.nashgroup.com\/es\/wp-json\/wp\/v2\/users\/1"}],"replies":[{"embeddable":true,"href":"https:\/\/www.nashgroup.com\/es\/wp-json\/wp\/v2\/comments?post=13958"}],"version-history":[{"count":1,"href":"https:\/\/www.nashgroup.com\/es\/wp-json\/wp\/v2\/pages\/13958\/revisions"}],"predecessor-version":[{"id":13959,"href":"https:\/\/www.nashgroup.com\/es\/wp-json\/wp\/v2\/pages\/13958\/revisions\/13959"}],"wp:attachment":[{"href":"https:\/\/www.nashgroup.com\/es\/wp-json\/wp\/v2\/media?parent=13958"}],"curies":[{"name":"wp","href":"https:\/\/api.w.org\/{rel}","templated":true}]}}