{"id":13990,"date":"2022-07-19T10:07:30","date_gmt":"2022-07-19T15:07:30","guid":{"rendered":"https:\/\/www.nashgroup.com\/nash-analytics\/"},"modified":"2022-08-13T19:20:17","modified_gmt":"2022-08-14T00:20:17","slug":"nash-analytics","status":"publish","type":"page","link":"https:\/\/www.nashgroup.com\/es\/nash-analytics\/","title":{"rendered":"Nash Analytics"},"content":{"rendered":"\n<h2 class=\"wp-block-heading\">Nash Analytics\u2122<\/h2>\n\n<section id=\"section-b5311829-46a1-4dd2-87cd-379b29e6aa60\" class=\"wp-block-gutentor-divider section-b5311829-46a1-4dd2-87cd-379b29e6aa60 gutentor-element gutentor-section gutentor-divider text-center\"><div class=\"grid-container\"><div class=\"gutentor-divider-box\"><span><svg xmlns=\"http:\/\/www.w3.org\/2000\/svg\" viewbox=\"0 0 240 40\" preserveaspectratio=\"none\"><path d=\"M56.2 20c5.3-.1 10.6-.2 16-.3l16-.2c10.6-.1 21.3-.1 31.9-.2 10.6.1 21.3 0 31.9.1l16 .2c5.3.1 10.6.2 16 .3-5.3.1-10.6.2-16 .3l-16 .2c-10.6.1-21.3.1-31.9.1-10.6-.1-21.3 0-31.9-.2l-16-.2c-5.4.1-10.7 0-16-.1z\"><\/path><\/svg><\/span><\/div><\/div><\/section>\n\n<h2 class=\"wp-block-heading\">Haga un seguimiento del impacto del plan.<\/h2>\n\n<p>Ning\u00fan plan puede ser eficaz a lo largo del tiempo si no se supervisa. As\u00ed, mientras que nuestra consultor\u00eda SDM 20\/20 nos ayuda a analizar sus operaciones para crear un plan ef\ufb01ciente, nuestra herramienta de inteligencia empresarial, Nash Analytics\u2122, realiza un seguimiento de las operaciones en tiempo real y permite a todos seguir su \u00e9xito.<\/p>\n\n<p>Nash Analytics\u2122:<\/p>\n\n<ul class=\"wp-block-list\"><li>Controla eficazmente la actividad de la unidad<\/li><li>Mejora la colocaci\u00f3n de los pacientes, la utilizaci\u00f3n de las camas y el rendimiento<\/li><li>Dise\u00f1a, cotiza y supervisa los planes de staf\ufb01ng y los niveles de carga de trabajo (agudeza)<\/li><li>Revisa y mejora el rendimiento \ufb01nanciero, los presupuestos estacionales y la mano de obra de primera calidad<\/li><\/ul>","protected":false},"excerpt":{"rendered":"<p>Nash Analytics\u2122 Haga un seguimiento del impacto del plan. Ning\u00fan plan puede ser eficaz a lo largo del tiempo si no se supervisa. As\u00ed, mientras que nuestra consultor\u00eda SDM 20\/20 &#8230;<\/p>\n","protected":false},"author":1,"featured_media":0,"parent":0,"menu_order":0,"comment_status":"closed","ping_status":"closed","template":"","meta":{"footnotes":""},"class_list":["post-13990","page","type-page","status-publish","hentry"],"_links":{"self":[{"href":"https:\/\/www.nashgroup.com\/es\/wp-json\/wp\/v2\/pages\/13990","targetHints":{"allow":["GET"]}}],"collection":[{"href":"https:\/\/www.nashgroup.com\/es\/wp-json\/wp\/v2\/pages"}],"about":[{"href":"https:\/\/www.nashgroup.com\/es\/wp-json\/wp\/v2\/types\/page"}],"author":[{"embeddable":true,"href":"https:\/\/www.nashgroup.com\/es\/wp-json\/wp\/v2\/users\/1"}],"replies":[{"embeddable":true,"href":"https:\/\/www.nashgroup.com\/es\/wp-json\/wp\/v2\/comments?post=13990"}],"version-history":[{"count":1,"href":"https:\/\/www.nashgroup.com\/es\/wp-json\/wp\/v2\/pages\/13990\/revisions"}],"predecessor-version":[{"id":13991,"href":"https:\/\/www.nashgroup.com\/es\/wp-json\/wp\/v2\/pages\/13990\/revisions\/13991"}],"wp:attachment":[{"href":"https:\/\/www.nashgroup.com\/es\/wp-json\/wp\/v2\/media?parent=13990"}],"curies":[{"name":"wp","href":"https:\/\/api.w.org\/{rel}","templated":true}]}}