{"id":13994,"date":"2022-07-19T09:59:09","date_gmt":"2022-07-19T14:59:09","guid":{"rendered":"https:\/\/www.nashgroup.com\/analisis-de-la-carga-de-trabajo-de-nash\/"},"modified":"2022-08-13T19:20:50","modified_gmt":"2022-08-14T00:20:50","slug":"analisis-de-la-carga-de-trabajo-de-nash","status":"publish","type":"page","link":"https:\/\/www.nashgroup.com\/es\/analisis-de-la-carga-de-trabajo-de-nash\/","title":{"rendered":"An\u00e1lisis de la carga de trabajo de Nash"},"content":{"rendered":"\n<h2 class=\"has-text-color wp-block-heading\" style=\"color:#3c4774\">Informe de an\u00e1lisis de la carga de trabajo de Nash<\/h2>\n\n<h3 class=\"has-text-color wp-block-heading\" style=\"color:#f56e47\">Gracias por su inter\u00e9s.<\/h3>\n\n<h3 class=\"wp-block-heading\">Este completo informe, que representa a m\u00e1s de 1.300 unidades de hospitalizaci\u00f3n de todo el pa\u00eds, ser\u00e1 una valiosa referencia para sus operaciones cl\u00ednicas.<\/h3>\n\n<div id=\"section-g9e9641\" class=\"wp-block-gutentor-e2 section-g9e9641 gutentor-element gutentor-element-button button-align-center-desktop\"><span class=\"gutentor-button-wrap\"><a class=\"gutentor-button gutentor-block-button gutentor-icon-hide\" href=\"https:\/\/www.nashgroup.com\/wp-content\/uploads\/2019\/05\/V13_TheNashGroup_StaffWorkloadAnalysis.pdf\"><i class=\"gutentor-button-icon fas fa-book\"><\/i><span>Descargar el an\u00e1lisis de la carga de trabajo de los pacientes<\/span><\/a><\/span><\/div>\n","protected":false},"excerpt":{"rendered":"<p>Informe de an\u00e1lisis de la carga de trabajo de Nash Gracias por su inter\u00e9s. Este completo informe, que representa a m\u00e1s de 1.300 unidades de hospitalizaci\u00f3n de todo el pa\u00eds, &#8230;<\/p>\n","protected":false},"author":1,"featured_media":0,"parent":0,"menu_order":0,"comment_status":"closed","ping_status":"closed","template":"","meta":{"footnotes":""},"class_list":["post-13994","page","type-page","status-publish","hentry"],"_links":{"self":[{"href":"https:\/\/www.nashgroup.com\/es\/wp-json\/wp\/v2\/pages\/13994","targetHints":{"allow":["GET"]}}],"collection":[{"href":"https:\/\/www.nashgroup.com\/es\/wp-json\/wp\/v2\/pages"}],"about":[{"href":"https:\/\/www.nashgroup.com\/es\/wp-json\/wp\/v2\/types\/page"}],"author":[{"embeddable":true,"href":"https:\/\/www.nashgroup.com\/es\/wp-json\/wp\/v2\/users\/1"}],"replies":[{"embeddable":true,"href":"https:\/\/www.nashgroup.com\/es\/wp-json\/wp\/v2\/comments?post=13994"}],"version-history":[{"count":1,"href":"https:\/\/www.nashgroup.com\/es\/wp-json\/wp\/v2\/pages\/13994\/revisions"}],"predecessor-version":[{"id":13995,"href":"https:\/\/www.nashgroup.com\/es\/wp-json\/wp\/v2\/pages\/13994\/revisions\/13995"}],"wp:attachment":[{"href":"https:\/\/www.nashgroup.com\/es\/wp-json\/wp\/v2\/media?parent=13994"}],"curies":[{"name":"wp","href":"https:\/\/api.w.org\/{rel}","templated":true}]}}