{"id":14019,"date":"2022-07-18T14:57:53","date_gmt":"2022-07-18T19:57:53","guid":{"rendered":"https:\/\/www.nashgroup.com\/servicios-ambulatorios-y-auxiliares\/"},"modified":"2022-11-09T13:34:52","modified_gmt":"2022-11-09T19:34:52","slug":"servicios-ambulatorios-y-auxiliares","status":"publish","type":"page","link":"https:\/\/www.nashgroup.com\/es\/servicios-ambulatorios-y-auxiliares\/","title":{"rendered":"Servicios Ambulatorios y Auxiliares"},"content":{"rendered":"\n<h1 class=\"has-text-color wp-block-heading\" style=\"color:#3c4774\">Atenci\u00f3n ambulatoria<\/h1>\n\n<p>Los Centros de Diagn\u00f3stico y Tratamiento de hoy en d\u00eda son la primera l\u00ednea de atenci\u00f3n, cubriendo un amplio espectro de servicios que deben ser inclusivos, convenientes, rentables y eficientes. Nuestras metodolog\u00edas proporcionan una estrategia completa para el uso eficaz de todos los recursos con el fin de prestar la atenci\u00f3n adecuada en el momento oportuno y con un coste global menor.<\/p>\n\n<div class=\"wp-block-columns is-layout-flex wp-container-core-columns-is-layout-9d6595d7 wp-block-columns-is-layout-flex\">\n<div class=\"wp-block-column has-very-light-gray-to-cyan-bluish-gray-gradient-background has-background is-layout-flow wp-block-column-is-layout-flow\">\n<h3 class=\"has-text-color wp-block-heading\" style=\"color:#f56e47\">Objetivos del proyecto<\/h3>\n\n\n\n<p class=\"has-black-color has-text-color\">1. Evaluar los vol\u00famenes variables de pacientes, la asignaci\u00f3n de mano de obra del personal, la capacidad y la disposici\u00f3n f\u00edsica.<\/p>\n\n\n\n<p class=\"has-black-color has-text-color\">2. Proponer mejoras de funcionamiento y programaci\u00f3n que mejoren el tiempo de espera de los pacientes, el uso de horas extras y la utilizaci\u00f3n de recursos.<\/p>\n<\/div>\n<\/div>\n\n<hr class=\"wp-block-separator has-alpha-channel-opacity\"\/>\n\n<div id=\"section-g6e2a18\" class=\"wp-block-gutentor-e6 section-g6e2a18 gutentor-element gutentor-element-image wow slideInRight text-align-center-desktop\" data-wow-animation=\"slideInRight\"><div class=\"gutentor-element-image-box\"><div class=\"gutentor-image-thumb\"><img decoding=\"async\" class=\"normal-image\" src=\"https:\/\/www.nashgroup.com\/wp-content\/uploads\/2019\/03\/TopQuartileSchedules.png\" alt=\"Horarios del cuartil superior\"><\/div><\/div><\/div>\n\n<section id=\"section-80de17b7-d78e-4b38-a328-3010917b242a\" class=\"wp-block-gutentor-divider section-80de17b7-d78e-4b38-a328-3010917b242a gutentor-element gutentor-section gutentor-divider text-center\"><div class=\"grid-container\"><div class=\"gutentor-divider-box\"><span><svg xmlns=\"http:\/\/www.w3.org\/2000\/svg\" viewbox=\"0 0 240 40\" preserveaspectratio=\"none\"><path d=\"M56.2 20c5.3-.1 10.6-.2 16-.3l16-.2c10.6-.1 21.3-.1 31.9-.2 10.6.1 21.3 0 31.9.1l16 .2c5.3.1 10.6.2 16 .3-5.3.1-10.6.2-16 .3l-16 .2c-10.6.1-21.3.1-31.9.1-10.6-.1-21.3 0-31.9-.2l-16-.2c-5.4.1-10.7 0-16-.1z\"><\/path><\/svg><\/span><\/div><\/div><\/section>\n\n<h2 class=\"has-text-color wp-block-heading\" style=\"color:#3c4774\">Otros servicios<\/h2>\n\n<p>El Grupo Nash cuenta con una amplia cartera de metodolog\u00edas innovadoras de gesti\u00f3n operativa y de personal para el sector sanitario. Tanto si se trata de cumplir con los requisitos cl\u00ednicos o financieros, de transformar los procesos operativos o de desarrollar estrategias de atenci\u00f3n, las soluciones pioneras de The Nash Group ofrecen resultados medibles.<\/p>\n\n<ul class=\"wp-block-list\"><li>Servicios de cirug\u00eda y procedimientos<\/li><li>Centros de asistencia de larga duraci\u00f3n<\/li><li>Hospitales de salud mental<\/li><li>Hospitales de acceso cr\u00edtico<\/li><li>Consultas de grupos de m\u00e9dicos<\/li><li>Servicios de apoyo: farmacia, diagn\u00f3stico por imagen, respiratorio, patolog\u00eda y laboratorio<\/li><\/ul>","protected":false},"excerpt":{"rendered":"<p>Los Centros de Diagn\u00f3stico y Tratamiento de hoy en d\u00eda son la primera l\u00ednea de atenci\u00f3n, cubriendo un amplio espectro de servicios que deben ser inclusivos, convenientes, rentables y eficientes. Nuestras metodolog\u00edas proporcionan una estrategia completa para el uso eficaz de todos los recursos con el fin de prestar la atenci\u00f3n adecuada en el momento oportuno y con un costo global menor.<\/p>\n","protected":false},"author":1,"featured_media":0,"parent":0,"menu_order":0,"comment_status":"closed","ping_status":"closed","template":"","meta":{"footnotes":""},"class_list":["post-14019","page","type-page","status-publish","hentry"],"_links":{"self":[{"href":"https:\/\/www.nashgroup.com\/es\/wp-json\/wp\/v2\/pages\/14019","targetHints":{"allow":["GET"]}}],"collection":[{"href":"https:\/\/www.nashgroup.com\/es\/wp-json\/wp\/v2\/pages"}],"about":[{"href":"https:\/\/www.nashgroup.com\/es\/wp-json\/wp\/v2\/types\/page"}],"author":[{"embeddable":true,"href":"https:\/\/www.nashgroup.com\/es\/wp-json\/wp\/v2\/users\/1"}],"replies":[{"embeddable":true,"href":"https:\/\/www.nashgroup.com\/es\/wp-json\/wp\/v2\/comments?post=14019"}],"version-history":[{"count":3,"href":"https:\/\/www.nashgroup.com\/es\/wp-json\/wp\/v2\/pages\/14019\/revisions"}],"predecessor-version":[{"id":15179,"href":"https:\/\/www.nashgroup.com\/es\/wp-json\/wp\/v2\/pages\/14019\/revisions\/15179"}],"wp:attachment":[{"href":"https:\/\/www.nashgroup.com\/es\/wp-json\/wp\/v2\/media?parent=14019"}],"curies":[{"name":"wp","href":"https:\/\/api.w.org\/{rel}","templated":true}]}}