{"id":14023,"date":"2022-07-18T14:45:20","date_gmt":"2022-07-18T19:45:20","guid":{"rendered":"https:\/\/www.nashgroup.com\/servicios-de-hospitalizacion\/"},"modified":"2022-11-09T13:33:37","modified_gmt":"2022-11-09T19:33:37","slug":"servicios-de-hospitalizacion","status":"publish","type":"page","link":"https:\/\/www.nashgroup.com\/es\/servicios-de-hospitalizacion\/","title":{"rendered":"Servicios de hospitalizaci\u00f3n"},"content":{"rendered":"\n<div class=\"wp-block-columns is-layout-flex wp-container-core-columns-is-layout-9d6595d7 wp-block-columns-is-layout-flex\">\n<div class=\"wp-block-column is-layout-flow wp-block-column-is-layout-flow\">\n<h2 class=\"has-text-align-center has-text-color wp-block-heading\" style=\"color:#3c4774\">\u00bfQu\u00e9 es el SDM20\/20\u2122?<\/h2>\n\n\n\n<p>Nuestra metodolog\u00eda principal, SDM20\/20\u2122, ofrece una soluci\u00f3n completa de optimizaci\u00f3n de personal y agudeza que reposiciona la carga de trabajo de manera que la dotaci\u00f3n de personal sea predecible, a la vez que se reducen los costes generales.<\/p>\n\n\n\n<h2 class=\"has-text-align-center has-text-color wp-block-heading\" style=\"color:#3c4774\">\u00bfEn qu\u00e9 se diferencia el SDM20\/20\u2122?<\/h2>\n\n\n\n<p>El objetivo de SDM20\/20\u2122 es crear pr\u00e1cticas operativas que protejan los planes de dotaci\u00f3n de personal y las expectativas financieras mediante: la estabilizaci\u00f3n de las operaciones cl\u00ednicas y la sostenibilidad de las asignaciones de atenci\u00f3n; la redefinici\u00f3n de los recuentos y los horarios del personal; y el c\u00e1lculo de los presupuestos de mano de obra que revelen plenamente el coste de la atenci\u00f3n, la contrataci\u00f3n y la retenci\u00f3n, el PTO e incluso las necesidades de contingencia.<\/p>\n\n\n\n<p>La agudeza no es una medida de la enfermedad del paciente, es una medida del trabajo. La carga de trabajo que puede gestionar un enfermero o un equipo cl\u00ednico abarca algo m\u00e1s que la enfermedad de un paciente. SDM20\/20\u2122 es una soluci\u00f3n \u00fanica basada en la metodolog\u00eda que mantiene las cargas de trabajo cl\u00ednicas adecuadas, eliminando la necesidad de ajustes de personal d\u00eda a d\u00eda y turno a turno. Nuestra metodolog\u00eda de agudeza:<\/p>\n\n\n\n<ul class=\"wp-block-list\"><li>apoya la asignaci\u00f3n de cuidados cl\u00ednicos adecuados<\/li><li>eval\u00faa la infraestructura y los equipos de atenci\u00f3n b\u00e1sica<\/li><li>determina y cablea las demandas no productivas de cada unidad<\/li><li>define la pr\u00e1ctica de la agudeza y los cambiadores de carga de trabajo<\/li><li>proporciona an\u00e1lisis para supervisar las cargas de trabajo y las asignaciones adecuadas<\/li><li>incorpora el ADT (factor de rotaci\u00f3n) en las cargas de trabajo adecuadas<\/li><\/ul>\n\n\n<div style=\"height:50px\" aria-hidden=\"true\" class=\"wp-block-spacer\"><\/div>\n\n\n\n<h2 class=\"has-text-align-center has-text-color wp-block-heading\" style=\"color:#3c4774\">Nash Analytics\u2122<\/h2>\n\n\n\n<p>Una parte integral de la metodolog\u00eda SDM20\/20\u2122 es Nash Analytics\u2122. Este exclusivo sistema de inteligencia empresarial ofrece herramientas de gesti\u00f3n de la productividad y del presupuesto para que los departamentos cl\u00ednicos y no cl\u00ednicos validen el rendimiento operativo y financiero. Nash Analytics\u2122 contiene todas las herramientas necesarias para analizar, dise\u00f1ar y supervisar la metodolog\u00eda SDM20\/20\u2122.<\/p>\n\n\n\n<div id=\"section-g92cc68\" class=\"wp-block-gutentor-e6 section-g92cc68 gutentor-element gutentor-element-image wow slideInLeft\" data-wow-animation=\"slideInLeft\" data-wow-delay=\"5s\"><div class=\"gutentor-element-image-box\"><div class=\"gutentor-image-thumb\"><img decoding=\"async\" class=\"normal-image\" src=\"https:\/\/www.nashgroup.com\/wp-content\/uploads\/2019\/04\/Nash-Screenshot.jpg\"><\/div><\/div><\/div>\n<\/div>\n\n\n\n<div class=\"wp-block-column is-layout-flow wp-block-column-is-layout-flow\">\n<h2 class=\"has-text-align-center has-text-color wp-block-heading\" style=\"color:#3c4774\">La incorporaci\u00f3n de la metodolog\u00eda SDM20\/20\u2122 en sus operaciones diarias da como resultado:<\/h2>\n\n\n\n<div style=\"height:50px\" aria-hidden=\"true\" class=\"wp-block-spacer\"><\/div>\n\n\n\n<div id=\"section-g20f8fc\" class=\"wp-block-gutentor-e6 alignwide section-g20f8fc gutentor-element gutentor-element-image wow slideInRight text-align-center-desktop\" data-wow-animation=\"slideInRight\"><div class=\"gutentor-element-image-box\"><div class=\"gutentor-image-thumb\"><img decoding=\"async\" class=\"normal-image\" src=\"https:\/\/www.nashgroup.com\/wp-content\/uploads\/2019\/04\/1-flow-stabalize-1.png\" alt=\"Estabilizar las cargas de trabajo\"><\/div><\/div><\/div>\n\n\n\n<div id=\"section-g4cab40\" class=\"wp-block-gutentor-e6 section-g4cab40 gutentor-element gutentor-element-image wow slideInRight text-align-center-desktop\" data-wow-animation=\"slideInRight\" data-wow-delay=\"2s\"><div class=\"gutentor-element-image-box\"><div class=\"gutentor-image-thumb\"><img decoding=\"async\" class=\"normal-image\" src=\"https:\/\/www.nashgroup.com\/wp-content\/uploads\/2019\/04\/2-flow-reduce-1.png\"><\/div><\/div><\/div>\n\n\n\n<div id=\"section-g949a45\" class=\"wp-block-gutentor-e6 section-g949a45 gutentor-element gutentor-element-image wow slideInRight text-align-center-desktop\" data-wow-animation=\"slideInRight\" data-wow-delay=\"3s\"><div class=\"gutentor-element-image-box\"><div class=\"gutentor-image-thumb\"><img decoding=\"async\" class=\"normal-image\" src=\"https:\/\/www.nashgroup.com\/wp-content\/uploads\/2019\/04\/3-flow-balance-1.png\" alt=\"Actividad de balance\"><\/div><\/div><\/div>\n\n\n\n<div id=\"section-gb1aad9\" class=\"wp-block-gutentor-e6 section-gb1aad9 gutentor-element gutentor-element-image wow slideInRight text-align-center-desktop\" data-wow-animation=\"slideInRight\" data-wow-delay=\"4s\"><div class=\"gutentor-element-image-box\"><div class=\"gutentor-image-thumb\"><img decoding=\"async\" class=\"normal-image\" src=\"https:\/\/www.nashgroup.com\/wp-content\/uploads\/2019\/04\/4-flow-lower-1.png\" alt=\"Menor coste de la mano de obra\"><\/div><\/div><\/div>\n\n\n\n<div id=\"section-gfdc0be\" class=\"wp-block-gutentor-e6 section-gfdc0be gutentor-element gutentor-element-image wow slideInRight text-align-center-desktop\" data-wow-animation=\"slideInRight\" data-wow-delay=\"5s\"><div class=\"gutentor-element-image-box\"><div class=\"gutentor-image-thumb\"><img decoding=\"async\" class=\"normal-image\" src=\"https:\/\/www.nashgroup.com\/wp-content\/uploads\/2019\/04\/5-flow-reinvest-1.png\" alt=\"Reinvertir en la atenci\u00f3n al paciente\"><\/div><\/div><\/div>\n\n\n\n<div style=\"height:60px\" aria-hidden=\"true\" class=\"wp-block-spacer\"><\/div>\n\n\n\n<h2 class=\"has-text-align-center has-text-color wp-block-heading\" style=\"color:#3c4774\">Resultados del SDM20\/20\u2122<\/h2>\n\n\n\n<p>Este informe representa los principales indicadores de rendimiento de algunos de nuestros clientes, antes y despu\u00e9s de la implantaci\u00f3n de Nash.<\/p>\n\n\n\n<div id=\"section-gf5840c\" class=\"wp-block-gutentor-e2 section-gf5840c gutentor-element gutentor-element-button button-align-center-desktop\"><span class=\"gutentor-button-wrap\"><a class=\"gutentor-button gutentor-block-button gutentor-icon-hide\" href=\"https:\/\/www.nashgroup.com\/es\/nuestros-resultados\/\"><i class=\"gutentor-button-icon fas fa-book\"><\/i><span>Nuestros resultados<\/span><\/a><\/span><\/div>\n<\/div>\n<\/div>\n","protected":false},"excerpt":{"rendered":"<p>Nuestra metodolog\u00eda principal, SDM20\/20\u2122, ofrece una soluci\u00f3n completa de optimizaci\u00f3n de personal y agudeza que reposiciona la carga de trabajo de manera que la dotaci\u00f3n de personal sea predecible, a la vez que se reducen los costos generales.<\/p>\n","protected":false},"author":1,"featured_media":0,"parent":0,"menu_order":0,"comment_status":"closed","ping_status":"closed","template":"","meta":{"footnotes":""},"class_list":["post-14023","page","type-page","status-publish","hentry"],"_links":{"self":[{"href":"https:\/\/www.nashgroup.com\/es\/wp-json\/wp\/v2\/pages\/14023","targetHints":{"allow":["GET"]}}],"collection":[{"href":"https:\/\/www.nashgroup.com\/es\/wp-json\/wp\/v2\/pages"}],"about":[{"href":"https:\/\/www.nashgroup.com\/es\/wp-json\/wp\/v2\/types\/page"}],"author":[{"embeddable":true,"href":"https:\/\/www.nashgroup.com\/es\/wp-json\/wp\/v2\/users\/1"}],"replies":[{"embeddable":true,"href":"https:\/\/www.nashgroup.com\/es\/wp-json\/wp\/v2\/comments?post=14023"}],"version-history":[{"count":3,"href":"https:\/\/www.nashgroup.com\/es\/wp-json\/wp\/v2\/pages\/14023\/revisions"}],"predecessor-version":[{"id":15177,"href":"https:\/\/www.nashgroup.com\/es\/wp-json\/wp\/v2\/pages\/14023\/revisions\/15177"}],"wp:attachment":[{"href":"https:\/\/www.nashgroup.com\/es\/wp-json\/wp\/v2\/media?parent=14023"}],"curies":[{"name":"wp","href":"https:\/\/api.w.org\/{rel}","templated":true}]}}