{"id":14035,"date":"2022-07-18T15:03:27","date_gmt":"2022-07-18T20:03:27","guid":{"rendered":"https:\/\/www.nashgroup.com\/para-los-cno\/"},"modified":"2022-08-13T19:32:08","modified_gmt":"2022-08-14T00:32:08","slug":"para-los-cno","status":"publish","type":"page","link":"https:\/\/www.nashgroup.com\/es\/para-los-cno\/","title":{"rendered":"Para los CNO"},"content":{"rendered":"\n<h2 class=\"has-text-color wp-block-heading\" style=\"color:#3c4774\">Lo que podemos ofrecer.<\/h2>\n\n<p>Las enfermeras son la columna vertebral de la mayor\u00eda de las organizaciones sanitarias y The Nash Group se centra excepcionalmente en sus necesidades. Buscamos constantemente formas de simplificar la atenci\u00f3n que prestan y el entorno en el que trabajan. Los directores generales y su personal desempe\u00f1an un valioso papel a la hora de ayudarnos a identificar \u00e1reas ineficientes de atenci\u00f3n o costes, sistemas poco pr\u00e1cticos que crean demasiado trabajo innecesario para lo que probablemente es un departamento ya sobrecargado de trabajo, e incluso excedentes o d\u00e9ficits de personal en \u00e1reas que pueden mejorar los resultados de la organizaci\u00f3n.<\/p>\n\n<p>Comenzamos con el deseo de ayudar a las enfermeras a mejorar sus cuidados. A continuaci\u00f3n, buscamos la manera de hacer que esa atenci\u00f3n mejorada sea m\u00e1s e\ufb01ciente. <strong><a href=\"\/?page_id=26\">Contacto con nosotros<\/a> <\/strong>Si desea m\u00e1s informaci\u00f3n, puede rellenar el formulario de<strong> <a href=\"\/?page_id=825\">evaluaci\u00f3n en l\u00ednea gratuito<\/a><\/strong> y nos pondremos a trabajar inmediatamente para ayudarle a mejorar.<\/p>\n\n<div style=\"height:50px\" aria-hidden=\"true\" class=\"wp-block-spacer\"><\/div>\n\n<div id=\"section-g942ac5\" class=\"wp-block-gutentor-e6 section-g942ac5 gutentor-element gutentor-element-image wow slideInUp text-align-center-desktop\" data-wow-animation=\"slideInUp\"><div class=\"gutentor-element-image-box\"><div class=\"gutentor-image-thumb\"><img decoding=\"async\" class=\"normal-image\" src=\"https:\/\/www.nashgroup.com\/wp-content\/uploads\/2019\/05\/nurse-satisfaction-improvement2.png\" alt=\"Mejora de la satisfacci\u00f3n del personal de enfermer\u00eda\"><\/div><\/div><\/div>\n","protected":false},"excerpt":{"rendered":"<p>Lo que podemos ofrecer. Las enfermeras son la columna vertebral de la mayor\u00eda de las organizaciones sanitarias y The Nash Group se centra excepcionalmente en sus necesidades. Buscamos constantemente formas &#8230;<\/p>\n","protected":false},"author":1,"featured_media":0,"parent":0,"menu_order":0,"comment_status":"closed","ping_status":"closed","template":"","meta":{"footnotes":""},"class_list":["post-14035","page","type-page","status-publish","hentry"],"_links":{"self":[{"href":"https:\/\/www.nashgroup.com\/es\/wp-json\/wp\/v2\/pages\/14035","targetHints":{"allow":["GET"]}}],"collection":[{"href":"https:\/\/www.nashgroup.com\/es\/wp-json\/wp\/v2\/pages"}],"about":[{"href":"https:\/\/www.nashgroup.com\/es\/wp-json\/wp\/v2\/types\/page"}],"author":[{"embeddable":true,"href":"https:\/\/www.nashgroup.com\/es\/wp-json\/wp\/v2\/users\/1"}],"replies":[{"embeddable":true,"href":"https:\/\/www.nashgroup.com\/es\/wp-json\/wp\/v2\/comments?post=14035"}],"version-history":[{"count":1,"href":"https:\/\/www.nashgroup.com\/es\/wp-json\/wp\/v2\/pages\/14035\/revisions"}],"predecessor-version":[{"id":14036,"href":"https:\/\/www.nashgroup.com\/es\/wp-json\/wp\/v2\/pages\/14035\/revisions\/14036"}],"wp:attachment":[{"href":"https:\/\/www.nashgroup.com\/es\/wp-json\/wp\/v2\/media?parent=14035"}],"curies":[{"name":"wp","href":"https:\/\/api.w.org\/{rel}","templated":true}]}}