{"id":14041,"date":"2022-07-18T14:52:09","date_gmt":"2022-07-18T19:52:09","guid":{"rendered":"https:\/\/www.nashgroup.com\/servicios-de-emergencia\/"},"modified":"2022-11-09T13:31:13","modified_gmt":"2022-11-09T19:31:13","slug":"servicios-de-emergencia","status":"publish","type":"page","link":"https:\/\/www.nashgroup.com\/es\/servicios-de-emergencia\/","title":{"rendered":"Servicios de emergencia"},"content":{"rendered":"\n<h1 class=\"has-text-color wp-block-heading\" style=\"color:#3c4774\">Servicios de emergencia<\/h1>\n\n<p>Cada a\u00f1o, m\u00e1s de 130 millones de pacientes son atendidos en los servicios de urgencias, que funcionan como una agregaci\u00f3n de m\u00faltiples servicios cl\u00ednicos con un <strong>acceso<\/strong> <strong>f\u00e1cil<\/strong> e <strong>inmediato<\/strong> como hilo conductor. Los servicios est\u00e1n serializados y la atenci\u00f3n es <strong>jer\u00e1rquica<\/strong>, lo que provoca <strong>tiempos muertos<\/strong> y <strong>retrasos<\/strong> <strong>estructurales<\/strong>.<\/p>\n\n<p>First Contact\u2122 ED es un cambio de juego.<\/p>\n\n<h2 class=\"has-text-align-center has-text-color wp-block-heading\" style=\"color:#3c4774\">Primer Contacto\u2122 ED<\/h2>\n\n<h3 class=\"has-text-align-center has-text-color wp-block-heading\" style=\"color:#f56e47\">Aprenda c\u00f3mo utilizamos nuestra metodolog\u00eda de dos fases para:<\/h3>\n\n<div style=\"height:40px\" aria-hidden=\"true\" class=\"wp-block-spacer\"><\/div>\n<div class=\"wp-block-image\">\n<figure class=\"aligncenter size-large\"><img loading=\"lazy\" decoding=\"async\" width=\"1024\" height=\"359\" src=\"https:\/\/www.nashgroup.com\/wp-content\/uploads\/2019\/03\/FirstContactED-1024x359.png\" alt=\"\" class=\"wp-image-11945\" srcset=\"https:\/\/www.nashgroup.com\/wp-content\/uploads\/2019\/03\/FirstContactED-1024x359.png 1024w, https:\/\/www.nashgroup.com\/wp-content\/uploads\/2019\/03\/FirstContactED-300x105.png 300w, https:\/\/www.nashgroup.com\/wp-content\/uploads\/2019\/03\/FirstContactED-768x269.png 768w\" sizes=\"auto, (max-width: 1024px) 100vw, 1024px\" \/><\/figure><\/div>\n<section id=\"section-64e0947e-a68d-4a97-82a0-5d67c988be82\" class=\"wp-block-gutentor-divider section-64e0947e-a68d-4a97-82a0-5d67c988be82 gutentor-element gutentor-section gutentor-divider text-center\"><div class=\"grid-container\"><div class=\"gutentor-divider-box\"><span><svg xmlns=\"http:\/\/www.w3.org\/2000\/svg\" viewbox=\"0 0 240 40\" preserveaspectratio=\"none\"><path d=\"M56.2 20c5.3-.1 10.6-.2 16-.3l16-.2c10.6-.1 21.3-.1 31.9-.2 10.6.1 21.3 0 31.9.1l16 .2c5.3.1 10.6.2 16 .3-5.3.1-10.6.2-16 .3l-16 .2c-10.6.1-21.3.1-31.9.1-10.6-.1-21.3 0-31.9-.2l-16-.2c-5.4.1-10.7 0-16-.1z\"><\/path><\/svg><\/span><\/div><\/div><\/section>\n\n<div class=\"wp-block-columns is-layout-flex wp-container-core-columns-is-layout-9d6595d7 wp-block-columns-is-layout-flex\">\n<div class=\"wp-block-column is-vertically-aligned-center is-layout-flow wp-block-column-is-layout-flow\">\n<div id=\"section-g4120ba\" class=\"wp-block-gutentor-e6 alignwide section-g4120ba gutentor-element gutentor-element-image wow slideInLeft text-align-center-desktop\" data-wow-animation=\"slideInLeft\" data-wow-delay=\"1s\"><div class=\"gutentor-element-image-box\"><div class=\"gutentor-image-thumb\"><img decoding=\"async\" class=\"normal-image\" src=\"https:\/\/www.nashgroup.com\/wp-content\/uploads\/2019\/03\/Nash1-706x1024.jpg\" alt=\"Mejorar las cifras de cobertura\"><\/div><\/div><\/div>\n<\/div>\n\n\n\n<div class=\"wp-block-column is-layout-flow wp-block-column-is-layout-flow\">\n<div id=\"section-g61719b\" class=\"wp-block-gutentor-e6 section-g61719b gutentor-element gutentor-element-image wow slideInRight text-align-center-tablet\" data-wow-animation=\"slideInRight\" data-wow-delay=\"2s\"><div class=\"gutentor-element-image-box\"><div class=\"gutentor-image-thumb\"><img decoding=\"async\" class=\"normal-image\" src=\"https:\/\/www.nashgroup.com\/wp-content\/uploads\/2019\/03\/Nash2-1024x753.jpg\" alt=\"Estimaci\u00f3n de la ocupaci\u00f3n del DOT\"><\/div><\/div><\/div>\n\n\n\n<div style=\"height:30px\" aria-hidden=\"true\" class=\"wp-block-spacer\"><\/div>\n\n\n\n<div id=\"section-gdfba71\" class=\"wp-block-gutentor-e6 section-gdfba71 gutentor-element gutentor-element-image wow slideInRight text-align-center-desktop\" data-wow-animation=\"slideInRight\" data-wow-delay=\"2s\"><div class=\"gutentor-element-image-box\"><div class=\"gutentor-image-thumb\"><img decoding=\"async\" class=\"normal-image\" src=\"https:\/\/www.nashgroup.com\/wp-content\/uploads\/2019\/03\/Nash3-1024x766.jpg\"><\/div><\/div><\/div>\n<\/div>\n<\/div>\n","protected":false},"excerpt":{"rendered":"<p>Cada a\u00f1o, m\u00e1s de 130 millones de pacientes son atendidos en los servicios de urgencias, que funcionan como una agregaci\u00f3n de m\u00faltiples servicios cl\u00ednicos con un acceso f\u00e1cil e inmediato como hilo conductor. Los servicios est\u00e1n serializados y la atenci\u00f3n es jer\u00e1rquica, lo que provoca tiempos de inactividad y retrasos estructurales.<\/p>\n","protected":false},"author":1,"featured_media":0,"parent":0,"menu_order":0,"comment_status":"closed","ping_status":"closed","template":"","meta":{"footnotes":""},"class_list":["post-14041","page","type-page","status-publish","hentry"],"_links":{"self":[{"href":"https:\/\/www.nashgroup.com\/es\/wp-json\/wp\/v2\/pages\/14041","targetHints":{"allow":["GET"]}}],"collection":[{"href":"https:\/\/www.nashgroup.com\/es\/wp-json\/wp\/v2\/pages"}],"about":[{"href":"https:\/\/www.nashgroup.com\/es\/wp-json\/wp\/v2\/types\/page"}],"author":[{"embeddable":true,"href":"https:\/\/www.nashgroup.com\/es\/wp-json\/wp\/v2\/users\/1"}],"replies":[{"embeddable":true,"href":"https:\/\/www.nashgroup.com\/es\/wp-json\/wp\/v2\/comments?post=14041"}],"version-history":[{"count":5,"href":"https:\/\/www.nashgroup.com\/es\/wp-json\/wp\/v2\/pages\/14041\/revisions"}],"predecessor-version":[{"id":15175,"href":"https:\/\/www.nashgroup.com\/es\/wp-json\/wp\/v2\/pages\/14041\/revisions\/15175"}],"wp:attachment":[{"href":"https:\/\/www.nashgroup.com\/es\/wp-json\/wp\/v2\/media?parent=14041"}],"curies":[{"name":"wp","href":"https:\/\/api.w.org\/{rel}","templated":true}]}}