{"id":14052,"date":"2022-07-18T16:58:45","date_gmt":"2022-07-18T21:58:45","guid":{"rendered":"https:\/\/www.nashgroup.com\/acceso-de-los-clientes\/"},"modified":"2022-08-13T21:33:27","modified_gmt":"2022-08-14T02:33:27","slug":"acceso-de-los-clientes","status":"publish","type":"page","link":"https:\/\/www.nashgroup.com\/es\/acceso-de-los-clientes\/","title":{"rendered":"Acceso de los clientes"},"content":{"rendered":"\n<h2 class=\"has-text-color wp-block-heading\" style=\"color:#3c4774\">Acceso de los clientes &#8211; Recursos<\/h2>\n\n<p>Hemos construido esta secci\u00f3n s\u00f3lo para usted. Quer\u00edamos un \u00e1rea en nuestro sitio que fuera exclusivamente para nuestros clientes. Esperamos que toda la informaci\u00f3n proporcionada en esta secci\u00f3n le resulte \u00fatil a lo largo de su proceso de implantaci\u00f3n y m\u00e1s all\u00e1.<\/p>\n\n<div style=\"height:30px\" aria-hidden=\"true\" class=\"wp-block-spacer\"><\/div>\n\n<div class=\"wp-block-columns is-layout-flex wp-container-core-columns-is-layout-9d6595d7 wp-block-columns-is-layout-flex\">\n<div class=\"wp-block-column is-layout-flow wp-block-column-is-layout-flow\" style=\"flex-basis:66.66%\">\n<figure class=\"wp-block-embed is-type-video is-provider-vimeo wp-block-embed-vimeo wp-embed-aspect-16-9 wp-has-aspect-ratio\"><div class=\"wp-block-embed__wrapper\">\n<iframe loading=\"lazy\" title=\"Nash Analytics Data Entry\" src=\"https:\/\/player.vimeo.com\/video\/228838025?h=c7f72b3b35&amp;dnt=1&amp;app_id=122963\" width=\"800\" height=\"450\" frameborder=\"0\" allow=\"autoplay; fullscreen; picture-in-picture\" allowfullscreen><\/iframe>\n<\/div><\/figure>\n<\/div>\n\n\n\n<div class=\"wp-block-column is-layout-flow wp-block-column-is-layout-flow\" style=\"flex-basis:33.33%\">\n<h3 class=\"has-text-color wp-block-heading\" style=\"color:#f56e47\">Entrada de datos<\/h3>\n\n\n\n<p>Este v\u00eddeo es un tutorial sobre c\u00f3mo introducir datos en su Nash Analytics\u2122.<\/p>\n<\/div>\n<\/div>\n\n<div style=\"height:30px\" aria-hidden=\"true\" class=\"wp-block-spacer\"><\/div>\n\n<div class=\"wp-block-columns has-background is-layout-flex wp-container-core-columns-is-layout-9d6595d7 wp-block-columns-is-layout-flex\" style=\"background-color:#f8f9f9\">\n<div class=\"wp-block-column is-layout-flow wp-block-column-is-layout-flow\" style=\"flex-basis:33.33%\">\n<h3 class=\"has-text-color wp-block-heading\" style=\"color:#f56e47\">Acceso a los informes<\/h3>\n\n\n\n<p>Este v\u00eddeo es un tutorial sobre c\u00f3mo acceder a los informes de Nash Analytics\u2122.<\/p>\n<\/div>\n\n\n\n<div class=\"wp-block-column is-layout-flow wp-block-column-is-layout-flow\" style=\"flex-basis:66.66%\">\n<figure class=\"wp-block-embed is-type-video is-provider-vimeo wp-block-embed-vimeo wp-embed-aspect-16-9 wp-has-aspect-ratio\"><div class=\"wp-block-embed__wrapper\">\n<iframe loading=\"lazy\" title=\"Accessing Nash Analytics and Opening Reports\" src=\"https:\/\/player.vimeo.com\/video\/226184344?h=dd4872a994&amp;dnt=1&amp;app_id=122963\" width=\"800\" height=\"450\" frameborder=\"0\" allow=\"autoplay; fullscreen; picture-in-picture\" allowfullscreen><\/iframe>\n<\/div><\/figure>\n<\/div>\n<\/div>\n\n<div style=\"height:30px\" aria-hidden=\"true\" class=\"wp-block-spacer\"><\/div>\n\n<div class=\"wp-block-columns is-layout-flex wp-container-core-columns-is-layout-9d6595d7 wp-block-columns-is-layout-flex\">\n<div class=\"wp-block-column is-layout-flow wp-block-column-is-layout-flow\" style=\"flex-basis:66.66%\">\n<figure class=\"wp-block-embed is-type-video is-provider-vimeo wp-block-embed-vimeo wp-embed-aspect-16-9 wp-has-aspect-ratio\"><div class=\"wp-block-embed__wrapper\">\n<iframe loading=\"lazy\" title=\"Assigning Permissions\" src=\"https:\/\/player.vimeo.com\/video\/226184576?h=b62a0c2c7e&amp;dnt=1&amp;app_id=122963\" width=\"800\" height=\"450\" frameborder=\"0\" allow=\"autoplay; fullscreen; picture-in-picture\" allowfullscreen><\/iframe>\n<\/div><\/figure>\n<\/div>\n\n\n\n<div class=\"wp-block-column is-layout-flow wp-block-column-is-layout-flow\" style=\"flex-basis:33.33%\">\n<h3 class=\"has-text-color wp-block-heading\" style=\"color:#f56e47\">Asignaci\u00f3n de permisos<\/h3>\n\n\n\n<p>Este v\u00eddeo es un tutorial sobre c\u00f3mo asignar permisos a los usuarios en Nash Analytics\u2122.<\/p>\n<\/div>\n<\/div>\n","protected":false},"excerpt":{"rendered":"<p>Acceso de los clientes &#8211; Recursos Hemos construido esta secci\u00f3n s\u00f3lo para usted. Quer\u00edamos un \u00e1rea en nuestro sitio que fuera exclusivamente para nuestros clientes. Esperamos que toda la informaci\u00f3n &#8230;<\/p>\n","protected":false},"author":1,"featured_media":0,"parent":0,"menu_order":0,"comment_status":"closed","ping_status":"closed","template":"","meta":{"footnotes":""},"class_list":["post-14052","page","type-page","status-publish","hentry"],"_links":{"self":[{"href":"https:\/\/www.nashgroup.com\/es\/wp-json\/wp\/v2\/pages\/14052","targetHints":{"allow":["GET"]}}],"collection":[{"href":"https:\/\/www.nashgroup.com\/es\/wp-json\/wp\/v2\/pages"}],"about":[{"href":"https:\/\/www.nashgroup.com\/es\/wp-json\/wp\/v2\/types\/page"}],"author":[{"embeddable":true,"href":"https:\/\/www.nashgroup.com\/es\/wp-json\/wp\/v2\/users\/1"}],"replies":[{"embeddable":true,"href":"https:\/\/www.nashgroup.com\/es\/wp-json\/wp\/v2\/comments?post=14052"}],"version-history":[{"count":1,"href":"https:\/\/www.nashgroup.com\/es\/wp-json\/wp\/v2\/pages\/14052\/revisions"}],"predecessor-version":[{"id":14053,"href":"https:\/\/www.nashgroup.com\/es\/wp-json\/wp\/v2\/pages\/14052\/revisions\/14053"}],"wp:attachment":[{"href":"https:\/\/www.nashgroup.com\/es\/wp-json\/wp\/v2\/media?parent=14052"}],"curies":[{"name":"wp","href":"https:\/\/api.w.org\/{rel}","templated":true}]}}