{"id":14060,"date":"2022-07-18T15:11:00","date_gmt":"2022-07-18T20:11:00","guid":{"rendered":"https:\/\/www.nashgroup.com\/asistencia-al-cliente\/"},"modified":"2022-08-13T21:34:24","modified_gmt":"2022-08-14T02:34:24","slug":"asistencia-al-cliente","status":"publish","type":"page","link":"https:\/\/www.nashgroup.com\/es\/asistencia-al-cliente\/","title":{"rendered":"Asistencia al cliente"},"content":{"rendered":"\n<h2 class=\"has-text-color wp-block-heading\" style=\"color:#3c4774\">Lo que hacemos por usted.<\/h2>\n\n<p>Un aspecto importante de nuestro servicio es que siempre le ayudamos a utilizar e interpretar sus datos. Proporcionamos apoyo regular y continuo a cada cliente.<\/p>\n\n<p>Estos son algunos ejemplos de lo que hacemos:<\/p>\n\n<ul class=\"wp-block-list\"><li>Responder personalmente a sus correos electr\u00f3nicos y llamadas telef\u00f3nicas<\/li><li>Enviar regularmente <a href=\"\/?page_id=817\">\n  <strong>correos electr\u00f3nicos<\/strong>\n<\/a> actualizando a los clientes sobre las novedades del sector y c\u00f3mo utilizar aspectos del software<\/li><li>Ofrecer formaci\u00f3n e informaci\u00f3n peri\u00f3dica <a href=\"https:\/\/www.nashgroup.com\/es\/webinars-clientes\/\">\n  <strong>seminarios web<\/strong>\n<\/a><\/li><li>Personalice <a href=\"https:\/\/www.nashgroup.com\/es\/webinars-clientes\/\">\n  <strong>seminarios web<\/strong>\n<\/a> s\u00f3lo para su personal<\/li><li>Apoya las <a href=\"https:\/\/www.nashgroup.com\/es\/nash-analytics\/\">\n  <strong>Nash Analytics\u2122<\/strong>\n<\/a> herramientas de inteligencia empresarial<\/li><\/ul>\n<p><a href=\"https:\/\/www.nashgroup.com\/es\/solicitar-cita\/\">\n  <strong>Descubra m\u00e1s<\/strong>\n<\/a> sobre lo que podemos hacer por usted.<\/p>\n","protected":false},"excerpt":{"rendered":"<p>Lo que hacemos por usted. Un aspecto importante de nuestro servicio es que siempre le ayudamos a utilizar e interpretar sus datos. Proporcionamos apoyo regular y continuo a cada cliente. &#8230;<\/p>\n","protected":false},"author":1,"featured_media":0,"parent":0,"menu_order":0,"comment_status":"closed","ping_status":"closed","template":"","meta":{"footnotes":""},"class_list":["post-14060","page","type-page","status-publish","hentry"],"_links":{"self":[{"href":"https:\/\/www.nashgroup.com\/es\/wp-json\/wp\/v2\/pages\/14060","targetHints":{"allow":["GET"]}}],"collection":[{"href":"https:\/\/www.nashgroup.com\/es\/wp-json\/wp\/v2\/pages"}],"about":[{"href":"https:\/\/www.nashgroup.com\/es\/wp-json\/wp\/v2\/types\/page"}],"author":[{"embeddable":true,"href":"https:\/\/www.nashgroup.com\/es\/wp-json\/wp\/v2\/users\/1"}],"replies":[{"embeddable":true,"href":"https:\/\/www.nashgroup.com\/es\/wp-json\/wp\/v2\/comments?post=14060"}],"version-history":[{"count":1,"href":"https:\/\/www.nashgroup.com\/es\/wp-json\/wp\/v2\/pages\/14060\/revisions"}],"predecessor-version":[{"id":14061,"href":"https:\/\/www.nashgroup.com\/es\/wp-json\/wp\/v2\/pages\/14060\/revisions\/14061"}],"wp:attachment":[{"href":"https:\/\/www.nashgroup.com\/es\/wp-json\/wp\/v2\/media?parent=14060"}],"curies":[{"name":"wp","href":"https:\/\/api.w.org\/{rel}","templated":true}]}}