{"id":14070,"date":"2022-08-07T12:00:48","date_gmt":"2022-08-07T17:00:48","guid":{"rendered":"https:\/\/www.nashgroup.com\/amanda-krausz\/"},"modified":"2024-02-16T16:18:07","modified_gmt":"2024-02-16T22:18:07","slug":"amanda-krausz","status":"publish","type":"page","link":"https:\/\/www.nashgroup.com\/es\/amanda-krausz\/","title":{"rendered":"Amanda Krausz"},"content":{"rendered":"\n<section id=\"gm784a65e\" class=\"wp-block-gutentor-m4 section-gm784a65e gutentor-module gutentor-advanced-columns\"><div class=\"grid-container\"><div class=\"grid-row\">\n<div id=\"col-gmc68f02\" class=\"wp-block-gutentor-m4-col col-gmc68f02 gutentor-single-column  grid-lg-2 grid-md-12 grid-12 wow slideInLeft\" data-wow-animation=\"slideInLeft\" data-wow-iteration=\"1\"><div id=\"section-gmc68f02\" class=\"section-gmc68f02 gutentor-col-wrap\">\n<div style=\"height:40px\" aria-hidden=\"true\" class=\"wp-block-spacer\"><\/div>\n\n\n\n<div id=\"section-g11028e\" class=\"wp-block-gutentor-e6 alignwide section-g11028e gutentor-element gutentor-element-image text-align-center-desktop\"><div class=\"gutentor-element-image-box\"><div class=\"gutentor-image-thumb\"><img decoding=\"async\" class=\"normal-image\" src=\"https:\/\/www.nashgroup.com\/wp-content\/uploads\/2021\/09\/Amanda-3.jpg\"\/><\/div><\/div><\/div>\n<\/div><\/div>\n\n\n\n<div id=\"col-gmd29f6c\" class=\"wp-block-gutentor-m4-col col-gmd29f6c gutentor-single-column  grid-lg-10 grid-md-12 grid-12\"><div id=\"section-gmd29f6c\" class=\"section-gmd29f6c gutentor-col-wrap\">\n<h3 class=\"wp-block-heading\"><strong>Amanda Krausz, RN<\/strong><strong>, MSN<\/strong><\/h3>\n\n\n\n<h4 class=\"wp-block-heading\"><em>Director de Operaciones<\/em><\/h4>\n\n\n\n<p>Amanda Krausz, MBA, MSN, RN es consultora de The Nash Group. Como consultora, est\u00e1 especializada en gesti\u00f3n de personal y an\u00e1lisis laboral. Tiene formaci\u00f3n avanzada en asignaciones cl\u00ednicas y control de la carga de trabajo. La Sra. Krausz es una enfermera innovadora con excelentes habilidades interpersonales, que tambi\u00e9n ha realizado investigaciones para determinar c\u00f3mo la relaci\u00f3n de trabajo entre las enfermeras del personal y la direcci\u00f3n afectaba a la percepci\u00f3n de apoyo del personal. Adem\u00e1s, posee amplios conocimientos sobre la creaci\u00f3n de pol\u00edticas y pr\u00e1cticas cl\u00ednicas para hospitales.<\/p>\n\n\n\n<p>Amanda se licenci\u00f3 y obtuvo un m\u00e1ster en enfermer\u00eda en la Universidad de Bradley. Obtuvo un m\u00e1ster en administraci\u00f3n de empresas con especializaci\u00f3n en administraci\u00f3n sanitaria en la Universidad Saint Xavier. Es miembro de Sigma Theta Tau y de la Organizaci\u00f3n de L\u00edderes de Enfermer\u00eda de Illinois.<\/p>\n<\/div><\/div>\n<\/div><\/div><\/section>\n\n\n\n<section id=\"section-281fdc2f-de02-45cb-853f-d39ddfdb2560\" class=\"wp-block-gutentor-team gutentor-section gutentor-team team-template1\"><div class=\"grid-container\"><div class=\"gutentor-block-header\"><div class=\"gutentor-section-title enable-title-design seperator-bottom text-center\"><h2 class=\"gutentor-title\">Nuestro equipo<\/h2><\/div><\/div><div class=\"grid-row gutentor-grid-item-wrap\"><div class=\"gutentor-grid-column grid-lg-4 grid-md-4 grid-12\"><div class=\"gutentor-single-item gutentor-image team-template1 gutentor-single-item-0\"><div class=\"gutentor-template-wrapper\"><div class=\"gutentor-single-item-image-box\"><div class=\"gutentor-image-thumb\"><img loading=\"lazy\" decoding=\"async\" class=\"normal-image\" src=\"https:\/\/www.nashgroup.com\/wp-content\/uploads\/2023\/10\/28.png\" alt=\"\" height=\"240\" width=\"350\"\/><\/div><\/div><div class=\"gutentor-single-item-content\"><h3 class=\"gutentor-single-item-title\"><strong><a href=\"https:\/\/www.nashgroup.com\/team\/deborah-terry\/\">Deborah Terry, RN, M<\/a><\/strong>SN<\/h3><p class=\"gutentor-single-item-designation\"><em><em>Presidente<\/em><\/em><\/p><p class=\"gutentor-single-item-desc\">Deborah Terry es presidenta de The Nash Group, un grupo l\u00edder en asesoramiento y consultor\u00eda sanitaria. Aporta m\u00e1s de 30 a\u00f1os de conocimientos y experiencia en enfermer\u00eda, recursos humanos y consultor\u00eda para apoyar las operaciones y los clientes de la empresa. <\/p><a class=\"gutentor-button gutentor-single-item-button gutentor-icon-hide\" href=\"https:\/\/www.nashgroup.com\/deborah-terry\/\"><i class=\"gutentor-button-icon fas fa-book\"><\/i><span><a href=\"https:\/\/www.nashgroup.com\/es\/deborah-terry\/\">Leer m\u00e1s<\/a><\/span><\/a><\/div><\/div><\/div><\/div><div class=\"gutentor-grid-column grid-lg-4 grid-md-4 grid-12\"><div class=\"gutentor-single-item gutentor-image team-template1 gutentor-single-item-1\"><div class=\"gutentor-template-wrapper\"><div class=\"gutentor-single-item-image-box\"><div class=\"gutentor-image-thumb\"><img loading=\"lazy\" decoding=\"async\" class=\"normal-image\" src=\"https:\/\/www.nashgroup.com\/wp-content\/uploads\/2023\/10\/11.png\" alt=\"\" height=\"240\" width=\"350\"\/><\/div><\/div><div class=\"gutentor-single-item-content\"><h3 class=\"gutentor-single-item-title\"><strong><a href=\"https:\/\/www.nashgroup.com\/david-ledersnaider\/\">David ledersnaider, Ph.D.<\/a><\/strong><\/h3><p class=\"gutentor-single-item-designation\"><em><em>Director General<\/em><\/em><\/p><p class=\"gutentor-single-item-desc\">El Dr. Ledersnaider es el director general de The Nash Group. Con m\u00e1s de 30 a\u00f1os de ejercicio profesional como educador y consultor, est\u00e1 especializado en el redise\u00f1o de operaciones, la implantaci\u00f3n de tecnolog\u00edas de la informaci\u00f3n y la gesti\u00f3n estrat\u00e9gica de costes en el Hopitalario.<\/p><a class=\"gutentor-button gutentor-single-item-button gutentor-icon-hide\" href=\"https:\/\/www.nashgroup.com\/david-ledersnaider\/\"><i class=\"gutentor-button-icon fas fa-book\"><\/i><span><a href=\"https:\/\/www.nashgroup.com\/es\/david-ledersnaider\/\">Leer m\u00e1s<\/a><\/span><\/a><\/div><\/div><\/div><\/div><div class=\"gutentor-grid-column grid-lg-4 grid-md-4 grid-12\"><div class=\"gutentor-single-item gutentor-image team-template1 gutentor-single-item-2\"><div class=\"gutentor-template-wrapper\"><div class=\"gutentor-single-item-image-box\"><div class=\"gutentor-image-thumb\"><img loading=\"lazy\" decoding=\"async\" class=\"normal-image\" src=\"https:\/\/www.nashgroup.com\/wp-content\/uploads\/2023\/10\/21.png\" alt=\"\" height=\"240\" width=\"350\"\/><\/div><\/div><div class=\"gutentor-single-item-content\"><h3 class=\"gutentor-single-item-title\"><strong><a href=\"https:\/\/www.nashgroup.com\/shawn-semedalas\/\">Shawn Semedalas, RN, B<\/a><\/strong>SN<\/h3><p class=\"gutentor-single-item-designation\"><em><em>Vicepresidente Ejecutivo de Operaciones<\/em><\/em><\/p><p class=\"gutentor-single-item-desc\">Shawn Semedalas, RN, BSN es vicepresidente y consultor senior de The Nash Group. Con m\u00e1s de 25 a\u00f1os de experiencia en enfermer\u00eda y gesti\u00f3n sanitaria, se centra en la mejora de las operaciones hospitalarias y la gesti\u00f3n del personal. <\/p><a class=\"gutentor-button gutentor-single-item-button gutentor-icon-hide\" href=\"https:\/\/www.nashgroup.com\/shawn-semedalas\/\"><i class=\"gutentor-button-icon fas fa-book\"><\/i><span><a href=\"https:\/\/www.nashgroup.com\/es\/shawn-semedalas\/\">Leer m\u00e1s<\/a><\/span><\/a><\/div><\/div><\/div><\/div><div class=\"gutentor-grid-column grid-lg-4 grid-md-4 grid-12\"><div class=\"gutentor-single-item gutentor-image team-template1 gutentor-single-item-3\"><div class=\"gutentor-template-wrapper\"><div class=\"gutentor-single-item-image-box\"><div class=\"gutentor-image-thumb\"><img loading=\"lazy\" decoding=\"async\" class=\"normal-image\" src=\"https:\/\/www.nashgroup.com\/wp-content\/uploads\/2023\/10\/22.png\" alt=\"\" height=\"240\" width=\"350\"\/><\/div><\/div><div class=\"gutentor-single-item-content\"><h3 class=\"gutentor-single-item-title\"><strong><a href=\"https:\/\/www.nashgroup.com\/kerry-abbott\/\">Kerry Abbott, RN, M<\/a><\/strong>SN<\/h3><p class=\"gutentor-single-item-designation\"><em><em>Vicepresidente Ejecutivo de Contrataci\u00f3n<\/em><\/em><\/p><p class=\"gutentor-single-item-desc\">Kerry Abbott, RN, MSN es vicepresidenta y consultora senior de The Nash Group. Es una consumada ejecutiva del sector sanitario con m\u00e1s de 30 a\u00f1os de experiencia en el liderazgo operativo progresivo y diversificado en el \u00e1mbito de los hospitales de cuidados intensivos.<br><br><\/p><a class=\"gutentor-button gutentor-single-item-button gutentor-icon-hide\" href=\"https:\/\/www.nashgroup.com\/kerry-abbott\/\"><i class=\"gutentor-button-icon fas fa-book\"><\/i><span><a href=\"https:\/\/www.nashgroup.com\/es\/kerry-abbott\/\">Leer m\u00e1s<\/a><\/span><\/a><\/div><\/div><\/div><\/div><div class=\"gutentor-grid-column grid-lg-4 grid-md-4 grid-12\"><div class=\"gutentor-single-item gutentor-image team-template1 gutentor-single-item-4\"><div class=\"gutentor-template-wrapper\"><div class=\"gutentor-single-item-image-box\"><div class=\"gutentor-image-thumb\"><img loading=\"lazy\" decoding=\"async\" class=\"normal-image\" src=\"https:\/\/www.nashgroup.com\/wp-content\/uploads\/2023\/10\/19.png\" alt=\"\" height=\"240\" width=\"350\"\/><\/div><\/div><div class=\"gutentor-single-item-content\"><h3 class=\"gutentor-single-item-title\"><strong><a href=\"https:\/\/www.nashgroup.com\/shannon-landrum\/\">Shannon Landrum, RN, <\/a><\/strong>BSN<\/h3><p class=\"gutentor-single-item-designation\"><em>Directora de Gesti\u00f3n de Clientes<\/em><\/p><p class=\"gutentor-single-item-desc\">Shannon Landrum, RN, BSN es consultora de The Nash Group. Es una consumada enfermera gestora con una gran capacidad de liderazgo. Shannon tiene un profundo conocimiento de las operaciones hospitalarias, incluyendo la dotaci\u00f3n de personal, la colocaci\u00f3n de camas y el liderazgo eficaz del equipo.<br><\/p><a class=\"gutentor-button gutentor-single-item-button gutentor-icon-hide\" href=\"https:\/\/www.nashgroup.com\/shannon-landrum\/\"><i class=\"gutentor-button-icon fas fa-book\"><\/i><span><a href=\"https:\/\/www.nashgroup.com\/es\/shannon-landrum\/\">Leer m\u00e1s<\/a><\/span><\/a><\/div><\/div><\/div><\/div><div class=\"gutentor-grid-column grid-lg-4 grid-md-4 grid-12\"><div class=\"gutentor-single-item gutentor-image team-template1 gutentor-single-item-5\"><div class=\"gutentor-template-wrapper\"><div class=\"gutentor-single-item-image-box\"><div class=\"gutentor-image-thumb\"><img loading=\"lazy\" decoding=\"async\" class=\"normal-image\" src=\"https:\/\/www.nashgroup.com\/wp-content\/uploads\/2024\/01\/31.png\" alt=\"\" height=\"240\" width=\"350\"\/><\/div><\/div><div class=\"gutentor-single-item-content\"><h3 class=\"gutentor-single-item-title\"><strong><a href=\"https:\/\/www.nashgroup.com\/team\/ronald-finkelstein-mba\/\">Ronald Finkelstein, <\/a><a href=\"https:\/\/www.nashgroup.com\/ronald-finkelstein\/\">B.Eng, MBA<\/a><\/strong><\/h3><p class=\"gutentor-single-item-designation\"><em><em><em>Director del Servicio de Tecnolog\u00eda y Aplicaciones<\/em><\/em><\/em><\/p><p class=\"gutentor-single-item-desc\">Ronald Finkelstein es el director de servicios de aplicaciones de The Nash Group, donde dirige el desarrollo de software y la administraci\u00f3n de redes. Ronald cuenta con m\u00e1s de 20 a\u00f1os de amplia experiencia en consultor\u00eda de tecnolog\u00edas de la informaci\u00f3n, dise\u00f1o de Internet, programaci\u00f3n de software, despliegue e implementaci\u00f3n.<\/p><a class=\"gutentor-button gutentor-single-item-button gutentor-icon-hide\" href=\"https:\/\/www.nashgroup.com\/ronald-finkelstein\/\"><i class=\"gutentor-button-icon fas fa-book\"><\/i><span><a href=\"https:\/\/www.nashgroup.com\/es\/ronald-finkelstein\/\">Leer m\u00e1s<\/a><\/span><\/a><\/div><\/div><\/div><\/div><div class=\"gutentor-grid-column grid-lg-4 grid-md-4 grid-12\"><div class=\"gutentor-single-item gutentor-image team-template1 gutentor-single-item-6\"><div class=\"gutentor-template-wrapper\"><div class=\"gutentor-single-item-image-box\"><div class=\"gutentor-image-thumb\"><img loading=\"lazy\" decoding=\"async\" class=\"normal-image\" src=\"https:\/\/www.nashgroup.com\/wp-content\/uploads\/2024\/01\/30.png\" alt=\"\" height=\"240\" width=\"350\"\/><\/div><\/div><div class=\"gutentor-single-item-content\"><h3 class=\"gutentor-single-item-title\"><strong><a href=\"https:\/\/www.nashgroup.com\/team\/pedro-tobo\/\">Pedro Tobo, <\/a><a href=\"https:\/\/www.nashgroup.com\/pedro-tobo\/\">B<\/a><\/strong>.Eng<\/h3><p class=\"gutentor-single-item-designation\"><em><em>Ingeniero de Aplicaciones Senior<\/em><\/em><\/p><p class=\"gutentor-single-item-desc\">Pedro Tobo es ingeniero de dise\u00f1o de aplicaciones y herramientas empresariales en The Nash Group, con m\u00e1s de 10 a\u00f1os de experiencia como dise\u00f1ador, programador y consultor. Ha trabajado en una gran variedad de proyectos que van desde el desarrollo de marcos de software hasta el dise\u00f1o completo de aplicaciones.<\/p><a class=\"gutentor-button gutentor-single-item-button gutentor-icon-hide\" href=\"https:\/\/www.nashgroup.com\/pedro-tobo\/\"><i class=\"gutentor-button-icon fas fa-book\"><\/i><span><a href=\"https:\/\/www.nashgroup.com\/es\/pedro-tobo\/\">Leer m\u00e1s<\/a><\/span><\/a><\/div><\/div><\/div><\/div><div class=\"gutentor-grid-column grid-lg-4 grid-md-4 grid-12\"><div class=\"gutentor-single-item gutentor-image team-template1 gutentor-single-item-7\"><div class=\"gutentor-template-wrapper\"><div class=\"gutentor-single-item-image-box\"><div class=\"gutentor-image-thumb\"><img loading=\"lazy\" decoding=\"async\" class=\"normal-image\" src=\"https:\/\/www.nashgroup.com\/wp-content\/uploads\/2024\/01\/32.png\" alt=\"\" height=\"240\" width=\"350\"\/><\/div><\/div><div class=\"gutentor-single-item-content\"><h3 class=\"gutentor-single-item-title\"><strong><a href=\"https:\/\/www.nashgroup.com\/team\/john-terry\/\">John Terry,<\/a><a href=\"https:\/\/www.nashgroup.com\/john-terry\/\"> <\/a><a href=\"https:\/\/www.nashgroup.com\/team\/john-terry\/\">B<\/a><\/strong>A<\/h3><p class=\"gutentor-single-item-designation\"><em><em>Soporte al cliente senior<\/em><\/em><\/p><p class=\"gutentor-single-item-desc\">John trabaja en The Nash Group desde 2005 como evaluador de la calidad de las instalaciones y como asociado senior de implantaci\u00f3n y soporte de sistemas para clientes. Tambi\u00e9n es responsable del despliegue de Nash AnalyticsTM a nuevos clientes, as\u00ed como de las actualizaciones y el mantenimiento de los sistemas existentes.<\/p><a class=\"gutentor-button gutentor-single-item-button gutentor-icon-hide\" href=\"https:\/\/www.nashgroup.com\/john-terry\/\"><i class=\"gutentor-button-icon fas fa-book\"><\/i><span><a href=\"https:\/\/www.nashgroup.com\/es\/john-terry\/\">Leer m\u00e1s<\/a><\/span><\/a><\/div><\/div><\/div><\/div><\/div><\/div><\/section>\n","protected":false},"excerpt":{"rendered":"","protected":false},"author":1,"featured_media":0,"parent":0,"menu_order":0,"comment_status":"closed","ping_status":"closed","template":"","meta":{"footnotes":""},"class_list":["post-14070","page","type-page","status-publish","hentry"],"_links":{"self":[{"href":"https:\/\/www.nashgroup.com\/es\/wp-json\/wp\/v2\/pages\/14070","targetHints":{"allow":["GET"]}}],"collection":[{"href":"https:\/\/www.nashgroup.com\/es\/wp-json\/wp\/v2\/pages"}],"about":[{"href":"https:\/\/www.nashgroup.com\/es\/wp-json\/wp\/v2\/types\/page"}],"author":[{"embeddable":true,"href":"https:\/\/www.nashgroup.com\/es\/wp-json\/wp\/v2\/users\/1"}],"replies":[{"embeddable":true,"href":"https:\/\/www.nashgroup.com\/es\/wp-json\/wp\/v2\/comments?post=14070"}],"version-history":[{"count":4,"href":"https:\/\/www.nashgroup.com\/es\/wp-json\/wp\/v2\/pages\/14070\/revisions"}],"predecessor-version":[{"id":15482,"href":"https:\/\/www.nashgroup.com\/es\/wp-json\/wp\/v2\/pages\/14070\/revisions\/15482"}],"wp:attachment":[{"href":"https:\/\/www.nashgroup.com\/es\/wp-json\/wp\/v2\/media?parent=14070"}],"curies":[{"name":"wp","href":"https:\/\/api.w.org\/{rel}","templated":true}]}}