{"id":15732,"date":"2025-05-27T13:17:48","date_gmt":"2025-05-27T18:17:48","guid":{"rendered":"https:\/\/www.nashgroup.com\/quienes-somos\/"},"modified":"2025-05-29T13:39:09","modified_gmt":"2025-05-29T18:39:09","slug":"quienes-somos","status":"publish","type":"page","link":"https:\/\/www.nashgroup.com\/es\/quienes-somos\/","title":{"rendered":"Qui\u00e9nes somos"},"content":{"rendered":"\n<section id=\"section-g-i1ha23i\" class=\"wp-block-gutentor-about-block gutentor-section gutentor-about about-template1 has-color-bg has-custom-bg\"><div class=\"grid-container\"><div class=\"gutentor-grid-item-wrap\"><div class=\"gutentor-single-item\"><div class=\"grid-row\"><div class=\"grid-md-6 about-grid\"><div class=\"gutentor-single-item-image-box\"><div class=\"gutentor-image-thumb\"><img loading=\"lazy\" decoding=\"async\" class=\"normal-image\" src=\"https:\/\/www.nashgroup.com\/wp-content\/uploads\/2025\/05\/Nash-WEB-3-2.jpg\" alt=\"Nurse with clipboard\" height=\"679\" width=\"679\"\/><\/div><\/div><\/div><div class=\"grid-md-6 about-grid\"><div class=\"gutentor-single-item-content\"><div class=\"gutentor-about-content\"><h3 class=\"gutentor-single-item-title\">Soluciones de Atenci\u00f3n en el Area de la Salud<\/h3><p class=\"gutentor-single-item-desc\"><br>Gestionar tanto los aspectos de \u201cservicio\u201d como los \u201crendimiento corporativo\u201d del \u00e1rea de la salud es una tarea llena de matices y desaf\u00edos. En The Nash Group, abordamos esta tarea con una perspectiva \u00fanica, esforz\u00e1ndonos por generar beneficios integrales en todos los frentes.<br>Desde nuestra fundaci\u00f3n en 1992, The Nash Group ha estado a la vanguardia del desarrollo y la aplicaci\u00f3n de metodolog\u00edas probadas y herramientas de vanguardia para optimizar la dotaci\u00f3n de personal y su servicio. Nuestras soluciones producen sistem\u00e1ticamente mejoras tangibles en los resultados cl\u00ednicos, operativos y financieros de las organizaciones hospitalarias en todo el pa\u00eds.<br><br>Mediante metodolog\u00edas detallistas y an\u00e1lisis avanzados, aprovechamos las operaciones diarias de tu organizaci\u00f3n para descubrir las asociaciones inherentes que surgen de la integraci\u00f3n del negocio y el servicio. Este enfoque garantiza que nuestros clientes puedan cumplir sus objetivos de proporcionar una dotaci\u00f3n de personal \u00f3ptima a costos eficientes.<br><br>Bas\u00e1ndonos en nuestro \u00e9xito, hemos ampliado nuestra oferta para incluir servicios integrales de selecci\u00f3n de personal para hospitales, abordando carencias cr\u00edticas de mano de obra. Adem\u00e1s, hemos sido pioneros en la creaci\u00f3n de v\u00edas para que enfermeras internacionales capacitadas y dedicadas para darles oportunidades de empleo en Estados Unidos. Nuestros servicios de asesoramiento y clases educativas les facilitan el camino para convertirse en Enfermeras certificadas en EE.UU.<br><\/p><\/div><\/div><\/div><\/div><\/div><\/div><\/div><\/section>\n\n\n\n<section id=\"section-g-0n2py87\" class=\"wp-block-gutentor-about-block gutentor-section gutentor-about about-template4\"><div class=\"grid-container\"><div class=\"gutentor-grid-item-wrap\"><div class=\"gutentor-single-item\"><div class=\"grid-row\"><div class=\"grid-md-6 about-grid\"><div class=\"gutentor-single-item-content\"><div class=\"gutentor-about-content\"><h3 class=\"gutentor-single-item-title\">Nuestra Historia<\/h3><p class=\"gutentor-single-item-desc\">Lynda C. Nash no s\u00f3lo fue una profesora, entrenadora y amiga extraordinaria, sino que su inmenso ingenio tambi\u00e9n sirvi\u00f3 de inspiraci\u00f3n a todos. Aunque el fallecimiento de Lynda se produjo en 1992, su legado de creatividad, liderazgo y profesionalidad sigue prosperando en The Nash Group. Su visi\u00f3n sigue siendo la fuerza que nos gu\u00eda, impulsando nuestra b\u00fasqueda de la excelencia tanto en nuestro trabajo como en nuestras relaciones.<br><br>Desde entonces, bajo la direcci\u00f3n de los Deborah Terry y David Ledersnaider Ph.D, nuestro equipo ha obtenido un amplio reconocimiento por su excelencia en sus respectivos campos. Junto con nuestro equipo, aportan una gran experiencia y datos para mejorar tu cuenta de resultados. De hecho, casi todos los miembros de nuestro equipo cuentan con d\u00e9cadas de experiencia en la prestaci\u00f3n de asistencia en el \u00e1rea de la salud.<br><br>Con dedicaci\u00f3n, experiencia y una visi\u00f3n compartida, The Nash Group espera servirte y contribuir al avance de la asistencia sanitaria en los a\u00f1os venideros.<br><\/p><\/div><\/div><\/div><div class=\"grid-md-6 about-grid\"><div class=\"gutentor-single-item-image-box\"><div class=\"gutentor-image-thumb\"><img loading=\"lazy\" decoding=\"async\" class=\"normal-image\" src=\"https:\/\/www.nashgroup.com\/wp-content\/uploads\/2025\/05\/linda-nash.png\" alt=\"\" height=\"235\" width=\"350\"\/><\/div><\/div><\/div><\/div><\/div><\/div><\/div><\/section>\n","protected":false},"excerpt":{"rendered":"","protected":false},"author":1,"featured_media":0,"parent":0,"menu_order":0,"comment_status":"closed","ping_status":"closed","template":"template-gutentor-full-width.php","meta":{"footnotes":""},"class_list":["post-15732","page","type-page","status-publish","hentry"],"_links":{"self":[{"href":"https:\/\/www.nashgroup.com\/es\/wp-json\/wp\/v2\/pages\/15732","targetHints":{"allow":["GET"]}}],"collection":[{"href":"https:\/\/www.nashgroup.com\/es\/wp-json\/wp\/v2\/pages"}],"about":[{"href":"https:\/\/www.nashgroup.com\/es\/wp-json\/wp\/v2\/types\/page"}],"author":[{"embeddable":true,"href":"https:\/\/www.nashgroup.com\/es\/wp-json\/wp\/v2\/users\/1"}],"replies":[{"embeddable":true,"href":"https:\/\/www.nashgroup.com\/es\/wp-json\/wp\/v2\/comments?post=15732"}],"version-history":[{"count":2,"href":"https:\/\/www.nashgroup.com\/es\/wp-json\/wp\/v2\/pages\/15732\/revisions"}],"predecessor-version":[{"id":15749,"href":"https:\/\/www.nashgroup.com\/es\/wp-json\/wp\/v2\/pages\/15732\/revisions\/15749"}],"wp:attachment":[{"href":"https:\/\/www.nashgroup.com\/es\/wp-json\/wp\/v2\/media?parent=15732"}],"curies":[{"name":"wp","href":"https:\/\/api.w.org\/{rel}","templated":true}]}}