{"id":13916,"date":"2022-07-18T12:45:12","date_gmt":"2022-07-18T17:45:12","guid":{"rendered":"https:\/\/www.nashgroup.com\/o-que-fazemos\/"},"modified":"2022-08-13T19:01:15","modified_gmt":"2022-08-14T00:01:15","slug":"o-que-fazemos","status":"publish","type":"page","link":"https:\/\/www.nashgroup.com\/pt-br\/o-que-fazemos\/","title":{"rendered":"O que fazemos"},"content":{"rendered":"\n<div class=\"wp-block-columns is-layout-flex wp-container-core-columns-is-layout-9d6595d7 wp-block-columns-is-layout-flex\">\n<div class=\"wp-block-column is-layout-flow wp-block-column-is-layout-flow\">\n<h2 class=\"has-text-align-center has-text-color wp-block-heading\" style=\"color:#3c4774\">Business intelligence que melhora as opera\u00e7\u00f5es e aumenta o desempenho financeiro.<\/h2>\n\n\n\n<p>O Grupo Nash consulta hospitais a n\u00edvel nacional para melhorar as opera\u00e7\u00f5es e aumentar o desempenho do \ufb01nancial:<\/p>\n\n\n\n<ul class=\"wp-block-list\"><li>Servi\u00e7os de internamento<\/li><li>Servi\u00e7os Ambulatoriais<\/li><li>Servi\u00e7os de emerg\u00eancia<\/li><li>Salas de opera\u00e7\u00f5es<\/li><li>Laborat\u00f3rios de Cat\u00e1strofes Card\u00edacas<\/li><li>Farm\u00e1cia<\/li><li>Todos os servi\u00e7os de apoio<\/li><\/ul>\n\n\n<p>O Grupo Nash combina estrat\u00e9gias \u00fanicas com capacidade de monitoriza\u00e7\u00e3o de desempenho para agregar cuidados, rede\ufb01ne cargas de trabalho cl\u00ednico, e staf\ufb01ng planos, e custos de m\u00e3o-de-obra mais baixos.<\/p>\n\n\n\n<p>O nosso produto principal \u00e9 a <a href=\"\/?page_id=910\">SDM 20\/20\u2122,<\/a> que tem um historial de auditoria para a entrega de signi\ufb01cant poupan\u00e7a de custos, ROI e payback de \ufb01nancial consistente com as melhores pr\u00e1ticas de funcionamento.<\/p>\n\n\n\n<p>Relacionado com o SDM 20\/20 est\u00e1 o nosso <a href=\"https:\/\/www.nashgroup.com\/pt-br\/nash-analytics\/\">Nash Analytics\u2122<\/a>. Este software fornece ferramentas de gest\u00e3o de produtividade e or\u00e7amento a n\u00edvel empresarial para departamentos cl\u00ednicos e n\u00e3o cl\u00ednicos para validar o cumprimento das metas SDM 20\/20 e \ufb01nancial ao longo do dia. \u00c9 um sistema \u00fanico de Business Intelligence que cont\u00e9m todas as ferramentas necess\u00e1rias para analisar, conceber e monitorizar a estrat\u00e9gia SDM 20\/20.<\/p>\n\n\n\n<p>Para compreender a efic\u00e1cia do nosso trabalho, basta olhar para estes resultados para os hospitais com 200 a 700 camas com pessoal:<\/p>\n\n\n\n<ul class=\"wp-block-list\"><li>Redu\u00e7\u00e3o de custos de m\u00e3o-de-obra directa de $1,000,000 para $4,000,000<\/li><li>Projecto ROI de 400% para 1.000+%<\/li><li>Compensa\u00e7\u00e3o financeira clara em menos de 8 meses<\/li><\/ul>\n\n\n<p>Por favor, sinta-se \u00e0 vontade para ler mais sobre<strong> <a href=\"https:\/\/www.nashgroup.com\/pt-br\/sdm20-20\/\">SDM 20\/20<\/a><\/strong> ou<strong> <a href=\"https:\/\/www.nashgroup.com\/pt-br\/nash-analytics\/\">Nash Analytics\u2122<\/a><\/strong>ou solicitar uma <a href=\"https:\/\/www.nashgroup.com\/pt-br\/formulario-de-avaliacao-gratuito\/\"><strong>avalia\u00e7\u00e3o preliminar GRATUITA<\/strong><\/a> do impacto que o Grupo Nash pode ter nas suas opera\u00e7\u00f5es e \ufb01nances.<\/p>\n<\/div>\n\n\n\n<div class=\"wp-block-column is-vertically-aligned-top is-layout-flow wp-block-column-is-layout-flow\">\n<h2 class=\"alignwide has-text-align-center has-text-color wp-block-heading\" style=\"color:#3c4774\">Um resultado leva ao seguinte.<\/h2>\n\n\n\n<div style=\"height:50px\" aria-hidden=\"true\" class=\"wp-block-spacer\"><\/div>\n\n\n\n<div id=\"section-ge895c9\" class=\"wp-block-gutentor-e6 section-ge895c9 gutentor-element gutentor-element-image wow slideInRight text-align-center-desktop\" data-wow-animation=\"slideInRight\" data-wow-delay=\"0s\"><div class=\"gutentor-element-image-box\"><div class=\"gutentor-image-thumb\"><img decoding=\"async\" class=\"normal-image\" src=\"https:\/\/www.nashgroup.com\/wp-content\/uploads\/2019\/04\/1-flow-stabalize-1.png\"><\/div><\/div><\/div>\n\n\n\n<div id=\"section-gda4186\" class=\"wp-block-gutentor-e6 section-gda4186 gutentor-element gutentor-element-image wow slideInRight text-align-center-desktop\" data-wow-animation=\"slideInRight\" data-wow-delay=\"1s\"><div class=\"gutentor-element-image-box\"><div class=\"gutentor-image-thumb\"><img decoding=\"async\" class=\"normal-image\" src=\"https:\/\/www.nashgroup.com\/wp-content\/uploads\/2019\/04\/2-flow-reduce-1.png\"><\/div><\/div><\/div>\n\n\n\n<div id=\"section-gdfe67d\" class=\"wp-block-gutentor-e6 section-gdfe67d gutentor-element gutentor-element-image wow slideInRight text-align-center-desktop\" data-wow-animation=\"slideInRight\" data-wow-delay=\"2s\"><div class=\"gutentor-element-image-box\"><div class=\"gutentor-image-thumb\"><img decoding=\"async\" class=\"normal-image\" src=\"https:\/\/www.nashgroup.com\/wp-content\/uploads\/2019\/04\/3-flow-balance-1.png\"><\/div><\/div><\/div>\n\n\n\n<div id=\"section-g3a3a15\" class=\"wp-block-gutentor-e6 section-g3a3a15 gutentor-element gutentor-element-image wow slideInRight text-align-center-desktop\" data-wow-animation=\"slideInRight\" data-wow-delay=\"3s\"><div class=\"gutentor-element-image-box\"><div class=\"gutentor-image-thumb\"><img decoding=\"async\" class=\"normal-image\" src=\"https:\/\/www.nashgroup.com\/wp-content\/uploads\/2019\/04\/4-flow-lower-1.png\"><\/div><\/div><\/div>\n\n\n\n<div id=\"section-gd73c42\" class=\"wp-block-gutentor-e6 section-gd73c42 gutentor-element gutentor-element-image wow slideInRight text-align-center-desktop\" data-wow-animation=\"slideInRight\" data-wow-delay=\"4s\"><div class=\"gutentor-element-image-box\"><div class=\"gutentor-image-thumb\"><img decoding=\"async\" class=\"normal-image\" src=\"https:\/\/www.nashgroup.com\/wp-content\/uploads\/2019\/04\/5-flow-reinvest-1.png\"><\/div><\/div><\/div>\n<\/div>\n<\/div>\n","protected":false},"excerpt":{"rendered":"<p>Business intelligence que melhora as opera\u00e7\u00f5es e aumenta o desempenho financeiro. O Grupo Nash consulta hospitais a n\u00edvel nacional para melhorar as opera\u00e7\u00f5es e aumentar o desempenho do \ufb01nancial: Servi\u00e7os &#8230;<\/p>\n","protected":false},"author":1,"featured_media":0,"parent":0,"menu_order":0,"comment_status":"closed","ping_status":"closed","template":"","meta":{"footnotes":""},"class_list":["post-13916","page","type-page","status-publish","hentry"],"_links":{"self":[{"href":"https:\/\/www.nashgroup.com\/pt-br\/wp-json\/wp\/v2\/pages\/13916","targetHints":{"allow":["GET"]}}],"collection":[{"href":"https:\/\/www.nashgroup.com\/pt-br\/wp-json\/wp\/v2\/pages"}],"about":[{"href":"https:\/\/www.nashgroup.com\/pt-br\/wp-json\/wp\/v2\/types\/page"}],"author":[{"embeddable":true,"href":"https:\/\/www.nashgroup.com\/pt-br\/wp-json\/wp\/v2\/users\/1"}],"replies":[{"embeddable":true,"href":"https:\/\/www.nashgroup.com\/pt-br\/wp-json\/wp\/v2\/comments?post=13916"}],"version-history":[{"count":1,"href":"https:\/\/www.nashgroup.com\/pt-br\/wp-json\/wp\/v2\/pages\/13916\/revisions"}],"predecessor-version":[{"id":13917,"href":"https:\/\/www.nashgroup.com\/pt-br\/wp-json\/wp\/v2\/pages\/13916\/revisions\/13917"}],"wp:attachment":[{"href":"https:\/\/www.nashgroup.com\/pt-br\/wp-json\/wp\/v2\/media?parent=13916"}],"curies":[{"name":"wp","href":"https:\/\/api.w.org\/{rel}","templated":true}]}}