{"id":13920,"date":"2022-07-19T10:28:44","date_gmt":"2022-07-19T15:28:44","guid":{"rendered":"https:\/\/www.nashgroup.com\/webinars-clients\/"},"modified":"2022-08-13T19:01:51","modified_gmt":"2022-08-14T00:01:51","slug":"webinars-clients","status":"publish","type":"page","link":"https:\/\/www.nashgroup.com\/pt-br\/webinars-clients\/","title":{"rendered":"webinars-clients"},"content":{"rendered":"\n<h2 class=\"wp-block-heading\">Webinars<\/h2>\n\n<div class=\"wp-block-columns is-layout-flex wp-container-core-columns-is-layout-9d6595d7 wp-block-columns-is-layout-flex\">\n<div class=\"wp-block-column is-layout-flow wp-block-column-is-layout-flow\" style=\"flex-basis:33.33%\">\n<div id=\"section-gff81ec\" class=\"wp-block-gutentor-e2 section-gff81ec gutentor-element gutentor-element-button button-align-center-desktop\"><span class=\"gutentor-button-wrap\"><a class=\"gutentor-button gutentor-block-button gutentor-icon-hide\" href=\"https:\/\/www.nashgroup.com\/pt-br\/biblioteca\/\"><i class=\"gutentor-button-icon fas fa-book\"><\/i><span>Por favor, verifique a biblioteca de grava\u00e7\u00f5es<\/span><\/a><\/span><\/div>\n<\/div>\n\n\n\n<div class=\"wp-block-column is-layout-flow wp-block-column-is-layout-flow\" style=\"flex-basis:66.66%\">\n<h3 class=\"has-text-align-center has-text-color wp-block-heading\" style=\"color:#3c4774\">Nash Analytics\u2122 &#8211; Gerar ou validar um or\u00e7amento<\/h3>\n\n\n\n<p>O novo ano fiscal est\u00e1 mesmo ao virar da esquina. Retire o trabalho de adivinha\u00e7\u00e3o da or\u00e7amenta\u00e7\u00e3o e racionalize o processo com Nash Analytics\u2122. Criar um or\u00e7amento totalmente carregado, incluindo FTEs e d\u00f3lares produtivos e n\u00e3o produtivos, com alguns passos simples.<\/p>\n<\/div>\n<\/div>\n\n<div class=\"wp-block-columns is-layout-flex wp-container-core-columns-is-layout-9d6595d7 wp-block-columns-is-layout-flex\">\n<div class=\"wp-block-column is-layout-flow wp-block-column-is-layout-flow\" style=\"flex-basis:33.33%\">\n<div id=\"section-g2abec1\" class=\"wp-block-gutentor-e2 section-g2abec1 gutentor-element gutentor-element-button button-align-center-desktop\"><span class=\"gutentor-button-wrap\"><a class=\"gutentor-button gutentor-block-button gutentor-icon-hide\" href=\"https:\/\/www.nashgroup.com\/pt-br\/biblioteca\/\"><i class=\"gutentor-button-icon fas fa-book\"><\/i><span>Por favor, verifique a biblioteca de grava\u00e7\u00f5es<\/span><\/a><\/span><\/div>\n<\/div>\n\n\n\n<div class=\"wp-block-column is-layout-flow wp-block-column-is-layout-flow\" style=\"flex-basis:66.66%\">\n<h3 class=\"has-text-align-center has-text-color wp-block-heading\" style=\"color:#3c4774\">Nash Analytics\u2122 &#8211; Monitorizar a conformidade do pessoal e avaliar as modifica\u00e7\u00f5es do pessoal com base na acuidade<\/h3>\n\n\n\n<p>A sua organiza\u00e7\u00e3o est\u00e1 a utilizar o plano de pessoal correcto baseado na acuidade do paciente? Monitorizar a capacidade da sua unidade para cumprir o plano de pessoal e avaliar se \u00e9 necess\u00e1rio fazer modifica\u00e7\u00f5es com base na acuidade do paciente usando o Nash Analytics\u2122. Manter a seguran\u00e7a e qualidade dos cuidados de sa\u00fade dos pacientes, assegurando que o pessoal certo est\u00e1 na unidade para o seu tipo de paciente no momento certo.<\/p>\n<\/div>\n<\/div>\n\n<div class=\"wp-block-columns is-layout-flex wp-container-core-columns-is-layout-9d6595d7 wp-block-columns-is-layout-flex\">\n<div class=\"wp-block-column is-layout-flow wp-block-column-is-layout-flow\" style=\"flex-basis:33.33%\">\n<div id=\"section-gb4425b\" class=\"wp-block-gutentor-e2 section-gb4425b gutentor-element gutentor-element-button button-align-center-desktop\"><span class=\"gutentor-button-wrap\"><a class=\"gutentor-button gutentor-block-button gutentor-icon-hide\" href=\"https:\/\/www.nashgroup.com\/pt-br\/biblioteca\/\"><i class=\"gutentor-button-icon fas fa-book\"><\/i><span>Por favor, verifique a biblioteca de grava\u00e7\u00f5es<\/span><\/a><\/span><\/div>\n<\/div>\n\n\n\n<div class=\"wp-block-column is-layout-flow wp-block-column-is-layout-flow\" style=\"flex-basis:66.66%\">\n<h3 class=\"has-text-align-center has-text-color wp-block-heading\" style=\"color:#3c4774\">Nash Analytics\u2122 &#8211; Painel de instrumentos<\/h3>\n\n\n\n<p>Deseja uma vis\u00e3o de alto n\u00edvel das opera\u00e7\u00f5es da sua organiza\u00e7\u00e3o sem ter de rever v\u00e1rios relat\u00f3rios? N\u00e3o procure mais. O Nash Analytics\u2122 Dashboard d\u00e1 acesso ao cumprimento do pessoal de cada unidade, ao recenseamento das unidades, \u00e0 utiliza\u00e7\u00e3o da sitter e \u00e0s cargas de trabalho num \u00fanico relat\u00f3rio.<\/p>\n<\/div>\n<\/div>\n","protected":false},"excerpt":{"rendered":"<p>Webinars Nash Analytics\u2122 &#8211; Gerar ou validar um or\u00e7amento O novo ano fiscal est\u00e1 mesmo ao virar da esquina. Retire o trabalho de adivinha\u00e7\u00e3o da or\u00e7amenta\u00e7\u00e3o e racionalize o processo &#8230;<\/p>\n","protected":false},"author":1,"featured_media":0,"parent":0,"menu_order":0,"comment_status":"closed","ping_status":"closed","template":"","meta":{"footnotes":""},"class_list":["post-13920","page","type-page","status-publish","hentry"],"_links":{"self":[{"href":"https:\/\/www.nashgroup.com\/pt-br\/wp-json\/wp\/v2\/pages\/13920","targetHints":{"allow":["GET"]}}],"collection":[{"href":"https:\/\/www.nashgroup.com\/pt-br\/wp-json\/wp\/v2\/pages"}],"about":[{"href":"https:\/\/www.nashgroup.com\/pt-br\/wp-json\/wp\/v2\/types\/page"}],"author":[{"embeddable":true,"href":"https:\/\/www.nashgroup.com\/pt-br\/wp-json\/wp\/v2\/users\/1"}],"replies":[{"embeddable":true,"href":"https:\/\/www.nashgroup.com\/pt-br\/wp-json\/wp\/v2\/comments?post=13920"}],"version-history":[{"count":1,"href":"https:\/\/www.nashgroup.com\/pt-br\/wp-json\/wp\/v2\/pages\/13920\/revisions"}],"predecessor-version":[{"id":13921,"href":"https:\/\/www.nashgroup.com\/pt-br\/wp-json\/wp\/v2\/pages\/13920\/revisions\/13921"}],"wp:attachment":[{"href":"https:\/\/www.nashgroup.com\/pt-br\/wp-json\/wp\/v2\/media?parent=13920"}],"curies":[{"name":"wp","href":"https:\/\/api.w.org\/{rel}","templated":true}]}}