{"id":13924,"date":"2022-07-19T10:42:23","date_gmt":"2022-07-19T15:42:23","guid":{"rendered":"https:\/\/www.nashgroup.com\/webinars\/"},"modified":"2022-08-13T19:02:25","modified_gmt":"2022-08-14T00:02:25","slug":"webinars","status":"publish","type":"page","link":"https:\/\/www.nashgroup.com\/pt-br\/webinars\/","title":{"rendered":"Webinars"},"content":{"rendered":"\n<h2 class=\"has-text-color wp-block-heading\" style=\"color:#3c4774\">Estamos aqui para ajudar.<\/h2>\n\n<p>A nossa pr\u00f3xima edi\u00e7\u00e3o de webinars educativos est\u00e1 direccionada para clientes que utilizam a aplica\u00e7\u00e3o Nash Analytics\u2122. Se \u00e9 cliente e deseja saber mais sobre como utilizar as funcionalidades da aplica\u00e7\u00e3o Nash Analytics\u2122, registe-se abaixo.<\/p>\n\n<div style=\"height:100px\" aria-hidden=\"true\" class=\"wp-block-spacer\"><\/div>\n\n<section id=\"gm211e431\" class=\"wp-block-gutentor-m2 section-gm211e431 gutentor-module gutentor-dynamic-columns\"><div class=\"grid-container\"><div class=\"grid-row\">\n<div id=\"col-gm443624\" class=\"wp-block-gutentor-m2-col col-gm443624 gutentor-module gutentor-dynamic-single-column grid-lg-6 grid-md-4 grid-12\"><div id=\"section-gm443624\" class=\"section-gm443624 gutentor-single-col has-color-bg has-custom-bg\">\n<div id=\"section-g5a288c\" class=\"wp-block-gutentor-e5 section-g5a288c gutentor-element gutentor-element-icon gutentor-icon-default text-align-center-mobile\"><div class=\"gutentor-element-icon-box\"><i class=\"fas fa-address-card\"><\/i><\/div><\/div>\n\n\n\n<div id=\"section-g7ae2f6\" class=\"wp-block-gutentor-e0 section-g7ae2f6 gutentor-element gutentor-element-advanced-text text-align-center-mobile\"><div class=\"gutentor-text-wrap\"><h4 class=\"gutentor-text\">  Torne-se um membro<\/h4><\/div><\/div>\n\n\n\n<div id=\"section-ge9dd5a\" class=\"wp-block-gutentor-e0 section-ge9dd5a gutentor-element gutentor-element-advanced-text text-align-center-mobile\"><div class=\"gutentor-text-wrap\"><p class=\"gutentor-text\">Como lembrete, pode ver todos os nossos webinars previamente gravados na Biblioteca de Grava\u00e7\u00f5es.  <\/p><\/div><\/div>\n\n\n\n<div id=\"section-g50640f\" class=\"wp-block-gutentor-e2 section-g50640f gutentor-element gutentor-element-button button-align-center-mobile\"><span class=\"gutentor-button-wrap\"><a class=\"gutentor-button gutentor-block-button gutentor-icon-hide\" href=\"https:\/\/www.nashgroup.com\/pt-br\/webinars-clients\/\"><i class=\"gutentor-button-icon fas fa-book\"><\/i><span>Registe-se agora<\/span><\/a><\/span><\/div>\n<\/div><\/div>\n\n\n\n<div id=\"col-gm40d8a8\" class=\"wp-block-gutentor-m2-col col-gm40d8a8 gutentor-module gutentor-dynamic-single-column grid-lg-6 grid-md-4 grid-12\"><div id=\"section-gm40d8a8\" class=\"section-gm40d8a8 gutentor-single-col has-color-bg has-custom-bg\">\n<div id=\"section-gc366b6\" class=\"wp-block-gutentor-e5 section-gc366b6 gutentor-element gutentor-element-icon gutentor-icon-default text-align-center-mobile\"><div class=\"gutentor-element-icon-box\"><i class=\"far fa-file-video\"><\/i><\/div><\/div>\n\n\n\n<div id=\"section-g82291c\" class=\"wp-block-gutentor-e0 section-g82291c gutentor-element gutentor-element-advanced-text text-align-center-mobile\"><div class=\"gutentor-text-wrap\"><h4 class=\"gutentor-text\">  Biblioteca  <\/h4><\/div><\/div>\n\n\n\n<div id=\"section-g40409b\" class=\"wp-block-gutentor-e0 section-g40409b gutentor-element gutentor-element-advanced-text text-align-center-mobile\"><div class=\"gutentor-text-wrap\"><p class=\"gutentor-text\">Biblioteca de grava\u00e7\u00f5es.<br><br><\/p><\/div><\/div>\n\n\n\n<div id=\"section-g147295\" class=\"wp-block-gutentor-e2 section-g147295 gutentor-element gutentor-element-button button-align-center-mobile\"><span class=\"gutentor-button-wrap\"><a class=\"gutentor-button gutentor-block-button gutentor-icon-hide\" href=\"https:\/\/www.nashgroup.com\/pt-br\/biblioteca\/\"><i class=\"gutentor-button-icon fas fa-book\"><\/i><span>Biblioteca  <\/span><\/a><\/span><\/div>\n<\/div><\/div>\n<\/div><\/div><\/section>\n","protected":false},"excerpt":{"rendered":"<p>Estamos aqui para ajudar. A nossa pr\u00f3xima edi\u00e7\u00e3o de webinars educativos est\u00e1 direccionada para clientes que utilizam a aplica\u00e7\u00e3o Nash Analytics\u2122. Se \u00e9 cliente e deseja saber mais sobre como &#8230;<\/p>\n","protected":false},"author":1,"featured_media":0,"parent":0,"menu_order":0,"comment_status":"closed","ping_status":"closed","template":"","meta":{"footnotes":""},"class_list":["post-13924","page","type-page","status-publish","hentry"],"_links":{"self":[{"href":"https:\/\/www.nashgroup.com\/pt-br\/wp-json\/wp\/v2\/pages\/13924","targetHints":{"allow":["GET"]}}],"collection":[{"href":"https:\/\/www.nashgroup.com\/pt-br\/wp-json\/wp\/v2\/pages"}],"about":[{"href":"https:\/\/www.nashgroup.com\/pt-br\/wp-json\/wp\/v2\/types\/page"}],"author":[{"embeddable":true,"href":"https:\/\/www.nashgroup.com\/pt-br\/wp-json\/wp\/v2\/users\/1"}],"replies":[{"embeddable":true,"href":"https:\/\/www.nashgroup.com\/pt-br\/wp-json\/wp\/v2\/comments?post=13924"}],"version-history":[{"count":1,"href":"https:\/\/www.nashgroup.com\/pt-br\/wp-json\/wp\/v2\/pages\/13924\/revisions"}],"predecessor-version":[{"id":13925,"href":"https:\/\/www.nashgroup.com\/pt-br\/wp-json\/wp\/v2\/pages\/13924\/revisions\/13925"}],"wp:attachment":[{"href":"https:\/\/www.nashgroup.com\/pt-br\/wp-json\/wp\/v2\/media?parent=13924"}],"curies":[{"name":"wp","href":"https:\/\/api.w.org\/{rel}","templated":true}]}}