{"id":13932,"date":"2022-07-18T13:54:29","date_gmt":"2022-07-18T18:54:29","guid":{"rendered":"https:\/\/www.nashgroup.com\/visao-geral-dos-produtos\/"},"modified":"2022-08-13T19:04:17","modified_gmt":"2022-08-14T00:04:17","slug":"visao-geral-dos-produtos","status":"publish","type":"page","link":"https:\/\/www.nashgroup.com\/pt-br\/visao-geral-dos-produtos\/","title":{"rendered":"Vis\u00e3o geral dos produtos"},"content":{"rendered":"\n<h2 class=\"has-text-align-center has-text-color wp-block-heading\" style=\"color:#3c4774\">Business intelligence que melhora as opera\u00e7\u00f5es e aumenta o desempenho financeiro.<\/h2>\n\n<p>O Grupo Nash consulta hospitais e redes de sa\u00fade a n\u00edvel nacional sobre como atingir estrat\u00e9gias empresariais, antecipar opera\u00e7\u00f5es de presta\u00e7\u00e3o de cuidados, e melhorar o desempenho financeiro. Nash oferece uma vasta carteira de metodologias reconhecidas e inovadoras a n\u00edvel nacional nas seguintes \u00e1reas. Clique em cada oferta de servi\u00e7o para saber mais sobre o que oferecemos.<\/p>\n\n<section id=\"gm33ee55c\" class=\"wp-block-gutentor-m4 section-gm33ee55c gutentor-module gutentor-advanced-columns\"><div class=\"grid-container\"><div class=\"grid-row\">\n<div id=\"col-gmc3ee9a\" class=\"wp-block-gutentor-m4-col col-gmc3ee9a gutentor-single-column  grid-lg-4 grid-md-12 grid-12\"><div id=\"section-gmc3ee9a\" class=\"section-gmc3ee9a gutentor-col-wrap\">\n<h3 class=\"has-text-align-center has-text-color wp-block-heading\" style=\"color:#f56e47\">Servi\u00e7os de internamento<\/h3>\n\n\n\n<ul class=\"wp-block-list\"><li>Planos de pessoal e cargas de trabalho<\/li><li>Gest\u00e3o de casos<\/li><li>SDM20\/20\u2122<ul><li>Coloca\u00e7\u00e3o e agrega\u00e7\u00e3o<\/li><li>EcoSize\u2122<\/li><li>TQS\u2122 (Top Quartile Scheduling)<\/li><li>ADTFM\u2122<\/li><li>Planos de pessoal e cargas de trabalho<\/li><\/ul><\/li><\/ul>\n\n\n<div id=\"section-g75c69f\" class=\"wp-block-gutentor-e2 alignwide section-g75c69f gutentor-element gutentor-element-button button-align-center-desktop\"><span class=\"gutentor-button-wrap\"><a class=\"gutentor-button gutentor-block-button gutentor-icon-hide\" href=\"https:\/\/www.nashgroup.com\/pt-br\/servicos-de-internamento\/\"><i class=\"gutentor-button-icon fas fa-book\"><\/i><span>Saiba mais<\/span><\/a><\/span><\/div>\n<\/div><\/div>\n\n\n\n<div id=\"col-gm169d4b\" class=\"wp-block-gutentor-m4-col col-gm169d4b gutentor-single-column  grid-lg-4 grid-md-12 grid-12\"><div id=\"section-gm169d4b\" class=\"section-gm169d4b gutentor-col-wrap\">\n<h3 class=\"has-text-align-center has-text-color wp-block-heading\" style=\"color:#f56e47\">Servi\u00e7os de emerg\u00eancia<\/h3>\n\n\n\n<ul class=\"wp-block-list\"><li>Primeiro Contacto ED\u2122<\/li><li>Optimiza\u00e7\u00e3o da aloca\u00e7\u00e3o de m\u00e3o-de-obra \u00e0 procura de servi\u00e7os e \u00e0 carga de trabalho do pessoal<\/li><li>Apoio \u00e0 integra\u00e7\u00e3o<\/li><li>TQS\u2122 (Top Quartile Scheduling)<\/li><\/ul>\n\n\n<div id=\"section-g4a8063\" class=\"wp-block-gutentor-e2 alignwide section-g4a8063 gutentor-element gutentor-element-button button-align-center-desktop\"><span class=\"gutentor-button-wrap\"><a class=\"gutentor-button gutentor-block-button gutentor-icon-hide\" href=\"https:\/\/www.nashgroup.com\/pt-br\/servicos-de-emergencia\/\"><i class=\"gutentor-button-icon fas fa-book\"><\/i><span>Saiba mais<\/span><\/a><\/span><\/div>\n<\/div><\/div>\n\n\n\n<div id=\"col-gmc21180\" class=\"wp-block-gutentor-m4-col col-gmc21180 gutentor-single-column  grid-lg-4 grid-md-12 grid-12\"><div id=\"section-gmc21180\" class=\"section-gmc21180 gutentor-col-wrap\">\n<h3 class=\"has-text-align-center has-text-color wp-block-heading\" style=\"color:#f56e47\">Ambulat\u00f3rio e Servi\u00e7os Auxiliares<\/h3>\n\n\n\n<ul class=\"wp-block-list\"><li>Optimiza\u00e7\u00e3o da aloca\u00e7\u00e3o de m\u00e3o-de-obra \u00e0 procura de servi\u00e7os e \u00e0 carga de trabalho do pessoal<\/li><li>Implementa\u00e7\u00e3o ou centraliza\u00e7\u00e3o de servi\u00e7os<\/li><li>Processo mais curto, prioridade, e modalidades de servi\u00e7o de rotunda<\/li><li>TQS\u2122 (Top Quartile Scheduling)<\/li><\/ul>\n\n\n<div id=\"section-gf080f4\" class=\"wp-block-gutentor-e2 alignwide section-gf080f4 gutentor-element gutentor-element-button button-align-center-desktop\"><span class=\"gutentor-button-wrap\"><a class=\"gutentor-button gutentor-block-button gutentor-icon-hide\" href=\"https:\/\/www.nashgroup.com\/pt-br\/ambulatorio-e-servicos-auxiliares\/\"><i class=\"gutentor-button-icon fas fa-book\"><\/i><span>Saiba mais<\/span><\/a><\/span><\/div>\n<\/div><\/div>\n<\/div><\/div><\/section>\n","protected":false},"excerpt":{"rendered":"<p>Business intelligence que melhora as opera\u00e7\u00f5es e aumenta o desempenho financeiro. O Grupo Nash consulta hospitais e redes de sa\u00fade a n\u00edvel nacional sobre como atingir estrat\u00e9gias empresariais, antecipar opera\u00e7\u00f5es &#8230;<\/p>\n","protected":false},"author":1,"featured_media":0,"parent":0,"menu_order":0,"comment_status":"closed","ping_status":"closed","template":"","meta":{"footnotes":""},"class_list":["post-13932","page","type-page","status-publish","hentry"],"_links":{"self":[{"href":"https:\/\/www.nashgroup.com\/pt-br\/wp-json\/wp\/v2\/pages\/13932","targetHints":{"allow":["GET"]}}],"collection":[{"href":"https:\/\/www.nashgroup.com\/pt-br\/wp-json\/wp\/v2\/pages"}],"about":[{"href":"https:\/\/www.nashgroup.com\/pt-br\/wp-json\/wp\/v2\/types\/page"}],"author":[{"embeddable":true,"href":"https:\/\/www.nashgroup.com\/pt-br\/wp-json\/wp\/v2\/users\/1"}],"replies":[{"embeddable":true,"href":"https:\/\/www.nashgroup.com\/pt-br\/wp-json\/wp\/v2\/comments?post=13932"}],"version-history":[{"count":1,"href":"https:\/\/www.nashgroup.com\/pt-br\/wp-json\/wp\/v2\/pages\/13932\/revisions"}],"predecessor-version":[{"id":13933,"href":"https:\/\/www.nashgroup.com\/pt-br\/wp-json\/wp\/v2\/pages\/13932\/revisions\/13933"}],"wp:attachment":[{"href":"https:\/\/www.nashgroup.com\/pt-br\/wp-json\/wp\/v2\/media?parent=13932"}],"curies":[{"name":"wp","href":"https:\/\/api.w.org\/{rel}","templated":true}]}}