{"id":13940,"date":"2022-07-19T10:15:19","date_gmt":"2022-07-19T15:15:19","guid":{"rendered":"https:\/\/www.nashgroup.com\/recursos\/"},"modified":"2022-08-13T19:06:05","modified_gmt":"2022-08-14T00:06:05","slug":"recursos","status":"publish","type":"page","link":"https:\/\/www.nashgroup.com\/pt-br\/recursos\/","title":{"rendered":"Recursos"},"content":{"rendered":"\n<div style=\"height:115px\" aria-hidden=\"true\" class=\"wp-block-spacer\"><\/div>\n\n<section id=\"gme63be85\" class=\"wp-block-gutentor-m2 section-gme63be85 gutentor-module gutentor-dynamic-columns\"><div class=\"grid-container\"><div class=\"grid-row\">\n<div id=\"col-gm53ac82\" class=\"wp-block-gutentor-m2-col col-gm53ac82 gutentor-module gutentor-dynamic-single-column grid-lg-6 grid-md-4 grid-12\"><div id=\"section-gm53ac82\" class=\"section-gm53ac82 gutentor-single-col has-color-bg has-custom-bg\">\n<div id=\"section-g40041f\" class=\"wp-block-gutentor-e5 section-g40041f gutentor-element gutentor-element-icon gutentor-icon-default text-align-center-mobile\"><div class=\"gutentor-element-icon-box\"><i class=\"fas fa-book\"><\/i><\/div><\/div>\n\n\n\n<div id=\"section-g8c33a2\" class=\"wp-block-gutentor-e0 section-g8c33a2 gutentor-element gutentor-element-advanced-text text-align-center-mobile\"><div class=\"gutentor-text-wrap\"><h4 class=\"gutentor-text\">An\u00e1lise das cargas de trabalho de Nash<\/h4><\/div><\/div>\n\n\n\n<div id=\"section-gebfad9\" class=\"wp-block-gutentor-e0 section-gebfad9 gutentor-element gutentor-element-advanced-text text-align-center-mobile\"><div class=\"gutentor-text-wrap\"><p class=\"gutentor-text\">Informa\u00e7\u00e3o de carga de trabalho para RNs e PCTs atrav\u00e9s de divis\u00f5es.<\/p><\/div><\/div>\n\n\n\n<div id=\"section-gba2d30\" class=\"wp-block-gutentor-e2 section-gba2d30 gutentor-element gutentor-element-button button-align-center-mobile\"><span class=\"gutentor-button-wrap\"><a class=\"gutentor-button gutentor-block-button gutentor-icon-hide\" href=\"https:\/\/www.nashgroup.com\/pt-br\/analise-da-carga-de-trabalho-de-nash\/\"><i class=\"gutentor-button-icon fas fa-book\"><\/i><span>Cargas de trabalho<\/span><\/a><\/span><\/div>\n<\/div><\/div>\n\n\n\n<div id=\"col-gmf7483a\" class=\"wp-block-gutentor-m2-col col-gmf7483a gutentor-module gutentor-dynamic-single-column grid-lg-6 grid-md-4 grid-12\"><div id=\"section-gmf7483a\" class=\"section-gmf7483a gutentor-single-col has-color-bg has-custom-bg\">\n<div id=\"section-g8a7569\" class=\"wp-block-gutentor-e5 section-g8a7569 gutentor-element gutentor-element-icon gutentor-icon-default text-align-center-mobile\"><div class=\"gutentor-element-icon-box\"><i class=\"far fa-chart-bar\"><\/i><\/div><\/div>\n\n\n\n<div id=\"section-gae6e05\" class=\"wp-block-gutentor-e0 section-gae6e05 gutentor-element gutentor-element-advanced-text text-align-center-mobile\"><div class=\"gutentor-text-wrap\"><h4 class=\"gutentor-text\">Biblioteca de grava\u00e7\u00f5es<\/h4><\/div><\/div>\n\n\n\n<div id=\"section-g4fb567\" class=\"wp-block-gutentor-e0 section-g4fb567 gutentor-element gutentor-element-advanced-text text-align-center-mobile\"><div class=\"gutentor-text-wrap\"><p class=\"gutentor-text\">Indicadores-chave de desempenho para alguns dos nossos clientes.  <\/p><\/div><\/div>\n\n\n\n<div id=\"section-g094a79\" class=\"wp-block-gutentor-e2 section-g094a79 gutentor-element gutentor-element-button button-align-center-mobile\"><span class=\"gutentor-button-wrap\"><a class=\"gutentor-button gutentor-block-button gutentor-icon-hide\" href=\"https:\/\/www.nashgroup.com\/pt-br\/os-nossos-resultados\/\"><i class=\"gutentor-button-icon fas fa-book\"><\/i><span>Resultados<\/span><\/a><\/span><\/div>\n<\/div><\/div>\n\n\n\n<div id=\"col-gm7a0aff\" class=\"wp-block-gutentor-m2-col col-gm7a0aff gutentor-module gutentor-dynamic-single-column grid-lg-6 grid-md-4 grid-12\"><div id=\"section-gm7a0aff\" class=\"section-gm7a0aff gutentor-single-col has-color-bg has-custom-bg\">\n<div id=\"section-gbf310d\" class=\"wp-block-gutentor-e5 section-gbf310d gutentor-element gutentor-element-icon gutentor-icon-default text-align-center-mobile\"><div class=\"gutentor-element-icon-box\"><i class=\"fas fa-book\"><\/i><\/div><\/div>\n\n\n\n<div id=\"section-gf9ae37\" class=\"wp-block-gutentor-e0 section-gf9ae37 gutentor-element gutentor-element-advanced-text text-align-center-mobile\"><div class=\"gutentor-text-wrap\"><h4 class=\"gutentor-text\">Webinars<\/h4><\/div><\/div>\n\n\n\n<div id=\"section-g8de0ac\" class=\"wp-block-gutentor-e0 section-g8de0ac gutentor-element gutentor-element-advanced-text text-align-center-mobile\"><div class=\"gutentor-text-wrap\"><p class=\"gutentor-text\">Registe-se para as nossas ofertas actuais de webinars!  <\/p><\/div><\/div>\n\n\n\n<div id=\"section-g425d9a\" class=\"wp-block-gutentor-e2 section-g425d9a gutentor-element gutentor-element-button button-align-center-mobile\"><span class=\"gutentor-button-wrap\"><a class=\"gutentor-button gutentor-block-button gutentor-icon-hide\" href=\"https:\/\/www.nashgroup.com\/pt-br\/webinars\/\"><i class=\"gutentor-button-icon fas fa-book\"><\/i><span>Webinars<\/span><\/a><\/span><\/div>\n<\/div><\/div>\n\n\n\n<div id=\"col-gmf6a415\" class=\"wp-block-gutentor-m2-col col-gmf6a415 gutentor-module gutentor-dynamic-single-column grid-lg-6 grid-md-4 grid-12\"><div id=\"section-gmf6a415\" class=\"section-gmf6a415 gutentor-single-col has-color-bg has-custom-bg\">\n<div id=\"section-g0bee32\" class=\"wp-block-gutentor-e5 section-g0bee32 gutentor-element gutentor-element-icon gutentor-icon-default text-align-center-mobile\"><div class=\"gutentor-element-icon-box\"><i class=\"fas fa-book\"><\/i><\/div><\/div>\n\n\n\n<div id=\"section-g938fe7\" class=\"wp-block-gutentor-e0 section-g938fe7 gutentor-element gutentor-element-advanced-text text-align-center-mobile\"><div class=\"gutentor-text-wrap\"><h4 class=\"gutentor-text\">  Grava\u00e7\u00f5es<\/h4><\/div><\/div>\n\n\n\n<div id=\"section-g32613d\" class=\"wp-block-gutentor-e0 section-g32613d gutentor-element gutentor-element-advanced-text text-align-center-mobile\"><div class=\"gutentor-text-wrap\"><p class=\"gutentor-text\">Ou\u00e7a os webinars previamente registados.  <\/p><\/div><\/div>\n\n\n\n<div id=\"section-g3cf152\" class=\"wp-block-gutentor-e2 section-g3cf152 gutentor-element gutentor-element-button button-align-center-mobile\"><span class=\"gutentor-button-wrap\"><a class=\"gutentor-button gutentor-block-button gutentor-icon-hide\" href=\"https:\/\/www.nashgroup.com\/pt-br\/biblioteca\/\"><i class=\"gutentor-button-icon fas fa-book\"><\/i><span>Grava\u00e7\u00f5es<\/span><\/a><\/span><\/div>\n<\/div><\/div>\n<\/div><\/div><\/section>\n\n<div style=\"height:100px\" aria-hidden=\"true\" class=\"wp-block-spacer\"><\/div>\n","protected":false},"excerpt":{"rendered":"","protected":false},"author":1,"featured_media":0,"parent":0,"menu_order":0,"comment_status":"closed","ping_status":"closed","template":"","meta":{"footnotes":""},"class_list":["post-13940","page","type-page","status-publish","hentry"],"_links":{"self":[{"href":"https:\/\/www.nashgroup.com\/pt-br\/wp-json\/wp\/v2\/pages\/13940","targetHints":{"allow":["GET"]}}],"collection":[{"href":"https:\/\/www.nashgroup.com\/pt-br\/wp-json\/wp\/v2\/pages"}],"about":[{"href":"https:\/\/www.nashgroup.com\/pt-br\/wp-json\/wp\/v2\/types\/page"}],"author":[{"embeddable":true,"href":"https:\/\/www.nashgroup.com\/pt-br\/wp-json\/wp\/v2\/users\/1"}],"replies":[{"embeddable":true,"href":"https:\/\/www.nashgroup.com\/pt-br\/wp-json\/wp\/v2\/comments?post=13940"}],"version-history":[{"count":1,"href":"https:\/\/www.nashgroup.com\/pt-br\/wp-json\/wp\/v2\/pages\/13940\/revisions"}],"predecessor-version":[{"id":13941,"href":"https:\/\/www.nashgroup.com\/pt-br\/wp-json\/wp\/v2\/pages\/13940\/revisions\/13941"}],"wp:attachment":[{"href":"https:\/\/www.nashgroup.com\/pt-br\/wp-json\/wp\/v2\/media?parent=13940"}],"curies":[{"name":"wp","href":"https:\/\/api.w.org\/{rel}","templated":true}]}}