{"id":13948,"date":"2022-07-19T10:50:35","date_gmt":"2022-07-19T15:50:35","guid":{"rendered":"https:\/\/www.nashgroup.com\/meios-de-comunicacao-social\/"},"modified":"2022-08-13T19:08:56","modified_gmt":"2022-08-14T00:08:56","slug":"meios-de-comunicacao-social","status":"publish","type":"page","link":"https:\/\/www.nashgroup.com\/pt-br\/meios-de-comunicacao-social\/","title":{"rendered":"Meios de comunica\u00e7\u00e3o social"},"content":{"rendered":"\n<h2 class=\"has-text-color wp-block-heading\" style=\"color:#3c4774\">Partilha do conhecimento<\/h2>\n\n<p>Todos os anos, investimos milhares de horas em investiga\u00e7\u00e3o para desenvolver metodologias ensin\u00e1veis, implement\u00e1veis e anal\u00edticas accion\u00e1veis. Partilhamos continuamente os nossos conhecimentos atrav\u00e9s da realiza\u00e7\u00e3o de uma grande variedade de eventos ao vivo e baseados na Web sobre temas de import\u00e2ncia cr\u00edtica para os l\u00edderes e gestores cl\u00ednicos, operacionais, e \ufb01nancial.<\/p>\n\n<p>Os links abaixo levam-no a v\u00e1rios locais onde os nossos conhecimentos e experi\u00eancias podem ser fundidos com as opini\u00f5es de outros profissionais para que todos bene\ufb01ts.<\/p>\n\n<div class=\"wp-block-columns is-layout-flex wp-container-core-columns-is-layout-9d6595d7 wp-block-columns-is-layout-flex\">\n<div class=\"wp-block-column is-layout-flow wp-block-column-is-layout-flow\">\n<figure class=\"wp-block-image size-full\"><a href=\"https:\/\/www.facebook.com\/TheNashGroup\/\"><img loading=\"lazy\" decoding=\"async\" width=\"119\" height=\"37\" src=\"https:\/\/www.nashgroup.com\/wp-content\/uploads\/2019\/04\/social-page-facebook.png\" alt=\"\" class=\"wp-image-12120\"\/><\/a><\/figure><\/div>\n\n\n\n<div class=\"wp-block-column is-layout-flow wp-block-column-is-layout-flow\">\n<figure class=\"wp-block-image size-full\"><a href=\"https:\/\/www.linkedin.com\/company\/the-nash-group_3\/\"><img loading=\"lazy\" decoding=\"async\" width=\"130\" height=\"37\" src=\"https:\/\/www.nashgroup.com\/wp-content\/uploads\/2019\/04\/social-page-linkedin.png\" alt=\"\" class=\"wp-image-12119\"\/><\/a><\/figure><\/div>\n\n\n\n<div class=\"wp-block-column is-layout-flow wp-block-column-is-layout-flow\">\n<figure class=\"wp-block-image size-full\"><a href=\"https:\/\/vimeo.com\/user64529916\"><img loading=\"lazy\" decoding=\"async\" width=\"130\" height=\"37\" src=\"https:\/\/www.nashgroup.com\/wp-content\/uploads\/2019\/04\/social-page-vimeo.png\" alt=\"\" class=\"wp-image-12126\"\/><\/a><\/figure><\/div>\n<\/div>\n","protected":false},"excerpt":{"rendered":"<p>Partilha do conhecimento Todos os anos, investimos milhares de horas em investiga\u00e7\u00e3o para desenvolver metodologias ensin\u00e1veis, implement\u00e1veis e anal\u00edticas accion\u00e1veis. Partilhamos continuamente os nossos conhecimentos atrav\u00e9s da realiza\u00e7\u00e3o de uma &#8230;<\/p>\n","protected":false},"author":1,"featured_media":0,"parent":0,"menu_order":0,"comment_status":"closed","ping_status":"closed","template":"","meta":{"footnotes":""},"class_list":["post-13948","page","type-page","status-publish","hentry"],"_links":{"self":[{"href":"https:\/\/www.nashgroup.com\/pt-br\/wp-json\/wp\/v2\/pages\/13948","targetHints":{"allow":["GET"]}}],"collection":[{"href":"https:\/\/www.nashgroup.com\/pt-br\/wp-json\/wp\/v2\/pages"}],"about":[{"href":"https:\/\/www.nashgroup.com\/pt-br\/wp-json\/wp\/v2\/types\/page"}],"author":[{"embeddable":true,"href":"https:\/\/www.nashgroup.com\/pt-br\/wp-json\/wp\/v2\/users\/1"}],"replies":[{"embeddable":true,"href":"https:\/\/www.nashgroup.com\/pt-br\/wp-json\/wp\/v2\/comments?post=13948"}],"version-history":[{"count":1,"href":"https:\/\/www.nashgroup.com\/pt-br\/wp-json\/wp\/v2\/pages\/13948\/revisions"}],"predecessor-version":[{"id":13949,"href":"https:\/\/www.nashgroup.com\/pt-br\/wp-json\/wp\/v2\/pages\/13948\/revisions\/13949"}],"wp:attachment":[{"href":"https:\/\/www.nashgroup.com\/pt-br\/wp-json\/wp\/v2\/media?parent=13948"}],"curies":[{"name":"wp","href":"https:\/\/api.w.org\/{rel}","templated":true}]}}