{"id":13956,"date":"2018-09-28T21:56:56","date_gmt":"2018-09-29T02:56:56","guid":{"rendered":"https:\/\/www.nashgroup.com\/testemunhos\/"},"modified":"2022-08-13T19:10:46","modified_gmt":"2022-08-14T00:10:46","slug":"testemunhos","status":"publish","type":"page","link":"https:\/\/www.nashgroup.com\/pt-br\/testemunhos\/","title":{"rendered":"Testemunhos"},"content":{"rendered":"\n<h2 class=\"has-text-color wp-block-heading\" style=\"color:#3c4774\">Testemunhos<\/h2>\n\n<section id=\"section-f7329125-ecbe-4c8f-9aae-60895cd824c8\" class=\"wp-block-gutentor-team gutentor-section gutentor-team team-template1\"><div class=\"grid-container\"><div class=\"gutentor-block-header\"><div class=\"gutentor-section-title text-center\"><h1 class=\"gutentor-title\"><\/h1><\/div><\/div><div class=\"grid-row gutentor-grid-item-wrap\"><div class=\"gutentor-grid-column grid-lg-4 grid-md-4 grid-12\"><div class=\"gutentor-single-item gutentor-image team-template1 gutentor-single-item-0\"><div class=\"gutentor-template-wrapper\"><div class=\"gutentor-single-item-image-box\"><div class=\"gutentor-image-thumb\"><img loading=\"lazy\" decoding=\"async\" class=\"normal-image\" src=\"https:\/\/www.nashgroup.com\/wp-content\/uploads\/2018\/09\/ohio.png\" alt=\"\" height=\"327\" width=\"327\"><\/div><\/div><div class=\"gutentor-single-item-content\"><h3 class=\"gutentor-single-item-title\"><a href=\"https:\/\/www.nashgroup.com\/testimonials\/beverly-j-schrickel\/\">Beverly J. Schrickel, RN<\/a><\/h3><p class=\"gutentor-single-item-designation\"><em>Centro M\u00e9dico Regional Firelands \/ Vice Presidente, Opera\u00e7\u00f5es Cl\u00ednicas, e Oficial Chefe de Enfermagem<\/em><\/p><p class=\"gutentor-single-item-desc\">&#8220;No meu papel como CNO, reconhe\u00e7o o papel cr\u00edtico que os nossos l\u00edderes enfermeiros desempenham. S\u00e3o apaixonados pela concretiza\u00e7\u00e3o dos nossos objectivos cl\u00ednicos e compreendem tanto as suas responsabilidades cl\u00ednicas como financeiras.<\/p><\/div><\/div><\/div><\/div><div class=\"gutentor-grid-column grid-lg-4 grid-md-4 grid-12\"><div class=\"gutentor-single-item gutentor-image team-template1 gutentor-single-item-1\"><div class=\"gutentor-template-wrapper\"><div class=\"gutentor-single-item-image-box\"><div class=\"gutentor-image-thumb\"><img loading=\"lazy\" decoding=\"async\" class=\"normal-image\" src=\"https:\/\/www.nashgroup.com\/wp-content\/uploads\/2018\/09\/michigan.png\" alt=\"\" height=\"720\" width=\"786\"><\/div><\/div><div class=\"gutentor-single-item-content\"><h3 class=\"gutentor-single-item-title\"><a href=\"https:\/\/www.nashgroup.com\/testimonials\/pam-urbanski\/\">Pam Urbanski<\/a><\/h3><p class=\"gutentor-single-item-designation\"><em>Hospital Mercy Memorial \/ Gabinete Principal de Enfermagem e Vice-Presidente S\u00e9nior, Servi\u00e7os de Cuidados ao Paciente<\/em><\/p><p class=\"gutentor-single-item-desc\">Contrat\u00e1mos a Nash porque t\u00ednhamos desafios para manter o n\u00edvel de pessoal e identificar FTE versus organismos. Um dos nossos desafios era manter a equipa de cuidados consistente para que os enfermeiros pudessem conhecer de forma fi\u00e1vel o r\u00e1cio de doentes.<\/p><\/div><\/div><\/div><\/div><div class=\"gutentor-grid-column grid-lg-4 grid-md-4 grid-12\"><div class=\"gutentor-single-item gutentor-image team-template1 gutentor-single-item-2\"><div class=\"gutentor-template-wrapper\"><div class=\"gutentor-single-item-image-box\"><div class=\"gutentor-image-thumb\"><img loading=\"lazy\" decoding=\"async\" class=\"normal-image\" src=\"https:\/\/www.nashgroup.com\/wp-content\/uploads\/2018\/09\/michigan.png\" alt=\"\" height=\"720\" width=\"786\"><\/div><\/div><div class=\"gutentor-single-item-content\"><h3 class=\"gutentor-single-item-title\"><a href=\"https:\/\/www.nashgroup.com\/testimonials\/tom-schilling\/\">Tom Schilling<\/a><br><\/h3><p class=\"gutentor-single-item-designation\"><em>Hospital Mercy Memorial \/ Chief Financial Officer e Vice-Presidente S\u00e9nior, Finan\u00e7as<\/em><\/p><p class=\"gutentor-single-item-desc\">&#8220;Estou neste neg\u00f3cio h\u00e1 35 anos e o Nash \u00e9 um dos melhores. Recomendei-os a v\u00e1rios outros hospitais porque fizeram um trabalho not\u00e1vel para n\u00f3s. Trazem um produto comprovado &#8211; um sistema de programa\u00e7\u00e3o que funciona. Estamos a utiliz\u00e1-lo at\u00e9 hoje e temos visto v\u00e1rios milh\u00f5es de d\u00f3lares em poupan\u00e7as.<\/p><\/div><\/div><\/div><\/div><div class=\"gutentor-grid-column grid-lg-4 grid-md-4 grid-12\"><div class=\"gutentor-single-item gutentor-image team-template1 gutentor-single-item-3\"><div class=\"gutentor-template-wrapper\"><div class=\"gutentor-single-item-image-box\"><div class=\"gutentor-image-thumb\"><img loading=\"lazy\" decoding=\"async\" class=\"normal-image\" src=\"https:\/\/www.nashgroup.com\/wp-content\/uploads\/2018\/09\/NY_state.png\" alt=\"\" height=\"625\" width=\"625\"><\/div><\/div><div class=\"gutentor-single-item-content\"><h3 class=\"gutentor-single-item-title\"><a href=\"https:\/\/www.nashgroup.com\/testimonials\/nyack-hospital-nyack-n-y\/\">Carole McCue, RN, MSN, CPHQ<\/a><\/h3><p class=\"gutentor-single-item-designation\"><em>Hospital Nyack \/ Vice Presidente e Director de Enfermagem<\/em><\/p><p class=\"gutentor-single-item-desc\">Os r\u00e1cios definidos de RN por paciente foram, na sua maioria, mantidos com sucesso para cada centro de cuidados de doentes e a necessidade de horas extraordin\u00e1rias obrigat\u00f3rias foi significativamente reduzida<\/p><\/div><\/div><\/div><\/div><div class=\"gutentor-grid-column grid-lg-4 grid-md-4 grid-12\"><div class=\"gutentor-single-item gutentor-image team-template1 gutentor-single-item-4\"><div class=\"gutentor-template-wrapper\"><div class=\"gutentor-single-item-image-box\"><div class=\"gutentor-image-thumb\"><img loading=\"lazy\" decoding=\"async\" class=\"normal-image\" src=\"https:\/\/www.nashgroup.com\/wp-content\/uploads\/2018\/09\/ohio.png\" alt=\"\" height=\"327\" width=\"327\"><\/div><\/div><div class=\"gutentor-single-item-content\"><h3 class=\"gutentor-single-item-title\"><a href=\"https:\/\/www.nashgroup.com\/testimonials\/southwest-general-in-middleburg-heights-ohio\/\">Marti Bauschka<\/a><\/h3><p class=\"gutentor-single-item-designation\"><em>Southwest General \/ Vice President of Patient Care\/CNO<\/em><\/p><p class=\"gutentor-single-item-desc\">A experi\u00eancia foi excelente. Nash envolve-se totalmente consigo e com a sua equipa. 100% do trabalho \u00e9 frente a frente, o que faz realmente uma enorme diferen\u00e7a neste cen\u00e1rio. A equipa Nash tamb\u00e9m foi capaz de envolver eficazmente os gerentes de enfermagem. Trabalhavam mesmo ao seu lado.<\/p><\/div><\/div><\/div><\/div><div class=\"gutentor-grid-column grid-lg-4 grid-md-4 grid-12\"><div class=\"gutentor-single-item gutentor-image team-template1 gutentor-single-item-5\"><div class=\"gutentor-template-wrapper\"><div class=\"gutentor-single-item-image-box\"><div class=\"gutentor-image-thumb\"><img loading=\"lazy\" decoding=\"async\" class=\"normal-image\" src=\"https:\/\/www.nashgroup.com\/wp-content\/uploads\/2018\/09\/indiana.png\" alt=\"\" height=\"327\" width=\"327\"><\/div><\/div><div class=\"gutentor-single-item-content\"><h3 class=\"gutentor-single-item-title\"><a href=\"https:\/\/www.nashgroup.com\/testimonials\/reid-health-in-richmond-indiana\/\">LuAnne Christofaro , MSN, RN<\/a><\/h3><p class=\"gutentor-single-item-designation\"><em>Reid Sa\u00fade \/ Director Executivo de Enfermagem<\/em><\/p><p class=\"gutentor-single-item-desc\">A nossa experi\u00eancia global foi extremamente boa. Nash est\u00e1 extremamente atento, prestando muita aten\u00e7\u00e3o aos detalhes, acompanhando-nos ao longo de todo o processo, tudo isto enquanto utiliza v\u00e1rios meios de comunica\u00e7\u00e3o constante para manter a equipa bem informada de tudo o que se passa.<\/p><\/div><\/div><\/div><\/div><\/div><\/div><\/section>\n","protected":false},"excerpt":{"rendered":"<p>Testemunhos<\/p>\n","protected":false},"author":1,"featured_media":0,"parent":0,"menu_order":0,"comment_status":"closed","ping_status":"closed","template":"","meta":{"footnotes":""},"class_list":["post-13956","page","type-page","status-publish","hentry"],"_links":{"self":[{"href":"https:\/\/www.nashgroup.com\/pt-br\/wp-json\/wp\/v2\/pages\/13956","targetHints":{"allow":["GET"]}}],"collection":[{"href":"https:\/\/www.nashgroup.com\/pt-br\/wp-json\/wp\/v2\/pages"}],"about":[{"href":"https:\/\/www.nashgroup.com\/pt-br\/wp-json\/wp\/v2\/types\/page"}],"author":[{"embeddable":true,"href":"https:\/\/www.nashgroup.com\/pt-br\/wp-json\/wp\/v2\/users\/1"}],"replies":[{"embeddable":true,"href":"https:\/\/www.nashgroup.com\/pt-br\/wp-json\/wp\/v2\/comments?post=13956"}],"version-history":[{"count":1,"href":"https:\/\/www.nashgroup.com\/pt-br\/wp-json\/wp\/v2\/pages\/13956\/revisions"}],"predecessor-version":[{"id":13957,"href":"https:\/\/www.nashgroup.com\/pt-br\/wp-json\/wp\/v2\/pages\/13956\/revisions\/13957"}],"wp:attachment":[{"href":"https:\/\/www.nashgroup.com\/pt-br\/wp-json\/wp\/v2\/media?parent=13956"}],"curies":[{"name":"wp","href":"https:\/\/api.w.org\/{rel}","templated":true}]}}