{"id":13964,"date":"2022-07-19T10:44:30","date_gmt":"2022-07-19T15:44:30","guid":{"rendered":"https:\/\/www.nashgroup.com\/obrigado-avaliacao\/"},"modified":"2022-08-13T19:11:55","modified_gmt":"2022-08-14T00:11:55","slug":"obrigado-avaliacao","status":"publish","type":"page","link":"https:\/\/www.nashgroup.com\/pt-br\/obrigado-avaliacao\/","title":{"rendered":"Obrigado &#8211; Avalia\u00e7\u00e3o"},"content":{"rendered":"\n<h2 class=\"wp-block-heading\">Obrigado por entrar em contacto connosco.<\/h2>\n\n<p>Recebemos o seu envio e entraremos em contacto consigo em breve. Se tiver quaisquer outras quest\u00f5es e quiser fazer-nos uma chamada, pode faz\u00ea-lo atrav\u00e9s do n\u00famero (847) 425-4783  <\/p>\n","protected":false},"excerpt":{"rendered":"<p>Obrigado por entrar em contacto connosco. Recebemos o seu envio e entraremos em contacto consigo em breve. Se tiver quaisquer outras quest\u00f5es e quiser fazer-nos uma chamada, pode faz\u00ea-lo atrav\u00e9s &#8230;<\/p>\n","protected":false},"author":1,"featured_media":0,"parent":0,"menu_order":0,"comment_status":"closed","ping_status":"closed","template":"","meta":{"footnotes":""},"class_list":["post-13964","page","type-page","status-publish","hentry"],"_links":{"self":[{"href":"https:\/\/www.nashgroup.com\/pt-br\/wp-json\/wp\/v2\/pages\/13964","targetHints":{"allow":["GET"]}}],"collection":[{"href":"https:\/\/www.nashgroup.com\/pt-br\/wp-json\/wp\/v2\/pages"}],"about":[{"href":"https:\/\/www.nashgroup.com\/pt-br\/wp-json\/wp\/v2\/types\/page"}],"author":[{"embeddable":true,"href":"https:\/\/www.nashgroup.com\/pt-br\/wp-json\/wp\/v2\/users\/1"}],"replies":[{"embeddable":true,"href":"https:\/\/www.nashgroup.com\/pt-br\/wp-json\/wp\/v2\/comments?post=13964"}],"version-history":[{"count":1,"href":"https:\/\/www.nashgroup.com\/pt-br\/wp-json\/wp\/v2\/pages\/13964\/revisions"}],"predecessor-version":[{"id":13965,"href":"https:\/\/www.nashgroup.com\/pt-br\/wp-json\/wp\/v2\/pages\/13964\/revisions\/13965"}],"wp:attachment":[{"href":"https:\/\/www.nashgroup.com\/pt-br\/wp-json\/wp\/v2\/media?parent=13964"}],"curies":[{"name":"wp","href":"https:\/\/api.w.org\/{rel}","templated":true}]}}