{"id":13978,"date":"2020-05-17T22:25:04","date_gmt":"2020-05-18T03:25:04","guid":{"rendered":"https:\/\/www.nashgroup.com\/programa-internacional-de-recrutamento-de-enfermeiros\/"},"modified":"2022-08-13T19:15:48","modified_gmt":"2022-08-14T00:15:48","slug":"programa-internacional-de-recrutamento-de-enfermeiros","status":"publish","type":"page","link":"https:\/\/www.nashgroup.com\/pt-br\/programa-internacional-de-recrutamento-de-enfermeiros\/","title":{"rendered":"Programa Internacional de Recrutamento de Enfermeiros"},"content":{"rendered":"\n<h2 class=\"wp-block-heading\">PROGRAMA INTERNACIONAL DE RECRUTAMENTO DE ENFERMEIRAS<\/h2>\n\n<p style=\"font-size:18px\">Oferecemos aos enfermeiros a oportunidade de prosseguirem a sua carreira nos Estados Unidos e de se tornarem residentes permanentes nos EUA<\/p>\n\n<p>A campanha de recrutamento 2021-2022 est\u00e1 actualmente aberta. Os candidatos a enfermeira interessados podem candidatar-se aqui<\/p>\n\n<div class=\"wp-block-buttons is-content-justification-center is-layout-flex wp-container-core-buttons-is-layout-16018d1d wp-block-buttons-is-layout-flex\">\n<div class=\"wp-block-button\"><a class=\"wp-block-button__link\" href=\"https:\/\/www.nashgroup.com\/nurse-recruitment-form\/\">Vamos come\u00e7ar!  <\/a><\/div>\n<\/div>\n\n<p><\/p>\n\n<p>Se j\u00e1 pensou em viver nos Estados Unidos e trabalhar como enfermeira profissional, temos boas not\u00edcias para si! Devido a uma significativa escassez de enfermeiros profissionais qualificados nos EUA, temos oportunidades para enfermeiros internacionais que procuram emprego num hospital ou centro m\u00e9dico. Oferecemos empregos e peti\u00e7\u00f5es baseadas no emprego para obter o estatuto de residente permanente como enfermeiros profissionais.<\/p>\n\n<p>Trabalhamos com uma grande base de clientes (hospitais e centros m\u00e9dicos) que procuram profissionais de enfermagem qualificados para colmatar as suas lacunas de emprego.<\/p>\n\n<div class=\"wp-block-columns is-layout-flex wp-container-core-columns-is-layout-9d6595d7 wp-block-columns-is-layout-flex\">\n<div class=\"wp-block-column is-layout-flow wp-block-column-is-layout-flow\">\n<h3 class=\"wp-block-heading\">Qualifica\u00e7\u00f5es requeridas<\/h3>\n\n\n\n<style>\nul.a {\n  list-style-type: circle;\n}\n\nul.b {\n  list-style-type: square;\n}\n\nol.c {\n  list-style-type: upper-roman;\n}\n\nol.d {\n  list-style-type: lower-alpha;\n}\n<\/style><ul><li>Educa\u00e7\u00e3o e licenciamento no respectivo pa\u00eds equivalente a um <strong>BSN<\/strong> ( <strong><strong>Bachelor of Science in Nursing<\/strong><\/strong> ) nos Estados Unidos \n        <ul class=\"a\"><li>A Comiss\u00e3o de Licenciados de Escolas de Enfermagem Estrangeiras (CGFNS) pode atestar a equival\u00eancia<\/li>\n        <\/ul><\/li><li>M\u00ednimo de 1-2 anos de experi\u00eancia em cuidados hospitalares, nos \u00faltimos 5 anos\n        <ul class=\"a\"><li>M\u00faltiplos anos de experi\u00eancia s\u00e3o muito procurados<\/li>\n        <\/ul><\/li><li>Flu\u00eancia em ingl\u00eas, falado e escrito\n        <ul class=\"a\"><li>Profici\u00eancia em ingl\u00eas medida pelo IELTS (ou TOEFL) com uma profici\u00eancia m\u00ednima de 7 (23) falada, pontua\u00e7\u00e3o global de 6,5 (83)<\/li>\n        <\/ul><\/li><li>Aprova\u00e7\u00e3o no Exame de Licenciamento para Enfermeiros Registados (NCLEX-RN) do Conselho Nacional\n        <ul class=\"a\"><li>Administrado pelo Conselho Nacional dos Conselhos de Estado da Enfermagem<\/li>\n        <\/ul><\/li><li>Licen\u00e7a de Enfermeira Registada Activa de um dos Estados Unidos<\/li><\/ul><\/div>\n\n\n\n<div class=\"wp-block-column is-layout-flow wp-block-column-is-layout-flow\">\n<figure class=\"wp-block-image size-large\"><img loading=\"lazy\" decoding=\"async\" width=\"489\" height=\"318\" src=\"https:\/\/www.nashgroup.com\/wp-content\/uploads\/2020\/05\/NURSE-RECRUITMENT.png\" alt=\"\" class=\"wp-image-12654\" srcset=\"https:\/\/www.nashgroup.com\/wp-content\/uploads\/2020\/05\/NURSE-RECRUITMENT.png 489w, https:\/\/www.nashgroup.com\/wp-content\/uploads\/2020\/05\/NURSE-RECRUITMENT-300x195.png 300w\" sizes=\"auto, (max-width: 489px) 100vw, 489px\" \/><\/figure>\n\n\n<p><\/p>\n<\/div>\n<\/div>\n\n<p><em>*** TEMOS AMPLA EXPERI\u00caNCIA EM TODAS AS \u00c1REAS NECESS\u00c1RIAS PARA A QUALIFICA\u00c7\u00c3O E ESTAMOS EQUIPADOS PARA AJUDAR!<\/em><\/p>\n\n<h3 class=\"wp-block-heading\">\u00c1reas-alvo de necessidade<\/h3>\n\n<p>Estamos a contratar enfermeiros internacionais auto-motivados (cumprindo os requisitos acima referidos) com excelentes capacidades de comunica\u00e7\u00e3o e interpessoais que se alinham com os valores e miss\u00e3o dos hospitais. As \u00e1reas de necessidade incluem:<\/p>\n\n<div class=\"wp-block-columns is-layout-flex wp-container-core-columns-is-layout-9d6595d7 wp-block-columns-is-layout-flex\">\n<div class=\"wp-block-column is-layout-flow wp-block-column-is-layout-flow\">\n<div class=\"wp-block-columns is-layout-flex wp-container-core-columns-is-layout-9d6595d7 wp-block-columns-is-layout-flex\">\n<div class=\"wp-block-column is-layout-flow wp-block-column-is-layout-flow\">\n<ul class=\"wp-block-list\"><li>M\u00e9dico Cir\u00fargico<\/li><li>Cuidados Intensivos (UCI)<\/li><li>Departamento de Emerg\u00eancia<\/li><li>Cuidados Intensivos Neonatais (UCIN)<\/li><li>Bloco operat\u00f3rio &#8211; cirurgia geral, ortofor\u00e1cica, cardiotor\u00e1cica<\/li><\/ul><\/div>\n\n\n\n<div class=\"wp-block-column is-layout-flow wp-block-column-is-layout-flow\">\n<ul class=\"wp-block-list\"><li>Telemetria Card\u00edaca<\/li><li>Cuidados interm\u00e9dios<\/li><li>Obstetr\u00edcia\/Ginecologia (OB)<\/li><li>Cuidados Intensivos Pedi\u00e1tricos (PICU)<\/li><\/ul><\/div>\n<\/div>\n<\/div>\n\n\n\n<div class=\"wp-block-column is-layout-flow wp-block-column-is-layout-flow\">\n<p><\/p>\n<\/div>\n<\/div>\n\n<p>Actualmente, a procura de posi\u00e7\u00f5es de enfermagem por tipo cl\u00ednico decomp\u00f5e-se (em intervalos de percentagem):<\/p>\n\n<ul class=\"wp-block-list\"><li>50-60% &#8211; M\u00e9dico-cir\u00fargicos, Telemetria e Cuidados Intermedi\u00e1rios<\/li><li>25-35% &#8211; UCI, Departamento de Emerg\u00eancia (alta necessidade)<\/li><li>10-20% &#8211; OB, Pediatria, NICU, PICU, OR, e outras \u00e1reas cl\u00ednicas (alta necessidade)<\/li><\/ul>\n<p><em>*** OS ENFERMEIROS SELECCIONADOS DEVEM SER CAPAZES DE DEMONSTRAR UM CONJUNTO DE COMPET\u00caNCIAS QUE SE ALINHE COM A POPULA\u00c7\u00c3O DE DOENTES PARA A \u00c1REA CL\u00cdNICA ESPEC\u00cdFICA!<\/em><\/p>\n\n<h3 class=\"wp-block-heading\">Qualifica\u00e7\u00f5es de Compet\u00eancias Completas Pr\u00e9-Selec\u00e7\u00e3o  <\/h3>\n\n<p>Fazemos uma pr\u00e9-selec\u00e7\u00e3o de todos os candidatos antes de fazer ofertas de emprego. Informamos que n\u00e3o podemos oferecer oportunidades de emprego para enfermeiros pr\u00e1ticos licenciados (LPN\/LVN), assistentes de enfermagem certificados (CNA), ou m\u00e9dicos (MD) que trabalham como enfermeiros.<\/p>\n\n<p><\/p>\n","protected":false},"excerpt":{"rendered":"<p>Somos um importante recrutador internacional de enfermeiros centrado em satisfazer as necessidades dos nossos clientes e em procurar os enfermeiros mais qualificados e profissionais com forma\u00e7\u00e3o estrangeira.<\/p>\n","protected":false},"author":1,"featured_media":0,"parent":0,"menu_order":0,"comment_status":"closed","ping_status":"closed","template":"","meta":{"footnotes":""},"class_list":["post-13978","page","type-page","status-publish","hentry"],"_links":{"self":[{"href":"https:\/\/www.nashgroup.com\/pt-br\/wp-json\/wp\/v2\/pages\/13978","targetHints":{"allow":["GET"]}}],"collection":[{"href":"https:\/\/www.nashgroup.com\/pt-br\/wp-json\/wp\/v2\/pages"}],"about":[{"href":"https:\/\/www.nashgroup.com\/pt-br\/wp-json\/wp\/v2\/types\/page"}],"author":[{"embeddable":true,"href":"https:\/\/www.nashgroup.com\/pt-br\/wp-json\/wp\/v2\/users\/1"}],"replies":[{"embeddable":true,"href":"https:\/\/www.nashgroup.com\/pt-br\/wp-json\/wp\/v2\/comments?post=13978"}],"version-history":[{"count":1,"href":"https:\/\/www.nashgroup.com\/pt-br\/wp-json\/wp\/v2\/pages\/13978\/revisions"}],"predecessor-version":[{"id":13979,"href":"https:\/\/www.nashgroup.com\/pt-br\/wp-json\/wp\/v2\/pages\/13978\/revisions\/13979"}],"wp:attachment":[{"href":"https:\/\/www.nashgroup.com\/pt-br\/wp-json\/wp\/v2\/media?parent=13978"}],"curies":[{"name":"wp","href":"https:\/\/api.w.org\/{rel}","templated":true}]}}