{"id":13988,"date":"2022-07-19T10:07:30","date_gmt":"2022-07-19T15:07:30","guid":{"rendered":"https:\/\/www.nashgroup.com\/nash-analytics\/"},"modified":"2022-08-13T19:19:53","modified_gmt":"2022-08-14T00:19:53","slug":"nash-analytics","status":"publish","type":"page","link":"https:\/\/www.nashgroup.com\/pt-br\/nash-analytics\/","title":{"rendered":"Nash Analytics"},"content":{"rendered":"\n<h2 class=\"wp-block-heading\">Nash Analytics\u2122<\/h2>\n\n<section id=\"section-b5311829-46a1-4dd2-87cd-379b29e6aa60\" class=\"wp-block-gutentor-divider section-b5311829-46a1-4dd2-87cd-379b29e6aa60 gutentor-element gutentor-section gutentor-divider text-center\"><div class=\"grid-container\"><div class=\"gutentor-divider-box\"><span><svg xmlns=\"http:\/\/www.w3.org\/2000\/svg\" viewbox=\"0 0 240 40\" preserveaspectratio=\"none\"><path d=\"M56.2 20c5.3-.1 10.6-.2 16-.3l16-.2c10.6-.1 21.3-.1 31.9-.2 10.6.1 21.3 0 31.9.1l16 .2c5.3.1 10.6.2 16 .3-5.3.1-10.6.2-16 .3l-16 .2c-10.6.1-21.3.1-31.9.1-10.6-.1-21.3 0-31.9-.2l-16-.2c-5.4.1-10.7 0-16-.1z\"><\/path><\/svg><\/span><\/div><\/div><\/section>\n\n<h2 class=\"wp-block-heading\">Acompanhe o seu impacto do plano.<\/h2>\n\n<p>Nenhum plano pode ser eficaz ao longo do tempo se n\u00e3o for monitorizado. Assim, enquanto a nossa consultoria SDM 20\/20 nos ajuda a analisar as suas opera\u00e7\u00f5es a fim de criar um plano ef\ufb01cient, a nossa ferramenta de business intelligence, Nash Analytics\u2122, acompanha as opera\u00e7\u00f5es em tempo real e permite a todos acompanhar o seu sucesso.<\/p>\n\n<p>Nash Analytics\u2122:<\/p>\n\n<ul class=\"wp-block-list\"><li>Monitoriza eficazmente a actividade da unidade<\/li><li>Melhora a coloca\u00e7\u00e3o do paciente, a utiliza\u00e7\u00e3o da cama e o rendimento<\/li><li>Desenhos, pre\u00e7os e monitores staf\ufb01ng planos e n\u00edveis de carga de trabalho (acuidade)<\/li><li>Rev\u00ea e melhora o desempenho do \ufb01nancial, or\u00e7amentos sazonais e m\u00e3o-de-obra de qualidade<\/li><\/ul>","protected":false},"excerpt":{"rendered":"<p>Nash Analytics\u2122 Acompanhe o seu impacto do plano. Nenhum plano pode ser eficaz ao longo do tempo se n\u00e3o for monitorizado. Assim, enquanto a nossa consultoria SDM 20\/20 nos ajuda &#8230;<\/p>\n","protected":false},"author":1,"featured_media":0,"parent":0,"menu_order":0,"comment_status":"closed","ping_status":"closed","template":"","meta":{"footnotes":""},"class_list":["post-13988","page","type-page","status-publish","hentry"],"_links":{"self":[{"href":"https:\/\/www.nashgroup.com\/pt-br\/wp-json\/wp\/v2\/pages\/13988","targetHints":{"allow":["GET"]}}],"collection":[{"href":"https:\/\/www.nashgroup.com\/pt-br\/wp-json\/wp\/v2\/pages"}],"about":[{"href":"https:\/\/www.nashgroup.com\/pt-br\/wp-json\/wp\/v2\/types\/page"}],"author":[{"embeddable":true,"href":"https:\/\/www.nashgroup.com\/pt-br\/wp-json\/wp\/v2\/users\/1"}],"replies":[{"embeddable":true,"href":"https:\/\/www.nashgroup.com\/pt-br\/wp-json\/wp\/v2\/comments?post=13988"}],"version-history":[{"count":1,"href":"https:\/\/www.nashgroup.com\/pt-br\/wp-json\/wp\/v2\/pages\/13988\/revisions"}],"predecessor-version":[{"id":13989,"href":"https:\/\/www.nashgroup.com\/pt-br\/wp-json\/wp\/v2\/pages\/13988\/revisions\/13989"}],"wp:attachment":[{"href":"https:\/\/www.nashgroup.com\/pt-br\/wp-json\/wp\/v2\/media?parent=13988"}],"curies":[{"name":"wp","href":"https:\/\/api.w.org\/{rel}","templated":true}]}}