{"id":13992,"date":"2022-07-19T09:59:09","date_gmt":"2022-07-19T14:59:09","guid":{"rendered":"https:\/\/www.nashgroup.com\/analise-da-carga-de-trabalho-de-nash\/"},"modified":"2022-08-13T19:20:33","modified_gmt":"2022-08-14T00:20:33","slug":"analise-da-carga-de-trabalho-de-nash","status":"publish","type":"page","link":"https:\/\/www.nashgroup.com\/pt-br\/analise-da-carga-de-trabalho-de-nash\/","title":{"rendered":"An\u00e1lise da carga de trabalho de Nash"},"content":{"rendered":"\n<h2 class=\"has-text-color wp-block-heading\" style=\"color:#3c4774\">Relat\u00f3rio de an\u00e1lise da carga de trabalho de Nash<\/h2>\n\n<h3 class=\"has-text-color wp-block-heading\" style=\"color:#f56e47\">Obrigado pelo seu interesse.<\/h3>\n\n<h3 class=\"wp-block-heading\">Representando mais de 1.300 unidades de internamento a n\u00edvel nacional, este relat\u00f3rio abrangente ser\u00e1 uma refer\u00eancia valiosa para as suas opera\u00e7\u00f5es cl\u00ednicas.<\/h3>\n\n<div id=\"section-g9e9641\" class=\"wp-block-gutentor-e2 section-g9e9641 gutentor-element gutentor-element-button button-align-center-desktop\"><span class=\"gutentor-button-wrap\"><a class=\"gutentor-button gutentor-block-button gutentor-icon-hide\" href=\"https:\/\/www.nashgroup.com\/wp-content\/uploads\/2019\/05\/V13_TheNashGroup_StaffWorkloadAnalysis.pdf\"><i class=\"gutentor-button-icon fas fa-book\"><\/i><span>Descarregar An\u00e1lise da Carga de Trabalho do Paciente<\/span><\/a><\/span><\/div>\n","protected":false},"excerpt":{"rendered":"<p>Relat\u00f3rio de an\u00e1lise da carga de trabalho de Nash Obrigado pelo seu interesse. Representando mais de 1.300 unidades de internamento a n\u00edvel nacional, este relat\u00f3rio abrangente ser\u00e1 uma refer\u00eancia valiosa &#8230;<\/p>\n","protected":false},"author":1,"featured_media":0,"parent":0,"menu_order":0,"comment_status":"closed","ping_status":"closed","template":"","meta":{"footnotes":""},"class_list":["post-13992","page","type-page","status-publish","hentry"],"_links":{"self":[{"href":"https:\/\/www.nashgroup.com\/pt-br\/wp-json\/wp\/v2\/pages\/13992","targetHints":{"allow":["GET"]}}],"collection":[{"href":"https:\/\/www.nashgroup.com\/pt-br\/wp-json\/wp\/v2\/pages"}],"about":[{"href":"https:\/\/www.nashgroup.com\/pt-br\/wp-json\/wp\/v2\/types\/page"}],"author":[{"embeddable":true,"href":"https:\/\/www.nashgroup.com\/pt-br\/wp-json\/wp\/v2\/users\/1"}],"replies":[{"embeddable":true,"href":"https:\/\/www.nashgroup.com\/pt-br\/wp-json\/wp\/v2\/comments?post=13992"}],"version-history":[{"count":1,"href":"https:\/\/www.nashgroup.com\/pt-br\/wp-json\/wp\/v2\/pages\/13992\/revisions"}],"predecessor-version":[{"id":13993,"href":"https:\/\/www.nashgroup.com\/pt-br\/wp-json\/wp\/v2\/pages\/13992\/revisions\/13993"}],"wp:attachment":[{"href":"https:\/\/www.nashgroup.com\/pt-br\/wp-json\/wp\/v2\/media?parent=13992"}],"curies":[{"name":"wp","href":"https:\/\/api.w.org\/{rel}","templated":true}]}}