{"id":14000,"date":"2022-07-19T09:54:09","date_gmt":"2022-07-19T14:54:09","guid":{"rendered":"https:\/\/www.nashgroup.com\/organizacoes\/"},"modified":"2022-08-13T19:23:50","modified_gmt":"2022-08-14T00:23:50","slug":"organizacoes","status":"publish","type":"page","link":"https:\/\/www.nashgroup.com\/pt-br\/organizacoes\/","title":{"rendered":"Organiza\u00e7\u00f5es"},"content":{"rendered":"\n<h2 class=\"has-text-color wp-block-heading\" style=\"color:#3c4774\">Como nos mantemos ligados<\/h2>\n\n<p>O nosso trabalho exige que tenhamos um conhecimento profundo da ind\u00fastria da sa\u00fade. Para se manter bem informado e \u00e0 frente dos novos desenvolvimentos, o Grupo Nash \u00e9 um membro activo e apoiante das seguintes organiza\u00e7\u00f5es:<\/p>\n\n<ul class=\"wp-block-list\"><li><a href=\"http:\/\/www.ache.org\/\" target=\"_blank\" rel=\"noreferrer noopener\">American College of Healthcare Executives<\/a><\/li><li><a href=\"http:\/\/www.aha.org\/\" target=\"_blank\" rel=\"noreferrer noopener\">American Hospital Association<\/a><\/li><li><a href=\"http:\/\/www.nursecredentialing.org\/\" target=\"_blank\" rel=\"noreferrer noopener\">American Nurses Credentialing Center<\/a><\/li><li><a href=\"http:\/\/www.aone.org\/\" target=\"_blank\" rel=\"noreferrer noopener\">American Organization of Nurse Leaders<\/a><\/li><li><a href=\"http:\/\/www.asq.org\/\">American Society for Quality<\/a><\/li><li><a href=\"http:\/\/chefchicago.org\/\" target=\"_blank\" rel=\"noreferrer noopener\">Chicago Healthcare Executive Forum<\/a><\/li><li><a href=\"http:\/\/www.gnyha.org\/\" target=\"_blank\" rel=\"noreferrer noopener\">Greater New York Hospital Association<\/a><\/li><li><a href=\"http:\/\/www.himss.org\/\" target=\"_blank\" rel=\"noreferrer noopener\">Healthcare Information and Management Systems Society<\/a><\/li><li><a href=\"http:\/\/www.iienet2.org\/SHS\">IIE Society for Health Systems<\/a><\/li><li><a href=\"https:\/\/www.ihatoday.org\/\" target=\"_blank\" rel=\"noreferrer noopener\">Illinois Hospital and Health Systems Association<\/a><\/li><li><a href=\"http:\/\/www.ionl.org\/\" target=\"_blank\" rel=\"noreferrer noopener\">Illinois Organization of Nurse Leaders<\/a><\/li><li><a href=\"http:\/\/www.informs.org\/\">Institute for Operations Research and the Management Sciences<\/a><\/li><li><a href=\"http:\/\/www.mchc.com\/\" target=\"_blank\" rel=\"noreferrer noopener\">Metropolitan Chicago Healthcare Council<\/a><\/li><li><a href=\"http:\/\/www.hhnmostwired.com\/\" target=\"_blank\" rel=\"noreferrer noopener\">Hospital &amp; Health Networks Most Wired<\/a><\/li><li><a href=\"http:\/\/www.nyone.org\/\" target=\"_blank\" rel=\"noreferrer noopener\">New York Organization of Nurse Leaders<\/a><\/li><li><a href=\"http:\/\/www.nursingsociety.org\/\" target=\"_blank\" rel=\"noreferrer noopener\">Sigma Theta Tau International <\/a><\/li><\/ul>","protected":false},"excerpt":{"rendered":"<p>Como nos mantemos ligados O nosso trabalho exige que tenhamos um conhecimento profundo da ind\u00fastria da sa\u00fade. Para se manter bem informado e \u00e0 frente dos novos desenvolvimentos, o Grupo &#8230;<\/p>\n","protected":false},"author":1,"featured_media":0,"parent":0,"menu_order":0,"comment_status":"closed","ping_status":"closed","template":"","meta":{"footnotes":""},"class_list":["post-14000","page","type-page","status-publish","hentry"],"_links":{"self":[{"href":"https:\/\/www.nashgroup.com\/pt-br\/wp-json\/wp\/v2\/pages\/14000","targetHints":{"allow":["GET"]}}],"collection":[{"href":"https:\/\/www.nashgroup.com\/pt-br\/wp-json\/wp\/v2\/pages"}],"about":[{"href":"https:\/\/www.nashgroup.com\/pt-br\/wp-json\/wp\/v2\/types\/page"}],"author":[{"embeddable":true,"href":"https:\/\/www.nashgroup.com\/pt-br\/wp-json\/wp\/v2\/users\/1"}],"replies":[{"embeddable":true,"href":"https:\/\/www.nashgroup.com\/pt-br\/wp-json\/wp\/v2\/comments?post=14000"}],"version-history":[{"count":1,"href":"https:\/\/www.nashgroup.com\/pt-br\/wp-json\/wp\/v2\/pages\/14000\/revisions"}],"predecessor-version":[{"id":14001,"href":"https:\/\/www.nashgroup.com\/pt-br\/wp-json\/wp\/v2\/pages\/14000\/revisions\/14001"}],"wp:attachment":[{"href":"https:\/\/www.nashgroup.com\/pt-br\/wp-json\/wp\/v2\/media?parent=14000"}],"curies":[{"name":"wp","href":"https:\/\/api.w.org\/{rel}","templated":true}]}}