{"id":14010,"date":"2018-11-14T23:42:30","date_gmt":"2018-11-15T05:42:30","guid":{"rendered":"https:\/\/www.nashgroup.com\/os-nossos-resultados\/"},"modified":"2022-08-13T19:26:04","modified_gmt":"2022-08-14T00:26:04","slug":"os-nossos-resultados","status":"publish","type":"page","link":"https:\/\/www.nashgroup.com\/pt-br\/os-nossos-resultados\/","title":{"rendered":"Os nossos resultados"},"content":{"rendered":"\n<h2 class=\"has-text-color wp-block-heading\" style=\"color:#3c4774\">Os nossos resultados<\/h2>\n\n<h3 class=\"has-text-color wp-block-heading\" style=\"color:#f56e47\">Resultados SDM20\/20\u2122<\/h3>\n\n<p>Este relat\u00f3rio representa indicadores-chave de desempenho para alguns dos nossos clientes, pr\u00e9 e p\u00f3s-Nash implementa\u00e7\u00e3o<\/p>\n\n<div id=\"pg-11780-0\" class=\"panel-grid\" data-style=\"{\" thinkup_stylecolorclear=\"\" top=\"\" data-ratio=\"1\" data-ratio-direction=\"right\">\n<div class=\"panel-grid-core\">\n<div id=\"pgc-11780-0-0\" class=\"panel-grid-cell \" data-weight=\"1\"><br\/><p> <\/p>\n<div class=\"panel-widget-style\" style=\"text-align: center !important;\">\n<div class=\"textwidget\"><iframe style=\"border: 1px solid #CCC; border-width: 1px; margin-bottom: 5px; max-width: 100%;\" src=\"\/\/www.slideshare.net\/slideshow\/embed_code\/key\/r0HYI6T91styS3\" frameborder=\"0\" marginwidth=\"0\" marginheight=\"0\" scrolling=\"no\" allowfullscreen=\"allowfullscreen\"><span data-mce-type=\"bookmark\" style=\"display: inline-block; width: 0px; overflow: hidden; line-height: 0;\" class=\"mce_SELRES_start\"><\/span> <\/iframe><\/div>\n<\/div>\n<\/div>\n<\/div>\n<\/div>\n","protected":false},"excerpt":{"rendered":"<p>Os nossos resultados Resultados SDM20\/20\u2122 Este relat\u00f3rio representa indicadores-chave de desempenho para alguns dos nossos clientes, pr\u00e9 e p\u00f3s-Nash implementa\u00e7\u00e3o<\/p>\n","protected":false},"author":1,"featured_media":0,"parent":0,"menu_order":0,"comment_status":"closed","ping_status":"closed","template":"","meta":{"footnotes":""},"class_list":["post-14010","page","type-page","status-publish","hentry"],"_links":{"self":[{"href":"https:\/\/www.nashgroup.com\/pt-br\/wp-json\/wp\/v2\/pages\/14010","targetHints":{"allow":["GET"]}}],"collection":[{"href":"https:\/\/www.nashgroup.com\/pt-br\/wp-json\/wp\/v2\/pages"}],"about":[{"href":"https:\/\/www.nashgroup.com\/pt-br\/wp-json\/wp\/v2\/types\/page"}],"author":[{"embeddable":true,"href":"https:\/\/www.nashgroup.com\/pt-br\/wp-json\/wp\/v2\/users\/1"}],"replies":[{"embeddable":true,"href":"https:\/\/www.nashgroup.com\/pt-br\/wp-json\/wp\/v2\/comments?post=14010"}],"version-history":[{"count":1,"href":"https:\/\/www.nashgroup.com\/pt-br\/wp-json\/wp\/v2\/pages\/14010\/revisions"}],"predecessor-version":[{"id":14011,"href":"https:\/\/www.nashgroup.com\/pt-br\/wp-json\/wp\/v2\/pages\/14010\/revisions\/14011"}],"wp:attachment":[{"href":"https:\/\/www.nashgroup.com\/pt-br\/wp-json\/wp\/v2\/media?parent=14010"}],"curies":[{"name":"wp","href":"https:\/\/api.w.org\/{rel}","templated":true}]}}