{"id":14017,"date":"2022-07-18T14:57:53","date_gmt":"2022-07-18T19:57:53","guid":{"rendered":"https:\/\/www.nashgroup.com\/ambulatorio-e-servicos-auxiliares\/"},"modified":"2022-08-13T19:29:37","modified_gmt":"2022-08-14T00:29:37","slug":"ambulatorio-e-servicos-auxiliares","status":"publish","type":"page","link":"https:\/\/www.nashgroup.com\/pt-br\/ambulatorio-e-servicos-auxiliares\/","title":{"rendered":"Ambulat\u00f3rio e Servi\u00e7os Auxiliares"},"content":{"rendered":"\n<h1 class=\"has-text-color wp-block-heading\" style=\"color:#3c4774\">Cuidados Ambulat\u00f3rios<\/h1>\n\n<p>Os actuais Centros de Diagn\u00f3stico e Tratamento s\u00e3o a linha da frente dos cuidados, cobrindo um amplo espectro de servi\u00e7os que devem ser inclusivos, convenientes, rent\u00e1veis e eficientes. As nossas metodologias fornecem uma estrat\u00e9gia completa para uma utiliza\u00e7\u00e3o eficaz de todos os recursos para prestar os cuidados certos no momento certo e a um custo global mais baixo.<\/p>\n\n<div class=\"wp-block-columns is-layout-flex wp-container-core-columns-is-layout-9d6595d7 wp-block-columns-is-layout-flex\">\n<div class=\"wp-block-column has-very-light-gray-to-cyan-bluish-gray-gradient-background has-background is-layout-flow wp-block-column-is-layout-flow\">\n<h3 class=\"has-text-color wp-block-heading\" style=\"color:#f56e47\">Objectivos do Projecto<\/h3>\n\n\n\n<p class=\"has-black-color has-text-color\">1. Avaliar volumes vari\u00e1veis de pacientes, aloca\u00e7\u00e3o de trabalho do pessoal, capacidade, e layouts f\u00edsicos.<\/p>\n\n\n\n<p class=\"has-black-color has-text-color\">2. Propor aperfei\u00e7oamentos da opera\u00e7\u00e3o e da programa\u00e7\u00e3o que melhorem o tempo de espera dos pacientes, a utiliza\u00e7\u00e3o de horas extraordin\u00e1rias e a utiliza\u00e7\u00e3o de recursos.<\/p>\n<\/div>\n<\/div>\n\n<hr class=\"wp-block-separator has-alpha-channel-opacity\"\/>\n\n<div id=\"section-g6e2a18\" class=\"wp-block-gutentor-e6 section-g6e2a18 gutentor-element gutentor-element-image wow slideInRight text-align-center-desktop\" data-wow-animation=\"slideInRight\"><div class=\"gutentor-element-image-box\"><div class=\"gutentor-image-thumb\"><img decoding=\"async\" class=\"normal-image\" src=\"https:\/\/www.nashgroup.com\/wp-content\/uploads\/2019\/03\/TopQuartileSchedules.png\" alt=\"Hor\u00e1rios do Quartil Superior\"><\/div><\/div><\/div>\n\n<section id=\"section-80de17b7-d78e-4b38-a328-3010917b242a\" class=\"wp-block-gutentor-divider section-80de17b7-d78e-4b38-a328-3010917b242a gutentor-element gutentor-section gutentor-divider text-center\"><div class=\"grid-container\"><div class=\"gutentor-divider-box\"><span><svg xmlns=\"http:\/\/www.w3.org\/2000\/svg\" viewbox=\"0 0 240 40\" preserveaspectratio=\"none\"><path d=\"M56.2 20c5.3-.1 10.6-.2 16-.3l16-.2c10.6-.1 21.3-.1 31.9-.2 10.6.1 21.3 0 31.9.1l16 .2c5.3.1 10.6.2 16 .3-5.3.1-10.6.2-16 .3l-16 .2c-10.6.1-21.3.1-31.9.1-10.6-.1-21.3 0-31.9-.2l-16-.2c-5.4.1-10.7 0-16-.1z\"><\/path><\/svg><\/span><\/div><\/div><\/section>\n\n<h2 class=\"has-text-color wp-block-heading\" style=\"color:#3c4774\">Outros Servi\u00e7os<\/h2>\n\n<p>O Grupo Nash tem uma vasta carteira de metodologias inovadoras de gest\u00e3o operacional e de m\u00e3o-de-obra para a ind\u00fastria da sa\u00fade. Quer se trate de satisfazer requisitos cl\u00ednicos ou financeiros, de transformar processos operacionais ou de desenvolver estrat\u00e9gias de cuidados, as solu\u00e7\u00f5es pioneiras do Grupo Nash proporcionam resultados mensur\u00e1veis.<\/p>\n\n<ul class=\"wp-block-list\"><li>Servi\u00e7os cir\u00fargicos e processuais<\/li><li>Instala\u00e7\u00f5es de cuidados a longo prazo<\/li><li>Hospitais de sa\u00fade comportamentais<\/li><li>Hospitais de acesso cr\u00edtico<\/li><li>Pr\u00e1ticas do grupo m\u00e9dico<\/li><li>Servi\u00e7os de apoio: farm\u00e1cia, diagn\u00f3stico por imagem, respirat\u00f3rio, patologia e laborat\u00f3rio<\/li><\/ul>","protected":false},"excerpt":{"rendered":"<p>Os actuais Centros de Diagn\u00f3stico e Tratamento s\u00e3o a linha da frente dos cuidados, cobrindo um amplo espectro de servi\u00e7os que devem ser inclusivos, convenientes, rent\u00e1veis e eficientes. As nossas metodologias fornecem uma estrat\u00e9gia completa para uma utiliza\u00e7\u00e3o eficaz de todos os recursos para prestar os cuidados certos no momento certo e a um custo global mais baixo.<\/p>\n","protected":false},"author":1,"featured_media":0,"parent":0,"menu_order":0,"comment_status":"closed","ping_status":"closed","template":"","meta":{"footnotes":""},"class_list":["post-14017","page","type-page","status-publish","hentry"],"_links":{"self":[{"href":"https:\/\/www.nashgroup.com\/pt-br\/wp-json\/wp\/v2\/pages\/14017","targetHints":{"allow":["GET"]}}],"collection":[{"href":"https:\/\/www.nashgroup.com\/pt-br\/wp-json\/wp\/v2\/pages"}],"about":[{"href":"https:\/\/www.nashgroup.com\/pt-br\/wp-json\/wp\/v2\/types\/page"}],"author":[{"embeddable":true,"href":"https:\/\/www.nashgroup.com\/pt-br\/wp-json\/wp\/v2\/users\/1"}],"replies":[{"embeddable":true,"href":"https:\/\/www.nashgroup.com\/pt-br\/wp-json\/wp\/v2\/comments?post=14017"}],"version-history":[{"count":3,"href":"https:\/\/www.nashgroup.com\/pt-br\/wp-json\/wp\/v2\/pages\/14017\/revisions"}],"predecessor-version":[{"id":14030,"href":"https:\/\/www.nashgroup.com\/pt-br\/wp-json\/wp\/v2\/pages\/14017\/revisions\/14030"}],"wp:attachment":[{"href":"https:\/\/www.nashgroup.com\/pt-br\/wp-json\/wp\/v2\/media?parent=14017"}],"curies":[{"name":"wp","href":"https:\/\/api.w.org\/{rel}","templated":true}]}}