{"id":14021,"date":"2022-07-18T14:45:20","date_gmt":"2022-07-18T19:45:20","guid":{"rendered":"https:\/\/www.nashgroup.com\/servicos-de-internamento\/"},"modified":"2022-08-13T19:28:34","modified_gmt":"2022-08-14T00:28:34","slug":"servicos-de-internamento","status":"publish","type":"page","link":"https:\/\/www.nashgroup.com\/pt-br\/servicos-de-internamento\/","title":{"rendered":"Servi\u00e7os de internamento"},"content":{"rendered":"\n<div class=\"wp-block-columns is-layout-flex wp-container-core-columns-is-layout-9d6595d7 wp-block-columns-is-layout-flex\">\n<div class=\"wp-block-column is-layout-flow wp-block-column-is-layout-flow\">\n<h2 class=\"has-text-align-center has-text-color wp-block-heading\" style=\"color:#3c4774\">O que \u00e9 SDM20\/20\u2122?<\/h2>\n\n\n\n<p>A nossa metodologia principal, SDM20\/20\u2122, oferece uma optimiza\u00e7\u00e3o completa do pessoal e uma solu\u00e7\u00e3o de acuidade que reposiciona a carga de trabalho de modo a tornar o pessoal previs\u00edvel, ao mesmo tempo que reduz os custos globais.<\/p>\n\n\n\n<h2 class=\"has-text-align-center has-text-color wp-block-heading\" style=\"color:#3c4774\">Qual \u00e9 a diferen\u00e7a entre SDM20\/20\u2122?<\/h2>\n\n\n\n<p>O objectivo da SDM20\/20\u2122 \u00e9 criar pr\u00e1ticas operacionais que protejam os planos de pessoal e as expectativas financeiras atrav\u00e9s: da estabiliza\u00e7\u00e3o das opera\u00e7\u00f5es cl\u00ednicas e da sustentabilidade das atribui\u00e7\u00f5es de cuidados; da redefini\u00e7\u00e3o das contagens e dos hor\u00e1rios do pessoal; e do c\u00e1lculo dos or\u00e7amentos de m\u00e3o-de-obra que revelem integralmente o custo dos cuidados, do recrutamento e da reten\u00e7\u00e3o, da TDF, e mesmo das necessidades de conting\u00eancia.<\/p>\n\n\n\n<p>A acuidade n\u00e3o \u00e9 uma medida de doen\u00e7a do paciente, \u00e9 uma medida de trabalho. A carga de trabalho que um RN ou equipa cl\u00ednica pode gerir abrange mais do que a doen\u00e7a de um paciente. SDM20\/20\u2122 \u00e9 uma solu\u00e7\u00e3o \u00fanica baseada em metodologia que sustenta cargas de trabalho cl\u00ednicas adequadas, eliminando a necessidade de ajustamentos di\u00e1rios, de turno para turno no pessoal. A nossa metodologia de acuidade:<\/p>\n\n\n\n<ul class=\"wp-block-list\"><li>apoia as tarefas de cuidados cl\u00ednicos adequados<\/li><li>avalia a infra-estrutura e as equipas de cuidados centrais<\/li><li>determina os fios r\u00edgidos e as exig\u00eancias n\u00e3o produtivas de cada unidade<\/li><li>define as pr\u00e1ticas de acuidade e os modificadores de carga de trabalho<\/li><li>fornece an\u00e1lises para monitorizar as cargas de trabalho e tarefas adequadas<\/li><li>incorpora o ADT (factor de rotatividade) em cargas de trabalho adequadas<\/li><\/ul>\n\n\n<div style=\"height:50px\" aria-hidden=\"true\" class=\"wp-block-spacer\"><\/div>\n\n\n\n<h2 class=\"has-text-align-center has-text-color wp-block-heading\" style=\"color:#3c4774\">Nash Analytics\u2122<\/h2>\n\n\n\n<p>Uma parte integrante da metodologia SDM20\/20\u2122 \u00e9 Nash Analytics\u2122. Este sistema \u00fanico de business intelligence fornece ferramentas de gest\u00e3o de produtividade e de or\u00e7amento para departamentos cl\u00ednicos e n\u00e3o cl\u00ednicos para validar o desempenho operacional e financeiro. Nash Analytics\u2122 cont\u00e9m todas as ferramentas necess\u00e1rias para analisar, conceber, e monitorizar a metodologia SDM20\/20\u2122.<\/p>\n\n\n\n<div id=\"section-g92cc68\" class=\"wp-block-gutentor-e6 section-g92cc68 gutentor-element gutentor-element-image wow slideInLeft\" data-wow-animation=\"slideInLeft\" data-wow-delay=\"5s\"><div class=\"gutentor-element-image-box\"><div class=\"gutentor-image-thumb\"><img decoding=\"async\" class=\"normal-image\" src=\"https:\/\/www.nashgroup.com\/wp-content\/uploads\/2019\/04\/Nash-Screenshot.jpg\"><\/div><\/div><\/div>\n<\/div>\n\n\n\n<div class=\"wp-block-column is-layout-flow wp-block-column-is-layout-flow\">\n<h2 class=\"has-text-align-center has-text-color wp-block-heading\" style=\"color:#3c4774\">A incorpora\u00e7\u00e3o da metodologia SDM20\/20\u2122 nos resultados das suas opera\u00e7\u00f5es di\u00e1rias:<\/h2>\n\n\n\n<div style=\"height:50px\" aria-hidden=\"true\" class=\"wp-block-spacer\"><\/div>\n\n\n\n<div id=\"section-g20f8fc\" class=\"wp-block-gutentor-e6 alignwide section-g20f8fc gutentor-element gutentor-element-image wow slideInRight text-align-center-desktop\" data-wow-animation=\"slideInRight\"><div class=\"gutentor-element-image-box\"><div class=\"gutentor-image-thumb\"><img decoding=\"async\" class=\"normal-image\" src=\"https:\/\/www.nashgroup.com\/wp-content\/uploads\/2019\/04\/1-flow-stabalize-1.png\" alt=\"Estabilizar cargas de trabalho\"><\/div><\/div><\/div>\n\n\n\n<div id=\"section-g4cab40\" class=\"wp-block-gutentor-e6 section-g4cab40 gutentor-element gutentor-element-image wow slideInRight text-align-center-desktop\" data-wow-animation=\"slideInRight\" data-wow-delay=\"2s\"><div class=\"gutentor-element-image-box\"><div class=\"gutentor-image-thumb\"><img decoding=\"async\" class=\"normal-image\" src=\"https:\/\/www.nashgroup.com\/wp-content\/uploads\/2019\/04\/2-flow-reduce-1.png\"><\/div><\/div><\/div>\n\n\n\n<div id=\"section-g949a45\" class=\"wp-block-gutentor-e6 section-g949a45 gutentor-element gutentor-element-image wow slideInRight text-align-center-desktop\" data-wow-animation=\"slideInRight\" data-wow-delay=\"3s\"><div class=\"gutentor-element-image-box\"><div class=\"gutentor-image-thumb\"><img decoding=\"async\" class=\"normal-image\" src=\"https:\/\/www.nashgroup.com\/wp-content\/uploads\/2019\/04\/3-flow-balance-1.png\" alt=\"Equil\u00edbrio Actividade\"><\/div><\/div><\/div>\n\n\n\n<div id=\"section-gb1aad9\" class=\"wp-block-gutentor-e6 section-gb1aad9 gutentor-element gutentor-element-image wow slideInRight text-align-center-desktop\" data-wow-animation=\"slideInRight\" data-wow-delay=\"4s\"><div class=\"gutentor-element-image-box\"><div class=\"gutentor-image-thumb\"><img decoding=\"async\" class=\"normal-image\" src=\"https:\/\/www.nashgroup.com\/wp-content\/uploads\/2019\/04\/4-flow-lower-1.png\" alt=\"Menor custo de m\u00e3o-de-obra\"><\/div><\/div><\/div>\n\n\n\n<div id=\"section-gfdc0be\" class=\"wp-block-gutentor-e6 section-gfdc0be gutentor-element gutentor-element-image wow slideInRight text-align-center-desktop\" data-wow-animation=\"slideInRight\" data-wow-delay=\"5s\"><div class=\"gutentor-element-image-box\"><div class=\"gutentor-image-thumb\"><img decoding=\"async\" class=\"normal-image\" src=\"https:\/\/www.nashgroup.com\/wp-content\/uploads\/2019\/04\/5-flow-reinvest-1.png\" alt=\"Reinvestir nos cuidados ao paciente\"><\/div><\/div><\/div>\n\n\n\n<div style=\"height:60px\" aria-hidden=\"true\" class=\"wp-block-spacer\"><\/div>\n\n\n\n<h2 class=\"has-text-align-center has-text-color wp-block-heading\" style=\"color:#3c4774\">Resultados SDM20\/20\u2122<\/h2>\n\n\n\n<p>Este relat\u00f3rio representa indicadores-chave de desempenho para alguns dos nossos clientes, antes e depois da implementa\u00e7\u00e3o do Nash.<\/p>\n\n\n\n<div id=\"section-gf5840c\" class=\"wp-block-gutentor-e2 section-gf5840c gutentor-element gutentor-element-button button-align-center-desktop\"><span class=\"gutentor-button-wrap\"><a class=\"gutentor-button gutentor-block-button gutentor-icon-hide\" href=\"https:\/\/www.nashgroup.com\/pt-br\/os-nossos-resultados\/\"><i class=\"gutentor-button-icon fas fa-book\"><\/i><span>Os nossos resultados<\/span><\/a><\/span><\/div>\n<\/div>\n<\/div>\n","protected":false},"excerpt":{"rendered":"<p>A nossa metodologia principal, SDM20\/20\u2122, oferece uma optimiza\u00e7\u00e3o completa do pessoal e uma solu\u00e7\u00e3o de acuidade que reposiciona a carga de trabalho de modo a tornar o pessoal previs\u00edvel, ao mesmo tempo que reduz os custos globais.<\/p>\n","protected":false},"author":1,"featured_media":0,"parent":0,"menu_order":0,"comment_status":"closed","ping_status":"closed","template":"","meta":{"footnotes":""},"class_list":["post-14021","page","type-page","status-publish","hentry"],"_links":{"self":[{"href":"https:\/\/www.nashgroup.com\/pt-br\/wp-json\/wp\/v2\/pages\/14021","targetHints":{"allow":["GET"]}}],"collection":[{"href":"https:\/\/www.nashgroup.com\/pt-br\/wp-json\/wp\/v2\/pages"}],"about":[{"href":"https:\/\/www.nashgroup.com\/pt-br\/wp-json\/wp\/v2\/types\/page"}],"author":[{"embeddable":true,"href":"https:\/\/www.nashgroup.com\/pt-br\/wp-json\/wp\/v2\/users\/1"}],"replies":[{"embeddable":true,"href":"https:\/\/www.nashgroup.com\/pt-br\/wp-json\/wp\/v2\/comments?post=14021"}],"version-history":[{"count":1,"href":"https:\/\/www.nashgroup.com\/pt-br\/wp-json\/wp\/v2\/pages\/14021\/revisions"}],"predecessor-version":[{"id":14022,"href":"https:\/\/www.nashgroup.com\/pt-br\/wp-json\/wp\/v2\/pages\/14021\/revisions\/14022"}],"wp:attachment":[{"href":"https:\/\/www.nashgroup.com\/pt-br\/wp-json\/wp\/v2\/media?parent=14021"}],"curies":[{"name":"wp","href":"https:\/\/api.w.org\/{rel}","templated":true}]}}