{"id":14031,"date":"2022-07-18T17:23:44","date_gmt":"2022-07-18T22:23:44","guid":{"rendered":"https:\/\/www.nashgroup.com\/contacte-nos\/"},"modified":"2022-08-13T19:31:31","modified_gmt":"2022-08-14T00:31:31","slug":"contacte-nos","status":"publish","type":"page","link":"https:\/\/www.nashgroup.com\/pt-br\/contacte-nos\/","title":{"rendered":"Contacte-nos"},"content":{"rendered":"\n<h2 class=\"has-text-color wp-block-heading\" style=\"color:#3c4774\">Contact Us<\/h2>\n\n<section id=\"gmfe6c6dc\" class=\"wp-block-gutentor-m4 section-gmfe6c6dc gutentor-module gutentor-advanced-columns\"><div class=\"grid-container\"><div class=\"grid-row\">\n<div id=\"col-gme1b78b\" class=\"wp-block-gutentor-m4-col col-gme1b78b gutentor-single-column  grid-lg-6 grid-md-12 grid-12\"><div id=\"section-gme1b78b\" class=\"section-gme1b78b gutentor-col-wrap\"><div class=\"gutentor-element g-el-gmap alignwide section-a7eb376a-66b5-430b-a635-82f8abf3536e\" id=\"section-a7eb376a-66b5-430b-a635-82f8abf3536e\"   >\n<div class=\"gutentor-google-map gutentor-google-map-a7eb376a gutentor-grid-item-wrap\" id=\"gutentor-google-map-a7eb376a\"><\/div>\n<\/div>\n<script type=\"text\/javascript\">\n\t\/* <![CDATA[ *\/\n\t\tif ( ! window.gutentorGoogleMaps ) window.gutentorGoogleMaps =[];\n\t\twindow.gutentorGoogleMaps.push( { container: \"gutentor-google-map-a7eb376a\", attributes: {\"id\":\"gutentor-google-map-a7eb376a\",\"location\":\"Main Office\",\"latitude\":\"42.14591827399269\",\"longitude\":\"-87.8569259338684\",\"zoom\":15,\"type\":\"roadmap\",\"draggable\":true,\"mapTypeControl\":true,\"zoomControl\":true,\"fullscreenControl\":true,\"streetViewControl\":true,\"markers\":[]} } );\n\t\/* ]]> *\/\n<\/script>\n\n\n\n<div style=\"height:20px\" aria-hidden=\"true\" class=\"wp-block-spacer\"><\/div>\n\n\n\n<h3 class=\"has-text-color wp-block-heading\" style=\"color:#f56e47\">304 Wainwright Dr, <br\/>Northbrook, IL 60062<\/h3>\n<\/div><\/div>\n\n\n\n<div id=\"col-gm02ac03\" class=\"wp-block-gutentor-m4-col col-gm02ac03 gutentor-single-column  grid-lg-6 grid-md-12 grid-12\"><div id=\"section-gm02ac03\" class=\"section-gm02ac03 gutentor-col-wrap\"><div class=\"gutentor-element g-el-gmap alignwide section-0db4648f-aa51-4272-bda1-86e6ec45bdb8\" id=\"section-0db4648f-aa51-4272-bda1-86e6ec45bdb8\"   >\n<div class=\"gutentor-google-map gutentor-google-map-0db4648f gutentor-grid-item-wrap\" id=\"gutentor-google-map-0db4648f\"><\/div>\n<\/div>\n<script type=\"text\/javascript\">\n\t\/* <![CDATA[ *\/\n\t\tif ( ! window.gutentorGoogleMaps ) window.gutentorGoogleMaps =[];\n\t\twindow.gutentorGoogleMaps.push( { container: \"gutentor-google-map-0db4648f\", attributes: {\"id\":\"gutentor-google-map-0db4648f\",\"location\":\"South Side Office\",\"latitude\":\"41.7199284\",\"longitude\":\"-87.7485837\",\"zoom\":15,\"type\":\"roadmap\",\"draggable\":true,\"mapTypeControl\":true,\"zoomControl\":true,\"fullscreenControl\":true,\"streetViewControl\":true,\"markers\":[]} } );\n\t\/* ]]> *\/\n<\/script>\n\n\n\n<div style=\"height:20px\" aria-hidden=\"true\" class=\"wp-block-spacer\"><\/div>\n\n\n\n<h3 class=\"has-text-color wp-block-heading\" style=\"color:#f56e47\">5017 W 95th St. <br\/>Oak Lawn, IL 60453<\/h3>\n<\/div><\/div>\n<\/div><\/div><\/section>\n\n<div style=\"height:40px\" aria-hidden=\"true\" class=\"wp-block-spacer\"><\/div>\n\n<p>Phone: <strong>(847) 425 &#8211; 4783<\/strong><\/p>\n\n<p>Email: <a href=\"mailto:info@nashgroup.com\">info@nashgroup.com<\/a><\/p>\n\n<p>Website: <a rel=\"noreferrer noopener\" href=\"https:\/\/www.nashgroup.com\/pt-br\/\" target=\"_blank\"><strong>https:\/\/www.nashgroup.com<\/strong><\/a><\/p>\n\n<div style=\"height:40px\" aria-hidden=\"true\" class=\"wp-block-spacer\"><\/div>\n\n<h2 class=\"has-text-color wp-block-heading\" style=\"color:#3c4774\">Gostar\u00edamos muito de ouvir a sua opini\u00e3o.<\/h2>\n\n<p>Como pode constatar, no The Nash Group temos grande orgulho em ajudar as organiza\u00e7\u00f5es a melhorar a sua efici\u00eancia sem comprometer o seu servi\u00e7o. Naturalmente, adoptamos a mesma abordagem para a nossa pr\u00f3pria organiza\u00e7\u00e3o. Oferecemos m\u00faltiplas formas de se ligar a n\u00f3s, por isso use a que lhe for mais confort\u00e1vel. Ligue-nos para (847) 425-4783 ou utilize o formul\u00e1rio abaixo. Estamos ansiosos por falar consigo.<\/p>\n\n<script type=\"text\/javascript\">var gform;gform||(document.addEventListener(\"gform_main_scripts_loaded\",function(){gform.scriptsLoaded=!0}),window.addEventListener(\"DOMContentLoaded\",function(){gform.domLoaded=!0}),gform={domLoaded:!1,scriptsLoaded:!1,initializeOnLoaded:function(o){gform.domLoaded&&gform.scriptsLoaded?o():!gform.domLoaded&&gform.scriptsLoaded?window.addEventListener(\"DOMContentLoaded\",o):document.addEventListener(\"gform_main_scripts_loaded\",o)},hooks:{action:{},filter:{}},addAction:function(o,n,r,t){gform.addHook(\"action\",o,n,r,t)},addFilter:function(o,n,r,t){gform.addHook(\"filter\",o,n,r,t)},doAction:function(o){gform.doHook(\"action\",o,arguments)},applyFilters:function(o){return gform.doHook(\"filter\",o,arguments)},removeAction:function(o,n){gform.removeHook(\"action\",o,n)},removeFilter:function(o,n,r){gform.removeHook(\"filter\",o,n,r)},addHook:function(o,n,r,t,i){null==gform.hooks[o][n]&&(gform.hooks[o][n]=[]);var e=gform.hooks[o][n];null==i&&(i=n+\"_\"+e.length),gform.hooks[o][n].push({tag:i,callable:r,priority:t=null==t?10:t})},doHook:function(n,o,r){var t;if(r=Array.prototype.slice.call(r,1),null!=gform.hooks[n][o]&&((o=gform.hooks[n][o]).sort(function(o,n){return o.priority-n.priority}),o.forEach(function(o){\"function\"!=typeof(t=o.callable)&&(t=window[t]),\"action\"==n?t.apply(null,r):r[0]=t.apply(null,r)})),\"filter\"==n)return r[0]},removeHook:function(o,n,t,i){var r;null!=gform.hooks[o][n]&&(r=(r=gform.hooks[o][n]).filter(function(o,n,r){return!!(null!=i&&i!=o.tag||null!=t&&t!=o.priority)}),gform.hooks[o][n]=r)}});<\/script>\n                <div class='gf_browser_gecko gform_wrapper gform_legacy_markup_wrapper' id='gform_wrapper_1' >\n                        <div class='gform_heading'>\n                            <h3 class=\"gform_title\">Contact Us<\/h3>\n                            <span class='gform_description'>*Fields Required<\/span>\n                        <\/div><form method='post' enctype='multipart\/form-data'  id='gform_1'  action='\/pt-br\/wp-json\/wp\/v2\/pages\/14031' >\n                        <div class='gform_body gform-body'><ul id='gform_fields_1' class='gform_fields top_label form_sublabel_below description_below'><li id=\"field_1_1\" class=\"gfield field_sublabel_below field_description_below gfield_visibility_visible\" ><label class='gfield_label gfield_label_before_complex'  >Name<\/label><div class='ginput_complex ginput_container no_prefix has_first_name no_middle_name has_last_name no_suffix gf_name_has_2 ginput_container_name' id='input_1_1'>\n                            \n                            <span id='input_1_1_3_container' class='name_first' >\n                                                    <input type='text' name='input_1.3' id='input_1_1_3' value=''   aria-required='false'     \/>\n                                                    <label for='input_1_1_3' >Nome<\/label>\n                                                <\/span>\n                            \n                            <span id='input_1_1_6_container' class='name_last' >\n                                                    <input type='text' name='input_1.6' id='input_1_1_6' value=''   aria-required='false'     \/>\n                                                    <label for='input_1_1_6' >Sobrenome<\/label>\n                                                <\/span>\n                            \n                        <\/div><\/li><li id=\"field_1_3\" class=\"gfield gfield_contains_required field_sublabel_below field_description_below gfield_visibility_visible\" ><label class='gfield_label' for='input_1_3' >Title<span class=\"gfield_required\"><span class=\"gfield_required gfield_required_asterisk\">*<\/span><\/span><\/label><div class='ginput_container ginput_container_text'><input name='input_3' id='input_1_3' type='text' value='' class='medium'     aria-required=\"true\" aria-invalid=\"false\"   \/> <\/div><\/li><li id=\"field_1_4\" class=\"gfield gfield_contains_required field_sublabel_below field_description_below gfield_visibility_visible\" ><label class='gfield_label' for='input_1_4' >Organization Name<span class=\"gfield_required\"><span class=\"gfield_required gfield_required_asterisk\">*<\/span><\/span><\/label><div class='ginput_container ginput_container_text'><input name='input_4' id='input_1_4' type='text' value='' class='medium'     aria-required=\"true\" aria-invalid=\"false\"   \/> <\/div><\/li><li id=\"field_1_5\" class=\"gfield gfield_contains_required field_sublabel_below field_description_below gfield_visibility_visible\" ><label class='gfield_label' for='input_1_5' >Email<span class=\"gfield_required\"><span class=\"gfield_required gfield_required_asterisk\">*<\/span><\/span><\/label><div class='ginput_container ginput_container_email'>\n                            <input name='input_5' id='input_1_5' type='text' value='' class='medium'    aria-required=\"true\" aria-invalid=\"false\"  \/>\n                        <\/div><\/li><li id=\"field_1_6\" class=\"gfield field_sublabel_below field_description_below gfield_visibility_visible\" ><label class='gfield_label' for='input_1_6' >Phone<\/label><div class='ginput_container ginput_container_phone'><input name='input_6' id='input_1_6' type='text' value='' class='medium'    aria-invalid=\"false\"   \/><\/div><\/li><li id=\"field_1_7\" class=\"gfield field_sublabel_below field_description_below gfield_visibility_visible\" ><label class='gfield_label' for='input_1_7' >Questions or Comments<\/label><div class='ginput_container ginput_container_textarea'><textarea name='input_7' id='input_1_7' class='textarea medium'      aria-invalid=\"false\"   rows='10' cols='50'><\/textarea><\/div><\/li><li id=\"field_1_8\" class=\"gfield field_sublabel_below field_description_below gfield_visibility_visible\" ><label class='gfield_label' for='input_1_8' >CAPTCHA<\/label><div id='input_1_8' class='ginput_container ginput_recaptcha' data-sitekey='6LcfLz8UAAAAAJq5eGQBP8k6PnW7UJT0HAVgL98I'  data-theme='light' data-tabindex='0'  data-badge=''><\/div><\/li><\/ul><\/div>\n        <div class='gform_footer top_label'> <input type='submit' id='gform_submit_button_1' class='gform_button button' value='Submit'  onclick='if(window[\"gf_submitting_1\"]){return false;}  window[\"gf_submitting_1\"]=true;  ' onkeypress='if( event.keyCode == 13 ){ if(window[\"gf_submitting_1\"]){return false;} window[\"gf_submitting_1\"]=true;  jQuery(\"#gform_1\").trigger(\"submit\",[true]); }' \/> \n            <input type='hidden' class='gform_hidden' name='is_submit_1' value='1' \/>\n            <input type='hidden' class='gform_hidden' name='gform_submit' value='1' \/>\n            \n            <input type='hidden' class='gform_hidden' name='gform_unique_id' value='' \/>\n            <input type='hidden' class='gform_hidden' name='state_1' value='WyJbXSIsIjgzZDJkMGNlZmFhOWFlMWU2Yjc2MjQ0N2Y0ZTUxMDJlIl0=' \/>\n            <input type='hidden' class='gform_hidden' name='gform_target_page_number_1' id='gform_target_page_number_1' value='0' \/>\n            <input type='hidden' class='gform_hidden' name='gform_source_page_number_1' id='gform_source_page_number_1' value='1' \/>\n            <input type='hidden' name='gform_field_values' value='' \/>\n            \n        <\/div>\n                        <\/form>\n                        <\/div>\n","protected":false},"excerpt":{"rendered":"<p>Contact Us Phone: (847) 425 &#8211; 4783 Email: info@nashgroup.com Website: https:\/\/www.nashgroup.com Gostar\u00edamos muito de ouvir a sua opini\u00e3o. Como pode constatar, no The Nash Group temos grande orgulho em ajudar &#8230;<\/p>\n","protected":false},"author":1,"featured_media":0,"parent":0,"menu_order":0,"comment_status":"closed","ping_status":"closed","template":"","meta":{"footnotes":""},"class_list":["post-14031","page","type-page","status-publish","hentry"],"_links":{"self":[{"href":"https:\/\/www.nashgroup.com\/pt-br\/wp-json\/wp\/v2\/pages\/14031","targetHints":{"allow":["GET"]}}],"collection":[{"href":"https:\/\/www.nashgroup.com\/pt-br\/wp-json\/wp\/v2\/pages"}],"about":[{"href":"https:\/\/www.nashgroup.com\/pt-br\/wp-json\/wp\/v2\/types\/page"}],"author":[{"embeddable":true,"href":"https:\/\/www.nashgroup.com\/pt-br\/wp-json\/wp\/v2\/users\/1"}],"replies":[{"embeddable":true,"href":"https:\/\/www.nashgroup.com\/pt-br\/wp-json\/wp\/v2\/comments?post=14031"}],"version-history":[{"count":1,"href":"https:\/\/www.nashgroup.com\/pt-br\/wp-json\/wp\/v2\/pages\/14031\/revisions"}],"predecessor-version":[{"id":14032,"href":"https:\/\/www.nashgroup.com\/pt-br\/wp-json\/wp\/v2\/pages\/14031\/revisions\/14032"}],"wp:attachment":[{"href":"https:\/\/www.nashgroup.com\/pt-br\/wp-json\/wp\/v2\/media?parent=14031"}],"curies":[{"name":"wp","href":"https:\/\/api.w.org\/{rel}","templated":true}]}}