{"id":14033,"date":"2022-07-18T15:03:27","date_gmt":"2022-07-18T20:03:27","guid":{"rendered":"https:\/\/www.nashgroup.com\/para-cnos\/"},"modified":"2022-08-13T19:31:52","modified_gmt":"2022-08-14T00:31:52","slug":"para-cnos","status":"publish","type":"page","link":"https:\/\/www.nashgroup.com\/pt-br\/para-cnos\/","title":{"rendered":"Para CNOs"},"content":{"rendered":"\n<h2 class=\"has-text-color wp-block-heading\" style=\"color:#3c4774\">O que podemos fornecer.<\/h2>\n\n<p>Os enfermeiros s\u00e3o a espinha dorsal da maioria das organiza\u00e7\u00f5es de cuidados de sa\u00fade e o Grupo Nash est\u00e1 excepcionalmente concentrado nas suas necessidades. Procuramos constantemente formas de simplificar os cuidados que prestam e o ambiente em que trabalham. Os CNOs e o seu pessoal desempenham um papel valioso ao ajudar-nos a identificar inef\ufb01cient \u00e1reas de cuidados ou custos, sistemas impratic\u00e1veis que criam demasiado trabalho desnecess\u00e1rio para o que provavelmente j\u00e1 \u00e9 um departamento com excesso de trabalho, e mesmo staf\ufb01ng excedentes ou de\ufb01cits em \u00e1reas que podem melhorar os resultados da organiza\u00e7\u00e3o.<\/p>\n\n<p>Come\u00e7amos por \ufb01rst com o desejo de ajudar os enfermeiros a melhorar os seus cuidados. Depois procuramos formas de tornar esse cuidado melhorado mais ef\ufb01cient. <strong><a href=\"\/?page_id=26\">Contacte-nos<\/a> <\/strong>hoje, ou \ufb01ll para a<strong> <a href=\"\/?page_id=825\">avalia\u00e7\u00e3o online gratuita<\/a><\/strong>, e come\u00e7aremos imediatamente a trabalhar para o ajudar a melhorar. <\/p>\n\n<div style=\"height:50px\" aria-hidden=\"true\" class=\"wp-block-spacer\"><\/div>\n\n<div id=\"section-g942ac5\" class=\"wp-block-gutentor-e6 section-g942ac5 gutentor-element gutentor-element-image wow slideInUp text-align-center-desktop\" data-wow-animation=\"slideInUp\"><div class=\"gutentor-element-image-box\"><div class=\"gutentor-image-thumb\"><img decoding=\"async\" class=\"normal-image\" src=\"https:\/\/www.nashgroup.com\/wp-content\/uploads\/2019\/05\/nurse-satisfaction-improvement2.png\" alt=\"Melhoria da Satisfa\u00e7\u00e3o da Enfermeira\"><\/div><\/div><\/div>\n","protected":false},"excerpt":{"rendered":"<p>O que podemos fornecer. Os enfermeiros s\u00e3o a espinha dorsal da maioria das organiza\u00e7\u00f5es de cuidados de sa\u00fade e o Grupo Nash est\u00e1 excepcionalmente concentrado nas suas necessidades. Procuramos constantemente &#8230;<\/p>\n","protected":false},"author":1,"featured_media":0,"parent":0,"menu_order":0,"comment_status":"closed","ping_status":"closed","template":"","meta":{"footnotes":""},"class_list":["post-14033","page","type-page","status-publish","hentry"],"_links":{"self":[{"href":"https:\/\/www.nashgroup.com\/pt-br\/wp-json\/wp\/v2\/pages\/14033","targetHints":{"allow":["GET"]}}],"collection":[{"href":"https:\/\/www.nashgroup.com\/pt-br\/wp-json\/wp\/v2\/pages"}],"about":[{"href":"https:\/\/www.nashgroup.com\/pt-br\/wp-json\/wp\/v2\/types\/page"}],"author":[{"embeddable":true,"href":"https:\/\/www.nashgroup.com\/pt-br\/wp-json\/wp\/v2\/users\/1"}],"replies":[{"embeddable":true,"href":"https:\/\/www.nashgroup.com\/pt-br\/wp-json\/wp\/v2\/comments?post=14033"}],"version-history":[{"count":1,"href":"https:\/\/www.nashgroup.com\/pt-br\/wp-json\/wp\/v2\/pages\/14033\/revisions"}],"predecessor-version":[{"id":14034,"href":"https:\/\/www.nashgroup.com\/pt-br\/wp-json\/wp\/v2\/pages\/14033\/revisions\/14034"}],"wp:attachment":[{"href":"https:\/\/www.nashgroup.com\/pt-br\/wp-json\/wp\/v2\/media?parent=14033"}],"curies":[{"name":"wp","href":"https:\/\/api.w.org\/{rel}","templated":true}]}}