{"id":14050,"date":"2022-07-18T16:58:45","date_gmt":"2022-07-18T21:58:45","guid":{"rendered":"https:\/\/www.nashgroup.com\/acesso-cliente\/"},"modified":"2022-08-13T21:33:08","modified_gmt":"2022-08-14T02:33:08","slug":"acesso-cliente","status":"publish","type":"page","link":"https:\/\/www.nashgroup.com\/pt-br\/acesso-cliente\/","title":{"rendered":"Acesso Cliente"},"content":{"rendered":"\n<h2 class=\"has-text-color wp-block-heading\" style=\"color:#3c4774\">Acesso Cliente &#8211; Recursos<\/h2>\n\n<p>Constru\u00edmos esta sec\u00e7\u00e3o apenas para si. Quer\u00edamos uma \u00e1rea no nosso site que fosse exclusivamente para os nossos clientes. Esperamos que considere todas as informa\u00e7\u00f5es fornecidas nesta sec\u00e7\u00e3o \u00fateis ao longo do seu processo de implementa\u00e7\u00e3o e para al\u00e9m dele.<\/p>\n\n<div style=\"height:30px\" aria-hidden=\"true\" class=\"wp-block-spacer\"><\/div>\n\n<div class=\"wp-block-columns is-layout-flex wp-container-core-columns-is-layout-9d6595d7 wp-block-columns-is-layout-flex\">\n<div class=\"wp-block-column is-layout-flow wp-block-column-is-layout-flow\" style=\"flex-basis:66.66%\">\n<figure class=\"wp-block-embed is-type-video is-provider-vimeo wp-block-embed-vimeo wp-embed-aspect-16-9 wp-has-aspect-ratio\"><div class=\"wp-block-embed__wrapper\">\n<iframe loading=\"lazy\" title=\"Nash Analytics Data Entry\" src=\"https:\/\/player.vimeo.com\/video\/228838025?h=c7f72b3b35&amp;dnt=1&amp;app_id=122963\" width=\"800\" height=\"450\" frameborder=\"0\" allow=\"autoplay; fullscreen; picture-in-picture\" allowfullscreen><\/iframe>\n<\/div><\/figure>\n<\/div>\n\n\n\n<div class=\"wp-block-column is-layout-flow wp-block-column-is-layout-flow\" style=\"flex-basis:33.33%\">\n<h3 class=\"has-text-color wp-block-heading\" style=\"color:#f56e47\">Introdu\u00e7\u00e3o de dados<\/h3>\n\n\n\n<p>Este v\u00eddeo \u00e9 um tutorial sobre como introduzir dados no seu Nash Analytics\u2122.<\/p>\n<\/div>\n<\/div>\n\n<div style=\"height:30px\" aria-hidden=\"true\" class=\"wp-block-spacer\"><\/div>\n\n<div class=\"wp-block-columns has-background is-layout-flex wp-container-core-columns-is-layout-9d6595d7 wp-block-columns-is-layout-flex\" style=\"background-color:#f8f9f9\">\n<div class=\"wp-block-column is-layout-flow wp-block-column-is-layout-flow\" style=\"flex-basis:33.33%\">\n<h3 class=\"has-text-color wp-block-heading\" style=\"color:#f56e47\">Aceder a Relat\u00f3rios<\/h3>\n\n\n\n<p>Este v\u00eddeo \u00e9 um tutorial sobre como aceder a relat\u00f3rios no Nash Analytics\u2122.<\/p>\n<\/div>\n\n\n\n<div class=\"wp-block-column is-layout-flow wp-block-column-is-layout-flow\" style=\"flex-basis:66.66%\">\n<figure class=\"wp-block-embed is-type-video is-provider-vimeo wp-block-embed-vimeo wp-embed-aspect-16-9 wp-has-aspect-ratio\"><div class=\"wp-block-embed__wrapper\">\n<iframe loading=\"lazy\" title=\"Accessing Nash Analytics and Opening Reports\" src=\"https:\/\/player.vimeo.com\/video\/226184344?h=dd4872a994&amp;dnt=1&amp;app_id=122963\" width=\"800\" height=\"450\" frameborder=\"0\" allow=\"autoplay; fullscreen; picture-in-picture\" allowfullscreen><\/iframe>\n<\/div><\/figure>\n<\/div>\n<\/div>\n\n<div style=\"height:30px\" aria-hidden=\"true\" class=\"wp-block-spacer\"><\/div>\n\n<div class=\"wp-block-columns is-layout-flex wp-container-core-columns-is-layout-9d6595d7 wp-block-columns-is-layout-flex\">\n<div class=\"wp-block-column is-layout-flow wp-block-column-is-layout-flow\" style=\"flex-basis:66.66%\">\n<figure class=\"wp-block-embed is-type-video is-provider-vimeo wp-block-embed-vimeo wp-embed-aspect-16-9 wp-has-aspect-ratio\"><div class=\"wp-block-embed__wrapper\">\n<iframe loading=\"lazy\" title=\"Assigning Permissions\" src=\"https:\/\/player.vimeo.com\/video\/226184576?h=b62a0c2c7e&amp;dnt=1&amp;app_id=122963\" width=\"800\" height=\"450\" frameborder=\"0\" allow=\"autoplay; fullscreen; picture-in-picture\" allowfullscreen><\/iframe>\n<\/div><\/figure>\n<\/div>\n\n\n\n<div class=\"wp-block-column is-layout-flow wp-block-column-is-layout-flow\" style=\"flex-basis:33.33%\">\n<h3 class=\"has-text-color wp-block-heading\" style=\"color:#f56e47\">Atribui\u00e7\u00e3o de permiss\u00f5es<\/h3>\n\n\n\n<p>Este v\u00eddeo \u00e9 um tutorial sobre como atribuir permiss\u00f5es aos utilizadores no Nash Analytics\u2122.<\/p>\n<\/div>\n<\/div>\n","protected":false},"excerpt":{"rendered":"<p>Acesso Cliente &#8211; Recursos Constru\u00edmos esta sec\u00e7\u00e3o apenas para si. Quer\u00edamos uma \u00e1rea no nosso site que fosse exclusivamente para os nossos clientes. Esperamos que considere todas as informa\u00e7\u00f5es fornecidas &#8230;<\/p>\n","protected":false},"author":1,"featured_media":0,"parent":0,"menu_order":0,"comment_status":"closed","ping_status":"closed","template":"","meta":{"footnotes":""},"class_list":["post-14050","page","type-page","status-publish","hentry"],"_links":{"self":[{"href":"https:\/\/www.nashgroup.com\/pt-br\/wp-json\/wp\/v2\/pages\/14050","targetHints":{"allow":["GET"]}}],"collection":[{"href":"https:\/\/www.nashgroup.com\/pt-br\/wp-json\/wp\/v2\/pages"}],"about":[{"href":"https:\/\/www.nashgroup.com\/pt-br\/wp-json\/wp\/v2\/types\/page"}],"author":[{"embeddable":true,"href":"https:\/\/www.nashgroup.com\/pt-br\/wp-json\/wp\/v2\/users\/1"}],"replies":[{"embeddable":true,"href":"https:\/\/www.nashgroup.com\/pt-br\/wp-json\/wp\/v2\/comments?post=14050"}],"version-history":[{"count":1,"href":"https:\/\/www.nashgroup.com\/pt-br\/wp-json\/wp\/v2\/pages\/14050\/revisions"}],"predecessor-version":[{"id":14051,"href":"https:\/\/www.nashgroup.com\/pt-br\/wp-json\/wp\/v2\/pages\/14050\/revisions\/14051"}],"wp:attachment":[{"href":"https:\/\/www.nashgroup.com\/pt-br\/wp-json\/wp\/v2\/media?parent=14050"}],"curies":[{"name":"wp","href":"https:\/\/api.w.org\/{rel}","templated":true}]}}