{"id":14058,"date":"2022-07-18T15:11:00","date_gmt":"2022-07-18T20:11:00","guid":{"rendered":"https:\/\/www.nashgroup.com\/apoio-ao-cliente\/"},"modified":"2022-08-13T21:34:11","modified_gmt":"2022-08-14T02:34:11","slug":"apoio-ao-cliente","status":"publish","type":"page","link":"https:\/\/www.nashgroup.com\/pt-br\/apoio-ao-cliente\/","title":{"rendered":"Apoio ao Cliente"},"content":{"rendered":"\n<h2 class=\"has-text-color wp-block-heading\" style=\"color:#3c4774\">O que fazemos por si.<\/h2>\n\n<p>Um aspecto significativo do nosso servi\u00e7o \u00e9 que o ajudamos sempre a utilizar e interpretar os seus dados. Prestamos apoio regular e cont\u00ednuo a cada cliente.<\/p>\n\n<p>Aqui est\u00e3o alguns exemplos do que fazemos:<\/p>\n\n<ul class=\"wp-block-list\"><li>Responder pessoalmente aos seus e-mails e telefonemas<\/li><li>Enviar regularmente <a href=\"\/?page_id=817\">\n  <strong>e-mails<\/strong>\n<\/a> actualizar os clientes sobre as not\u00edcias da ind\u00fastria e sobre como utilizar aspectos do software<\/li><li>Oferecer forma\u00e7\u00e3o e informa\u00e7\u00e3o peri\u00f3dicas <a href=\"https:\/\/www.nashgroup.com\/pt-br\/webinars-clients\/\">\n  <strong>webinars<\/strong>\n<\/a><\/li><li>Personalizar <a href=\"https:\/\/www.nashgroup.com\/pt-br\/webinars-clients\/\">\n  <strong>webinars<\/strong>\n<\/a> apenas para o seu pessoal<\/li><li>Apoiar o <a href=\"https:\/\/www.nashgroup.com\/pt-br\/nash-analytics\/\">\n  <strong>Nash Analytics\u2122<\/strong>\n<\/a> ferramentas de business intelligence<\/li><\/ul>\n<p><a href=\"https:\/\/www.nashgroup.com\/pt-br\/pedido-de-nomeacao\/\">\n  <strong>Saiba mais<\/strong>\n<\/a> sobre o que podemos fazer por si.<\/p>\n","protected":false},"excerpt":{"rendered":"<p>O que fazemos por si. Um aspecto significativo do nosso servi\u00e7o \u00e9 que o ajudamos sempre a utilizar e interpretar os seus dados. Prestamos apoio regular e cont\u00ednuo a cada &#8230;<\/p>\n","protected":false},"author":1,"featured_media":0,"parent":0,"menu_order":0,"comment_status":"closed","ping_status":"closed","template":"","meta":{"footnotes":""},"class_list":["post-14058","page","type-page","status-publish","hentry"],"_links":{"self":[{"href":"https:\/\/www.nashgroup.com\/pt-br\/wp-json\/wp\/v2\/pages\/14058","targetHints":{"allow":["GET"]}}],"collection":[{"href":"https:\/\/www.nashgroup.com\/pt-br\/wp-json\/wp\/v2\/pages"}],"about":[{"href":"https:\/\/www.nashgroup.com\/pt-br\/wp-json\/wp\/v2\/types\/page"}],"author":[{"embeddable":true,"href":"https:\/\/www.nashgroup.com\/pt-br\/wp-json\/wp\/v2\/users\/1"}],"replies":[{"embeddable":true,"href":"https:\/\/www.nashgroup.com\/pt-br\/wp-json\/wp\/v2\/comments?post=14058"}],"version-history":[{"count":1,"href":"https:\/\/www.nashgroup.com\/pt-br\/wp-json\/wp\/v2\/pages\/14058\/revisions"}],"predecessor-version":[{"id":14059,"href":"https:\/\/www.nashgroup.com\/pt-br\/wp-json\/wp\/v2\/pages\/14058\/revisions\/14059"}],"wp:attachment":[{"href":"https:\/\/www.nashgroup.com\/pt-br\/wp-json\/wp\/v2\/media?parent=14058"}],"curies":[{"name":"wp","href":"https:\/\/api.w.org\/{rel}","templated":true}]}}