{"id":14068,"date":"2022-08-07T12:00:48","date_gmt":"2022-08-07T17:00:48","guid":{"rendered":"https:\/\/www.nashgroup.com\/amanda-krausz\/"},"modified":"2024-02-16T16:33:05","modified_gmt":"2024-02-16T22:33:05","slug":"amanda-krausz","status":"publish","type":"page","link":"https:\/\/www.nashgroup.com\/pt-br\/amanda-krausz\/","title":{"rendered":"Amanda Krausz"},"content":{"rendered":"\n<section id=\"gm21fefb9\" class=\"wp-block-gutentor-m4 section-gm21fefb9 gutentor-module gutentor-advanced-columns\"><div class=\"grid-container\"><div class=\"grid-row\">\n<div id=\"col-gme22df8\" class=\"wp-block-gutentor-m4-col col-gme22df8 gutentor-single-column  grid-lg-2 grid-md-12 grid-12 wow slideInLeft\" data-wow-animation=\"slideInLeft\" data-wow-iteration=\"1\"><div id=\"section-gme22df8\" class=\"section-gme22df8 gutentor-col-wrap\">\n<div style=\"height:40px\" aria-hidden=\"true\" class=\"wp-block-spacer\"><\/div>\n\n\n\n<div id=\"section-gbda3ca\" class=\"wp-block-gutentor-e6 alignwide section-gbda3ca gutentor-element gutentor-element-image text-align-center-desktop\"><div class=\"gutentor-element-image-box\"><div class=\"gutentor-image-thumb\"><img decoding=\"async\" class=\"normal-image\" src=\"https:\/\/www.nashgroup.com\/wp-content\/uploads\/2021\/09\/Amanda-3.jpg\"\/><\/div><\/div><\/div>\n<\/div><\/div>\n\n\n\n<div id=\"col-gm4263fb\" class=\"wp-block-gutentor-m4-col col-gm4263fb gutentor-single-column  grid-lg-10 grid-md-12 grid-12\"><div id=\"section-gm4263fb\" class=\"section-gm4263fb gutentor-col-wrap\">\n<h3 class=\"wp-block-heading\"><strong>Amanda Krausz, RN<\/strong><strong>, MSN<\/strong><\/h3>\n\n\n\n<h4 class=\"wp-block-heading\"><em><em>Diretor de Opera\u00e7\u00f5es<\/em><\/em><\/h4>\n\n\n\n<p>Amanda Krausz, MBA, MSN, RN \u00e9 consultora do The Nash Group. Como consultora, \u00e9 especializada em gest\u00e3o de m\u00e3o-de-obra e an\u00e1lise laboral. Tem forma\u00e7\u00e3o pr\u00e9via em tarefas cl\u00ednicas e monitoriza\u00e7\u00e3o da carga de trabalho. A Sra. Krausz \u00e9 uma enfermeira inovadora com excelentes compet\u00eancias interpessoais, que tamb\u00e9m fez investiga\u00e7\u00e3o que determinou como a rela\u00e7\u00e3o de trabalho entre enfermeiros do pessoal e a direc\u00e7\u00e3o afectava a percep\u00e7\u00e3o de apoio do pessoal. Al\u00e9m disso, possui amplos conhecimentos sobre a cria\u00e7\u00e3o de pol\u00edticas e pr\u00e1ticas cl\u00ednicas para hospitais.<\/p>\n\n\n\n<p>Amanda recebeu o seu bacharelato e mestrado em enfermagem da Universidade de Bradley. Recebeu o seu mestrado em administra\u00e7\u00e3o de empresas com uma concentra\u00e7\u00e3o em administra\u00e7\u00e3o de cuidados de sa\u00fade da Universidade de Saint Xavier. \u00c9 membro da Sigma Theta Tau e da Organiza\u00e7\u00e3o de Enfermeiros L\u00edderes de Illinois.<\/p>\n<\/div><\/div>\n<\/div><\/div><\/section>\n\n\n\n<section id=\"section-b615f47b-afa5-49c5-854b-90a55804c997\" class=\"wp-block-gutentor-team gutentor-section gutentor-team team-template1\"><div class=\"grid-container\"><div class=\"gutentor-block-header\"><div class=\"gutentor-section-title enable-title-design seperator-bottom text-center\"><h2 class=\"gutentor-title\">A nossa equipe<\/h2><\/div><\/div><div class=\"grid-row gutentor-grid-item-wrap\"><div class=\"gutentor-grid-column grid-lg-4 grid-md-4 grid-12\"><div class=\"gutentor-single-item gutentor-image team-template1 gutentor-single-item-0\"><div class=\"gutentor-template-wrapper\"><div class=\"gutentor-single-item-image-box\"><div class=\"gutentor-image-thumb\"><img loading=\"lazy\" decoding=\"async\" class=\"normal-image\" src=\"https:\/\/www.nashgroup.com\/wp-content\/uploads\/2023\/10\/28.png\" alt=\"\" height=\"240\" width=\"350\"\/><\/div><\/div><div class=\"gutentor-single-item-content\"><h3 class=\"gutentor-single-item-title\"><strong><a href=\"https:\/\/www.nashgroup.com\/team\/deborah-terry\/\">Deborah Terry, RN, M<\/a><\/strong>SN<\/h3><p class=\"gutentor-single-item-designation\"><em>President<\/em><\/p><p class=\"gutentor-single-item-desc\">Deborah Terry is president of The Nash Group, a leading healthcare advisory and consulting group. She brings more than 30 years of nursing, human resources, and consulting know-how and experience to support the company\u2019s operations and clients.<\/p><a class=\"gutentor-button gutentor-single-item-button gutentor-icon-hide\" href=\"https:\/\/www.nashgroup.com\/deborah-terry\/\"><i class=\"gutentor-button-icon fas fa-book\"><\/i><span><a href=\"https:\/\/www.nashgroup.com\/pt-br\/deborah-terry\/\">Leia mais<\/a><\/span><\/a><\/div><\/div><\/div><\/div><div class=\"gutentor-grid-column grid-lg-4 grid-md-4 grid-12\"><div class=\"gutentor-single-item gutentor-image team-template1 gutentor-single-item-1\"><div class=\"gutentor-template-wrapper\"><div class=\"gutentor-single-item-image-box\"><div class=\"gutentor-image-thumb\"><img loading=\"lazy\" decoding=\"async\" class=\"normal-image\" src=\"https:\/\/www.nashgroup.com\/wp-content\/uploads\/2023\/10\/11.png\" alt=\"\" height=\"240\" width=\"350\"\/><\/div><\/div><div class=\"gutentor-single-item-content\"><h3 class=\"gutentor-single-item-title\"><strong><a href=\"https:\/\/www.nashgroup.com\/david-ledersnaider\/\">David ledersnaider, Ph.D.<\/a><\/strong><\/h3><p class=\"gutentor-single-item-designation\"><em>Chief Executive Officer<\/em><\/p><p class=\"gutentor-single-item-desc\">Dr. Ledersnaider is the chief executive officer of The Nash Group. With more than 30 years of professional practice as both an educator and consultant, he specializes in operations redesign, information technology deployment, and strategic cost management in the healthcare industry.<\/p><a class=\"gutentor-button gutentor-single-item-button gutentor-icon-hide\" href=\"https:\/\/www.nashgroup.com\/david-ledersnaider\/\"><i class=\"gutentor-button-icon fas fa-book\"><\/i><span><a href=\"https:\/\/www.nashgroup.com\/pt-br\/david-ledersnaider\/\">Leia mais<\/a><\/span><\/a><\/div><\/div><\/div><\/div><div class=\"gutentor-grid-column grid-lg-4 grid-md-4 grid-12\"><div class=\"gutentor-single-item gutentor-image team-template1 gutentor-single-item-2\"><div class=\"gutentor-template-wrapper\"><div class=\"gutentor-single-item-image-box\"><div class=\"gutentor-image-thumb\"><img loading=\"lazy\" decoding=\"async\" class=\"normal-image\" src=\"https:\/\/www.nashgroup.com\/wp-content\/uploads\/2023\/10\/21.png\" alt=\"\" height=\"240\" width=\"350\"\/><\/div><\/div><div class=\"gutentor-single-item-content\"><h3 class=\"gutentor-single-item-title\"><strong><a href=\"https:\/\/www.nashgroup.com\/shawn-semedalas\/\">Shawn Semedalas, RN, B<\/a><\/strong>SN<\/h3><p class=\"gutentor-single-item-designation\"><em>Vice-presidente executivo de opera\u00e7\u00f5es<\/em><\/p><p class=\"gutentor-single-item-desc\">Shawn Semedalas, RN, BSN is a vice president and senior consultant for The Nash Group. With over 25 years of nursing and healthcare management experience, she is focused on improving hospital operations and staff management.<br><\/p><a class=\"gutentor-button gutentor-single-item-button gutentor-icon-hide\" href=\"https:\/\/www.nashgroup.com\/shawn-semedalas\/\"><i class=\"gutentor-button-icon fas fa-book\"><\/i><span><a href=\"https:\/\/www.nashgroup.com\/pt-br\/shawn-semedalas\/\">Leia mais<\/a><\/span><\/a><\/div><\/div><\/div><\/div><div class=\"gutentor-grid-column grid-lg-4 grid-md-4 grid-12\"><div class=\"gutentor-single-item gutentor-image team-template1 gutentor-single-item-3\"><div class=\"gutentor-template-wrapper\"><div class=\"gutentor-single-item-image-box\"><div class=\"gutentor-image-thumb\"><img loading=\"lazy\" decoding=\"async\" class=\"normal-image\" src=\"https:\/\/www.nashgroup.com\/wp-content\/uploads\/2023\/10\/22.png\" alt=\"\" height=\"240\" width=\"350\"\/><\/div><\/div><div class=\"gutentor-single-item-content\"><h3 class=\"gutentor-single-item-title\"><strong><a href=\"https:\/\/www.nashgroup.com\/kerry-abbott\/\">Kerry Abbott, RN, M<\/a><\/strong>SN<\/h3><p class=\"gutentor-single-item-designation\"><em>Vice-presidente executivo de recrutamento<\/em><\/p><p class=\"gutentor-single-item-desc\">Kerry Abbott, RN, MSN is vice president and senior consultant for The Nash Group. She is an accomplished healthcare executive with over 30 years of experience in progressive and diversified operational leadership in the acute care hospital setting.<br><\/p><a class=\"gutentor-button gutentor-single-item-button gutentor-icon-hide\" href=\"https:\/\/www.nashgroup.com\/kerry-abbott\/\"><i class=\"gutentor-button-icon fas fa-book\"><\/i><span><a href=\"https:\/\/www.nashgroup.com\/pt-br\/kerry-abbott\/\">Leia mais<\/a><\/span><\/a><\/div><\/div><\/div><\/div><div class=\"gutentor-grid-column grid-lg-4 grid-md-4 grid-12\"><div class=\"gutentor-single-item gutentor-image team-template1 gutentor-single-item-4\"><div class=\"gutentor-template-wrapper\"><div class=\"gutentor-single-item-image-box\"><div class=\"gutentor-image-thumb\"><img loading=\"lazy\" decoding=\"async\" class=\"normal-image\" src=\"https:\/\/www.nashgroup.com\/wp-content\/uploads\/2023\/10\/19.png\" alt=\"\" height=\"240\" width=\"350\"\/><\/div><\/div><div class=\"gutentor-single-item-content\"><h3 class=\"gutentor-single-item-title\"><strong><a href=\"https:\/\/www.nashgroup.com\/shannon-landrum\/\">Shannon Landrum, RN, <\/a><\/strong>BSN<\/h3><p class=\"gutentor-single-item-designation\"><em>Director of Client Management<\/em><\/p><p class=\"gutentor-single-item-desc\">Shannon Landrum, RN, BSN is a consultant for The Nash Group. She is an accomplished nurse manager with strong leadership skills. Shannon has in-depth knowledge of hospital operations including staffing, bed placement, and effective team leadership.<br><\/p><a class=\"gutentor-button gutentor-single-item-button gutentor-icon-hide\" href=\"https:\/\/www.nashgroup.com\/shannon-landrum\/\"><i class=\"gutentor-button-icon fas fa-book\"><\/i><span><a href=\"https:\/\/www.nashgroup.com\/pt-br\/shannon-landrum\/\">Leia mais<\/a><\/span><\/a><\/div><\/div><\/div><\/div><div class=\"gutentor-grid-column grid-lg-4 grid-md-4 grid-12\"><div class=\"gutentor-single-item gutentor-image team-template1 gutentor-single-item-5\"><div class=\"gutentor-template-wrapper\"><div class=\"gutentor-single-item-image-box\"><div class=\"gutentor-image-thumb\"><img loading=\"lazy\" decoding=\"async\" class=\"normal-image\" src=\"https:\/\/www.nashgroup.com\/wp-content\/uploads\/2024\/01\/31.png\" alt=\"\" height=\"240\" width=\"350\"\/><\/div><\/div><div class=\"gutentor-single-item-content\"><h3 class=\"gutentor-single-item-title\"><strong><a href=\"https:\/\/www.nashgroup.com\/team\/ronald-finkelstein-mba\/\">Ronald Finkelstein, <\/a><a href=\"https:\/\/www.nashgroup.com\/ronald-finkelstein\/\">B.Eng, MBA<\/a><\/strong><\/h3><p class=\"gutentor-single-item-designation\"><em>Director of Technology and Application Service<\/em><\/p><p class=\"gutentor-single-item-desc\">Ronald Finkelstein is the application service director for The Nash Group, where he leads software development and network administration. Ronald has over 15 years of comprehensive experience in information technology consulting, internet design, software programming, deployment, and implementation.<\/p><a class=\"gutentor-button gutentor-single-item-button gutentor-icon-hide\" href=\"https:\/\/www.nashgroup.com\/ronald-finkelstein\/\"><i class=\"gutentor-button-icon fas fa-book\"><\/i><span><a href=\"https:\/\/www.nashgroup.com\/pt-br\/ronald-finkelstein\/\">Leia mais<\/a><\/span><\/a><\/div><\/div><\/div><\/div><div class=\"gutentor-grid-column grid-lg-4 grid-md-4 grid-12\"><div class=\"gutentor-single-item gutentor-image team-template1 gutentor-single-item-6\"><div class=\"gutentor-template-wrapper\"><div class=\"gutentor-single-item-image-box\"><div class=\"gutentor-image-thumb\"><img loading=\"lazy\" decoding=\"async\" class=\"normal-image\" src=\"https:\/\/www.nashgroup.com\/wp-content\/uploads\/2024\/01\/30.png\" alt=\"\" height=\"240\" width=\"350\"\/><\/div><\/div><div class=\"gutentor-single-item-content\"><h3 class=\"gutentor-single-item-title\"><strong><a href=\"https:\/\/www.nashgroup.com\/team\/pedro-tobo\/\">Pedro Tobo, <\/a><a href=\"https:\/\/www.nashgroup.com\/pedro-tobo\/\">B<\/a><\/strong>.Eng<\/h3><p class=\"gutentor-single-item-designation\"><em>Senior Applications Engineer<\/em><\/p><p class=\"gutentor-single-item-desc\">Pedro Tobo is an application and business tools design engineer for The Nash Group, with over 10 years of experience as a designer, programmer, and consultant. He has worked on a large variety of projects ranging from the development of software frameworks to the complete design of applications.<\/p><a class=\"gutentor-button gutentor-single-item-button gutentor-icon-hide\" href=\"https:\/\/www.nashgroup.com\/pedro-tobo\/\"><i class=\"gutentor-button-icon fas fa-book\"><\/i><span><a href=\"https:\/\/www.nashgroup.com\/pt-br\/pedro-tobo\/\">Leia mais<\/a><\/span><\/a><\/div><\/div><\/div><\/div><div class=\"gutentor-grid-column grid-lg-4 grid-md-4 grid-12\"><div class=\"gutentor-single-item gutentor-image team-template1 gutentor-single-item-7\"><div class=\"gutentor-template-wrapper\"><div class=\"gutentor-single-item-image-box\"><div class=\"gutentor-image-thumb\"><img loading=\"lazy\" decoding=\"async\" class=\"normal-image\" src=\"https:\/\/www.nashgroup.com\/wp-content\/uploads\/2024\/01\/32.png\" alt=\"\" height=\"240\" width=\"350\"\/><\/div><\/div><div class=\"gutentor-single-item-content\"><h3 class=\"gutentor-single-item-title\"><strong><a href=\"https:\/\/www.nashgroup.com\/team\/john-terry\/\">John Terry,<\/a><a href=\"https:\/\/www.nashgroup.com\/john-terry\/\"> <\/a><a href=\"https:\/\/www.nashgroup.com\/team\/john-terry\/\">B<\/a><\/strong>A<\/h3><p class=\"gutentor-single-item-designation\"><em>Senior Client Support<\/em><\/p><p class=\"gutentor-single-item-desc\">John has been with The Nash Group since 2005 as an installation quality assessor and senior client systems deployment and support associate. He is also responsible for the Nash AnalyticsTM rollout to new customers, as well as upgrades and maintenance to existing systems.<br><\/p><a class=\"gutentor-button gutentor-single-item-button gutentor-icon-hide\" href=\"https:\/\/www.nashgroup.com\/john-terry\/\"><i class=\"gutentor-button-icon fas fa-book\"><\/i><span><a href=\"https:\/\/www.nashgroup.com\/pt-br\/john-terry\/\">Leia mais<\/a><\/span><\/a><\/div><\/div><\/div><\/div><\/div><\/div><\/section>\n","protected":false},"excerpt":{"rendered":"","protected":false},"author":1,"featured_media":0,"parent":0,"menu_order":0,"comment_status":"closed","ping_status":"closed","template":"","meta":{"footnotes":""},"class_list":["post-14068","page","type-page","status-publish","hentry"],"_links":{"self":[{"href":"https:\/\/www.nashgroup.com\/pt-br\/wp-json\/wp\/v2\/pages\/14068","targetHints":{"allow":["GET"]}}],"collection":[{"href":"https:\/\/www.nashgroup.com\/pt-br\/wp-json\/wp\/v2\/pages"}],"about":[{"href":"https:\/\/www.nashgroup.com\/pt-br\/wp-json\/wp\/v2\/types\/page"}],"author":[{"embeddable":true,"href":"https:\/\/www.nashgroup.com\/pt-br\/wp-json\/wp\/v2\/users\/1"}],"replies":[{"embeddable":true,"href":"https:\/\/www.nashgroup.com\/pt-br\/wp-json\/wp\/v2\/comments?post=14068"}],"version-history":[{"count":15,"href":"https:\/\/www.nashgroup.com\/pt-br\/wp-json\/wp\/v2\/pages\/14068\/revisions"}],"predecessor-version":[{"id":15499,"href":"https:\/\/www.nashgroup.com\/pt-br\/wp-json\/wp\/v2\/pages\/14068\/revisions\/15499"}],"wp:attachment":[{"href":"https:\/\/www.nashgroup.com\/pt-br\/wp-json\/wp\/v2\/media?parent=14068"}],"curies":[{"name":"wp","href":"https:\/\/api.w.org\/{rel}","templated":true}]}}