{"id":14102,"date":"2022-08-07T12:02:37","date_gmt":"2022-08-07T17:02:37","guid":{"rendered":"https:\/\/www.nashgroup.com\/ronald-finkelstein\/"},"modified":"2024-02-16T15:52:53","modified_gmt":"2024-02-16T21:52:53","slug":"ronald-finkelstein","status":"publish","type":"page","link":"https:\/\/www.nashgroup.com\/pt-br\/ronald-finkelstein\/","title":{"rendered":"Ronald Finkelstein"},"content":{"rendered":"\n<section id=\"gm63fe2e0\" class=\"wp-block-gutentor-m4 section-gm63fe2e0 gutentor-module gutentor-advanced-columns\"><div class=\"grid-container\"><div class=\"grid-row\">\n<div id=\"col-gmc634da\" class=\"wp-block-gutentor-m4-col col-gmc634da gutentor-single-column  grid-lg-2 grid-md-12 grid-12 wow slideInLeft\" data-wow-animation=\"slideInLeft\" data-wow-iteration=\"1\"><div id=\"section-gmc634da\" class=\"section-gmc634da gutentor-col-wrap\">\n<div style=\"height:40px\" aria-hidden=\"true\" class=\"wp-block-spacer\"><\/div>\n\n\n\n<div id=\"section-ga9e5aa\" class=\"wp-block-gutentor-e6 alignwide section-ga9e5aa gutentor-element gutentor-element-image text-align-center-desktop\"><div class=\"gutentor-element-image-box\"><div class=\"gutentor-image-thumb\"><img decoding=\"async\" class=\"normal-image\" src=\"https:\/\/www.nashgroup.com\/wp-content\/uploads\/2024\/01\/31.png\"\/><\/div><\/div><\/div>\n<\/div><\/div>\n\n\n\n<div id=\"col-gm2d8ad6\" class=\"wp-block-gutentor-m4-col col-gm2d8ad6 gutentor-single-column  grid-lg-10 grid-md-12 grid-12\"><div id=\"section-gm2d8ad6\" class=\"section-gm2d8ad6 gutentor-col-wrap\">\n<h3 class=\"wp-block-heading\"><strong>Ronald Finkelstein, B.Eng, Mba<\/strong><\/h3>\n\n\n\n<h4 class=\"wp-block-heading\"><em><em>Director de Tecnologia e Servi\u00e7o de Aplica\u00e7\u00f5es<\/em><\/em><\/h4>\n\n\n\n<p>Ronald Finkelstein \u00e9 o director de servi\u00e7os de aplica\u00e7\u00e3o do The Nash Group, onde lidera o desenvolvimento de software e a administra\u00e7\u00e3o de redes. Ronald tem mais de 20 anos de experi\u00eancia abrangente em consultoria de tecnologias de informa\u00e7\u00e3o, concep\u00e7\u00e3o de Internet, programa\u00e7\u00e3o de software, implanta\u00e7\u00e3o e implementa\u00e7\u00e3o. Tamb\u00e9m trabalhou em vendas e com\u00e9rcio internacional de hardware electr\u00f3nico.  <\/p>\n\n\n\n<p>Ronald \u00e9 licenciado em engenharia el\u00e9ctrica com um menor em administra\u00e7\u00e3o de empresas pela Universidade de Los Andes &#8211; Col\u00f4mbia e, um MBA com foco em finan\u00e7as e marketing pela Keller Graduate School of Business. Como parte da equipa do Grupo Nash, \u00e9 respons\u00e1vel pela implementa\u00e7\u00e3o e selec\u00e7\u00e3o de tecnologia e plataformas, desenvolvimento e arquitectura de software, incluindo testes de qualidade e fiabilidade de todos os neg\u00f3cios de software e ferramentas anal\u00edticas.<\/p>\n<\/div><\/div>\n<\/div><\/div><\/section>\n\n\n\n<section id=\"section-8c870f6b-32f2-44e4-b134-221a56f3b633\" class=\"wp-block-gutentor-team gutentor-section gutentor-team team-template1\"><div class=\"grid-container\"><div class=\"gutentor-block-header\"><div class=\"gutentor-section-title enable-title-design seperator-bottom text-center\"><h2 class=\"gutentor-title\">A nossa equipe<\/h2><\/div><\/div><div class=\"grid-row gutentor-grid-item-wrap\"><div class=\"gutentor-grid-column grid-lg-4 grid-md-4 grid-12\"><div class=\"gutentor-single-item gutentor-image team-template1 gutentor-single-item-0\"><div class=\"gutentor-template-wrapper\"><div class=\"gutentor-single-item-image-box\"><div class=\"gutentor-image-thumb\"><img loading=\"lazy\" decoding=\"async\" class=\"normal-image\" src=\"https:\/\/www.nashgroup.com\/wp-content\/uploads\/2023\/10\/28.png\" alt=\"\" height=\"240\" width=\"350\"\/><\/div><\/div><div class=\"gutentor-single-item-content\"><h3 class=\"gutentor-single-item-title\"><strong><a href=\"https:\/\/www.nashgroup.com\/team\/deborah-terry\/\">Deborah Terry, RN, M<\/a><\/strong>SN<\/h3><p class=\"gutentor-single-item-designation\"><em><em><em>Presidente<\/em><\/em><\/em><\/p><p class=\"gutentor-single-item-desc\">Deborah Terry \u00e9 presidente do The Nash Group, um grupo l\u00edder de consultoria e aconselhamento em cuidados de sa\u00fade. Ela traz mais de 30 anos de experi\u00eancia em enfermagem, recursos humanos e consultoria para apoiar as opera\u00e7\u00f5es e clientes da empresa.<br><br><a href=\"https:\/\/www.nashgroup.com\/deborah-terry\/\"><\/a><\/p><a class=\"gutentor-button gutentor-single-item-button gutentor-icon-hide\" href=\"https:\/\/www.nashgroup.com\/deborah-terry\/\"><i class=\"gutentor-button-icon fas fa-book\"><\/i><span><a href=\"https:\/\/www.nashgroup.com\/pt-br\/deborah-terry\/\">Leia mais<\/a><\/span><\/a><\/div><\/div><\/div><\/div><div class=\"gutentor-grid-column grid-lg-4 grid-md-4 grid-12\"><div class=\"gutentor-single-item gutentor-image team-template1 gutentor-single-item-1\"><div class=\"gutentor-template-wrapper\"><div class=\"gutentor-single-item-image-box\"><div class=\"gutentor-image-thumb\"><img loading=\"lazy\" decoding=\"async\" class=\"normal-image\" src=\"https:\/\/www.nashgroup.com\/wp-content\/uploads\/2023\/10\/11.png\" alt=\"\" height=\"240\" width=\"350\"\/><\/div><\/div><div class=\"gutentor-single-item-content\"><h3 class=\"gutentor-single-item-title\"><strong><a href=\"https:\/\/www.nashgroup.com\/david-ledersnaider\/\">David ledersnaider, Ph.D.<\/a><\/strong><\/h3><p class=\"gutentor-single-item-designation\"><em><em>Chefe do Executivo<\/em><\/em><\/p><p class=\"gutentor-single-item-desc\">O Dr. Ledersnaider \u00e9 o director executivo principal do Grupo Nash. Com mais de 30 anos de pr\u00e1tica profissional como educador e consultor, \u00e9 especialista em redesenho de opera\u00e7\u00f5es, implanta\u00e7\u00e3o de tecnologias de informa\u00e7\u00e3o, e gest\u00e3o estrat\u00e9gica de custos na ind\u00fastria da sa\u00fade.<br><a href=\"https:\/\/www.nashgroup.com\/david-ledersnaider\/\"><\/a><\/p><a class=\"gutentor-button gutentor-single-item-button gutentor-icon-hide\" href=\"https:\/\/www.nashgroup.com\/david-ledersnaider\/\"><i class=\"gutentor-button-icon fas fa-book\"><\/i><span><a href=\"https:\/\/www.nashgroup.com\/pt-br\/david-ledersnaider\/\">Leia mais<\/a><\/span><\/a><\/div><\/div><\/div><\/div><div class=\"gutentor-grid-column grid-lg-4 grid-md-4 grid-12\"><div class=\"gutentor-single-item gutentor-image team-template1 gutentor-single-item-2\"><div class=\"gutentor-template-wrapper\"><div class=\"gutentor-single-item-image-box\"><div class=\"gutentor-image-thumb\"><img loading=\"lazy\" decoding=\"async\" class=\"normal-image\" src=\"https:\/\/www.nashgroup.com\/wp-content\/uploads\/2023\/10\/21.png\" alt=\"\" height=\"240\" width=\"350\"\/><\/div><\/div><div class=\"gutentor-single-item-content\"><h3 class=\"gutentor-single-item-title\"><strong><a href=\"https:\/\/www.nashgroup.com\/shawn-semedalas\/\">Shawn Semedalas, RN, B<\/a><\/strong>SN<\/h3><p class=\"gutentor-single-item-designation\"><em><em>Vice-presidente executivo de opera\u00e7\u00f5es<\/em><\/em><\/p><p class=\"gutentor-single-item-desc\">Shawn Semedalas, RN, BSN \u00e9 vice-presidente e consultor s\u00e9nior do The Nash Group. Com mais de 25 anos de experi\u00eancia em enfermagem e gest\u00e3o de cuidados de sa\u00fade, ela est\u00e1 concentrada em melhorar as opera\u00e7\u00f5es hospitalares e a gest\u00e3o do pessoal.<br><br><a href=\"https:\/\/www.nashgroup.com\/shawn-semedalas\/\"><\/a><\/p><a class=\"gutentor-button gutentor-single-item-button gutentor-icon-hide\" href=\"https:\/\/www.nashgroup.com\/shawn-semedalas\/\"><i class=\"gutentor-button-icon fas fa-book\"><\/i><span><a href=\"https:\/\/www.nashgroup.com\/pt-br\/shawn-semedalas\/\">Leia mais<\/a><\/span><\/a><\/div><\/div><\/div><\/div><div class=\"gutentor-grid-column grid-lg-4 grid-md-4 grid-12\"><div class=\"gutentor-single-item gutentor-image team-template1 gutentor-single-item-3\"><div class=\"gutentor-template-wrapper\"><div class=\"gutentor-single-item-image-box\"><div class=\"gutentor-image-thumb\"><img loading=\"lazy\" decoding=\"async\" class=\"normal-image\" src=\"https:\/\/www.nashgroup.com\/wp-content\/uploads\/2023\/10\/22.png\" alt=\"\" height=\"240\" width=\"350\"\/><\/div><\/div><div class=\"gutentor-single-item-content\"><h3 class=\"gutentor-single-item-title\"><strong><a href=\"https:\/\/www.nashgroup.com\/kerry-abbott\/\">Kerry Abbott, RN, M<\/a><\/strong>SN<\/h3><p class=\"gutentor-single-item-designation\"><em>Vice-presidente executivo de recrutamento<\/em><\/p><p class=\"gutentor-single-item-desc\">Kerry Abbott, RN, MSN \u00e9 vice-presidente e consultora s\u00e9nior do The Nash Group. \u00c9 uma executiva de cuidados de sa\u00fade de sucesso com mais de 30 anos de experi\u00eancia em lideran\u00e7a operacional progressiva e diversificada no ambiente hospitalar de cuidados intensivos.<br><a href=\"https:\/\/www.nashgroup.com\/pt-br\/kerry-abbott\/\"><\/a><\/p><a class=\"gutentor-button gutentor-single-item-button gutentor-icon-hide\" href=\"https:\/\/www.nashgroup.com\/kerry-abbott\/\"><i class=\"gutentor-button-icon fas fa-book\"><\/i><span><a href=\"https:\/\/www.nashgroup.com\/pt-br\/kerry-abbott\/\">Leia mais<\/a><\/span><\/a><\/div><\/div><\/div><\/div><div class=\"gutentor-grid-column grid-lg-4 grid-md-4 grid-12\"><div class=\"gutentor-single-item gutentor-image team-template1 gutentor-single-item-4\"><div class=\"gutentor-template-wrapper\"><div class=\"gutentor-single-item-image-box\"><div class=\"gutentor-image-thumb\"><img loading=\"lazy\" decoding=\"async\" class=\"normal-image\" src=\"https:\/\/www.nashgroup.com\/wp-content\/uploads\/2021\/09\/Amanda-3.jpg\" alt=\"\" height=\"235\" width=\"350\"\/><\/div><\/div><div class=\"gutentor-single-item-content\"><h3 class=\"gutentor-single-item-title\"><strong><a href=\"https:\/\/www.nashgroup.com\/amanda-krausz\/\">Amanda Krausz, RN, MSN<\/a><\/strong><\/h3><p class=\"gutentor-single-item-designation\"><em><em>Diretor de Opera\u00e7\u00f5es<\/em><\/em><\/p><p class=\"gutentor-single-item-desc\">Amanda Krausz, MBA, MSN, RN \u00e9 consultora do The Nash Group. Como consultora, \u00e9 especializada em gest\u00e3o de m\u00e3o-de-obra e an\u00e1lise laboral. Ela tem forma\u00e7\u00e3o avan\u00e7ada em tarefas cl\u00ednicas e monitoriza\u00e7\u00e3o da carga de trabalho.<br><br><a href=\"https:\/\/www.nashgroup.com\/pt-br\/amanda-krausz\/\"><\/a><\/p><a class=\"gutentor-button gutentor-single-item-button gutentor-icon-hide\" href=\"https:\/\/www.nashgroup.com\/amanda-krausz\/\"><i class=\"gutentor-button-icon fas fa-book\"><\/i><span><a href=\"https:\/\/www.nashgroup.com\/pt-br\/amanda-krausz\/\">Leia mais<\/a><\/span><\/a><\/div><\/div><\/div><\/div><div class=\"gutentor-grid-column grid-lg-4 grid-md-4 grid-12\"><div class=\"gutentor-single-item gutentor-image team-template1 gutentor-single-item-5\"><div class=\"gutentor-template-wrapper\"><div class=\"gutentor-single-item-image-box\"><div class=\"gutentor-image-thumb\"><img loading=\"lazy\" decoding=\"async\" class=\"normal-image\" src=\"https:\/\/www.nashgroup.com\/wp-content\/uploads\/2023\/10\/19.png\" alt=\"\" height=\"240\" width=\"350\"\/><\/div><\/div><div class=\"gutentor-single-item-content\"><h3 class=\"gutentor-single-item-title\"><strong><a href=\"https:\/\/www.nashgroup.com\/shannon-landrum\/\">Shannon Landrum, RN, <\/a><\/strong>BSN<\/h3><p class=\"gutentor-single-item-designation\"><em>Diretor de gerenciamento de clientes<\/em><\/p><p class=\"gutentor-single-item-desc\">Shannon Landrum, RN, BSN \u00e9 consultora do The Nash Group. Ela \u00e9 uma enfermeira gestora de sucesso com fortes capacidades de lideran\u00e7a. A Shannon tem um conhecimento profundo das opera\u00e7\u00f5es hospitalares, incluindo pessoal, coloca\u00e7\u00e3o de camas, e lideran\u00e7a eficaz da equipa.<br><a href=\"https:\/\/www.nashgroup.com\/pt-br\/shannon-landrum\/\"><\/a><\/p><a class=\"gutentor-button gutentor-single-item-button gutentor-icon-hide\" href=\"https:\/\/www.nashgroup.com\/shannon-landrum\/\"><i class=\"gutentor-button-icon fas fa-book\"><\/i><span><a href=\"https:\/\/www.nashgroup.com\/pt-br\/shannon-landrum\/\">Leia mais<\/a><\/span><\/a><\/div><\/div><\/div><\/div><div class=\"gutentor-grid-column grid-lg-4 grid-md-4 grid-12\"><div class=\"gutentor-single-item gutentor-image team-template1 gutentor-single-item-6\"><div class=\"gutentor-template-wrapper\"><div class=\"gutentor-single-item-image-box\"><div class=\"gutentor-image-thumb\"><img loading=\"lazy\" decoding=\"async\" class=\"normal-image\" src=\"https:\/\/www.nashgroup.com\/wp-content\/uploads\/2024\/01\/30.png\" alt=\"\" height=\"240\" width=\"350\"\/><\/div><\/div><div class=\"gutentor-single-item-content\"><h3 class=\"gutentor-single-item-title\"><strong><a href=\"https:\/\/www.nashgroup.com\/team\/pedro-tobo\/\">Pedro Tobo, <\/a><a href=\"https:\/\/www.nashgroup.com\/pedro-tobo\/\">B<\/a><\/strong>.Eng<\/h3><p class=\"gutentor-single-item-designation\"><em><em>Engenheiro de Aplica\u00e7\u00f5es S\u00e9nior<\/em><\/em><\/p><p class=\"gutentor-single-item-desc\">Pedro Tobo \u00e9 engenheiro de design de aplica\u00e7\u00f5es e ferramentas empresariais do The Nash Group, com mais de 10 anos de experi\u00eancia como designer, programador, e consultor. Trabalhou numa grande variedade de projectos que v\u00e3o desde o desenvolvimento de estruturas de software at\u00e9 \u00e0 concep\u00e7\u00e3o completa de aplica\u00e7\u00f5es.<br><a href=\"https:\/\/www.nashgroup.com\/pt-br\/pedro-tobo\/\"><\/a><\/p><a class=\"gutentor-button gutentor-single-item-button gutentor-icon-hide\" href=\"https:\/\/www.nashgroup.com\/pedro-tobo\/\"><i class=\"gutentor-button-icon fas fa-book\"><\/i><span><a href=\"https:\/\/www.nashgroup.com\/pt-br\/pedro-tobo\/\">Leia mais<\/a><\/span><\/a><\/div><\/div><\/div><\/div><div class=\"gutentor-grid-column grid-lg-4 grid-md-4 grid-12\"><div class=\"gutentor-single-item gutentor-image team-template1 gutentor-single-item-7\"><div class=\"gutentor-template-wrapper\"><div class=\"gutentor-single-item-image-box\"><div class=\"gutentor-image-thumb\"><img loading=\"lazy\" decoding=\"async\" class=\"normal-image\" src=\"https:\/\/www.nashgroup.com\/wp-content\/uploads\/2024\/01\/32.png\" alt=\"\" height=\"240\" width=\"350\"\/><\/div><\/div><div class=\"gutentor-single-item-content\"><h3 class=\"gutentor-single-item-title\"><strong><a href=\"https:\/\/www.nashgroup.com\/team\/john-terry\/\">John Terry,<\/a><a href=\"https:\/\/www.nashgroup.com\/john-terry\/\"> <\/a><a href=\"https:\/\/www.nashgroup.com\/team\/john-terry\/\">B<\/a><\/strong>A<\/h3><p class=\"gutentor-single-item-designation\"><em><em>Apoio ao Cliente S\u00e9nior<\/em><\/em><\/p><p class=\"gutentor-single-item-desc\">John est\u00e1 no The Nash Group desde 2005 como assessor de qualidade de instala\u00e7\u00e3o e associado s\u00e9nior de implanta\u00e7\u00e3o e apoio a sistemas de clientes. \u00c9 tamb\u00e9m respons\u00e1vel pela implementa\u00e7\u00e3o da Nash AnalyticsTM a novos clientes, bem como pelas actualiza\u00e7\u00f5es e manuten\u00e7\u00e3o dos sistemas existentes.<br><a href=\"https:\/\/www.nashgroup.com\/pt-br\/john-terry\/\"><\/a><\/p><a class=\"gutentor-button gutentor-single-item-button gutentor-icon-hide\" href=\"https:\/\/www.nashgroup.com\/john-terry\/\"><i class=\"gutentor-button-icon fas fa-book\"><\/i><span><a href=\"https:\/\/www.nashgroup.com\/pt-br\/john-terry\/\">Leia mais<\/a><\/span><\/a><\/div><\/div><\/div><\/div><\/div><\/div><\/section>\n","protected":false},"excerpt":{"rendered":"","protected":false},"author":1,"featured_media":0,"parent":0,"menu_order":0,"comment_status":"closed","ping_status":"closed","template":"","meta":{"footnotes":""},"class_list":["post-14102","page","type-page","status-publish","hentry"],"_links":{"self":[{"href":"https:\/\/www.nashgroup.com\/pt-br\/wp-json\/wp\/v2\/pages\/14102","targetHints":{"allow":["GET"]}}],"collection":[{"href":"https:\/\/www.nashgroup.com\/pt-br\/wp-json\/wp\/v2\/pages"}],"about":[{"href":"https:\/\/www.nashgroup.com\/pt-br\/wp-json\/wp\/v2\/types\/page"}],"author":[{"embeddable":true,"href":"https:\/\/www.nashgroup.com\/pt-br\/wp-json\/wp\/v2\/users\/1"}],"replies":[{"embeddable":true,"href":"https:\/\/www.nashgroup.com\/pt-br\/wp-json\/wp\/v2\/comments?post=14102"}],"version-history":[{"count":9,"href":"https:\/\/www.nashgroup.com\/pt-br\/wp-json\/wp\/v2\/pages\/14102\/revisions"}],"predecessor-version":[{"id":15464,"href":"https:\/\/www.nashgroup.com\/pt-br\/wp-json\/wp\/v2\/pages\/14102\/revisions\/15464"}],"wp:attachment":[{"href":"https:\/\/www.nashgroup.com\/pt-br\/wp-json\/wp\/v2\/media?parent=14102"}],"curies":[{"name":"wp","href":"https:\/\/api.w.org\/{rel}","templated":true}]}}