{"id":15728,"date":"2025-05-27T13:17:48","date_gmt":"2025-05-27T18:17:48","guid":{"rendered":"https:\/\/www.nashgroup.com\/sobre-nos\/"},"modified":"2025-05-29T13:19:04","modified_gmt":"2025-05-29T18:19:04","slug":"sobre-nos","status":"publish","type":"page","link":"https:\/\/www.nashgroup.com\/pt-br\/sobre-nos\/","title":{"rendered":"Sobre n\u00f3s"},"content":{"rendered":"\n<section id=\"section-g-i1ha23i\" class=\"wp-block-gutentor-about-block gutentor-section gutentor-about about-template1 has-color-bg has-custom-bg\"><div class=\"grid-container\"><div class=\"gutentor-grid-item-wrap\"><div class=\"gutentor-single-item\"><div class=\"grid-row\"><div class=\"grid-md-6 about-grid\"><div class=\"gutentor-single-item-image-box\"><div class=\"gutentor-image-thumb\"><img loading=\"lazy\" decoding=\"async\" class=\"normal-image\" src=\"https:\/\/www.nashgroup.com\/wp-content\/uploads\/2025\/05\/Nash-WEB-3-2.jpg\" alt=\"Nurse with clipboard\" height=\"679\" width=\"679\"\/><\/div><\/div><\/div><div class=\"grid-md-6 about-grid\"><div class=\"gutentor-single-item-content\"><div class=\"gutentor-about-content\"><h3 class=\"gutentor-single-item-title\"><strong>Oferecendo Solu\u00e7\u00f5es na Area da Sa\u00fade<\/strong>\u00a0<\/h3><p class=\"gutentor-single-item-desc\"><br>Gerenciar as \u00e1reas de \u201cServi\u00e7o\u201d e \u201cNeg\u00f3cios\u201d do setor de sa\u00fade \u00e9 uma tarefa diferenciada e desafiadora. No The Nash Group, abordamos essa tarefa com uma perspectiva \u00fanica, esfor\u00e7ando-nos para gerar benef\u00edcios abrangentes em todas as frentes.<br>Desde a nossa funda\u00e7\u00e3o, em 1992, o The Nash Group est\u00e1 na vanguarda do desenvolvimento e da implementa\u00e7\u00e3o de metodologias comprovadas e ferramentas de ponta para otimizar a contrata\u00e7\u00e3o de pessoal e a acuidade. Nossas solu\u00e7\u00f5es produzem consistentemente melhorias tang\u00edveis em resultados cl\u00ednicos, operacionais e financeiros para organiza\u00e7\u00f5es de sa\u00fade em todo o pa\u00eds (EUA).<br>Por meio de metodologias meticulosas e an\u00e1lises avan\u00e7adas, alavancamos as opera\u00e7\u00f5es di\u00e1rias da sua organiza\u00e7\u00e3o para descobrir as sincronias inerentes que surgem da integra\u00e7\u00e3o de neg\u00f3cios e servi\u00e7os. Essa abordagem garante que nossos clientes possam atingir seus objetivos de disponibilizar uma equipe ideal a custos eficientes.<br>Devido ao nosso sucesso, expandimos nossas ofertas para incluir servi\u00e7os abrangentes de recrutamento para hospitais, suprindo lacunas cruciais em termos de profissionais. Al\u00e9m disso, fomos pioneiros em abrir caminhos para que enfermeiros internacionais qualificados e dedicados garantam oportunidades de emprego nos Estados Unidos. Nossos servi\u00e7os de consultoria e aulas preparat\u00f3rias educacionais facilitam sua jornada para se tornarem enfermeiros registrados certificados nos EUA<br><\/p><\/div><\/div><\/div><\/div><\/div><\/div><\/div><\/section>\n\n\n\n<section id=\"section-g-0n2py87\" class=\"wp-block-gutentor-about-block gutentor-section gutentor-about about-template4\"><div class=\"grid-container\"><div class=\"gutentor-grid-item-wrap\"><div class=\"gutentor-single-item\"><div class=\"grid-row\"><div class=\"grid-md-6 about-grid\"><div class=\"gutentor-single-item-content\"><div class=\"gutentor-about-content\"><h3 class=\"gutentor-single-item-title\"><strong>Nossa hist\u00f3ria<\/strong>\u00a0<\/h3><p class=\"gutentor-single-item-desc\">Lynda C. Nash n\u00e3o foi apenas uma professora, treinadora e amiga extraordin\u00e1ria, mas sua imensa engenhosidade tamb\u00e9m serviu de inspira\u00e7\u00e3o para todos. Embora o falecimento de Lynda tenha ocorrido em 1992, seu legado de criatividade, lideran\u00e7a e profissionalismo continua a prosperar no The Nash Group. Sua vis\u00e3o continua sendo uma for\u00e7a orientadora, impulsionando nossa busca pela excel\u00eancia tanto em nosso trabalho quanto em nossos relacionamentos.<br><br>Desde ent\u00e3o, sob a lideran\u00e7a de Deborah Terry e David Ledersnaider, Ph.D., nossa equipe tem recebido amplo reconhecimento pela excel\u00eancia em seus respectivos campos. Juntamente com nossa equipe, eles trazem uma grande experi\u00eancia e dados para melhorar seus resultados. Na verdade, quase todos os membros da nossa equipe possuem d\u00e9cadas de experi\u00eancia na presta\u00e7\u00e3o de servi\u00e7os de sa\u00fade.<br>Com dedica\u00e7\u00e3o, experi\u00eancia e uma vis\u00e3o compartilhada, o The Nash Group espera atend\u00ea-lo e contribuir para o avan\u00e7o do setor de sa\u00fade nos pr\u00f3ximos anos.<\/p><\/div><\/div><\/div><div class=\"grid-md-6 about-grid\"><div class=\"gutentor-single-item-image-box\"><div class=\"gutentor-image-thumb\"><img loading=\"lazy\" decoding=\"async\" class=\"normal-image\" src=\"https:\/\/www.nashgroup.com\/wp-content\/uploads\/2025\/05\/linda-nash.png\" alt=\"\" height=\"235\" width=\"350\"\/><\/div><\/div><\/div><\/div><\/div><\/div><\/div><\/section>\n","protected":false},"excerpt":{"rendered":"","protected":false},"author":1,"featured_media":0,"parent":0,"menu_order":0,"comment_status":"closed","ping_status":"closed","template":"template-gutentor-full-width.php","meta":{"footnotes":""},"class_list":["post-15728","page","type-page","status-publish","hentry"],"_links":{"self":[{"href":"https:\/\/www.nashgroup.com\/pt-br\/wp-json\/wp\/v2\/pages\/15728","targetHints":{"allow":["GET"]}}],"collection":[{"href":"https:\/\/www.nashgroup.com\/pt-br\/wp-json\/wp\/v2\/pages"}],"about":[{"href":"https:\/\/www.nashgroup.com\/pt-br\/wp-json\/wp\/v2\/types\/page"}],"author":[{"embeddable":true,"href":"https:\/\/www.nashgroup.com\/pt-br\/wp-json\/wp\/v2\/users\/1"}],"replies":[{"embeddable":true,"href":"https:\/\/www.nashgroup.com\/pt-br\/wp-json\/wp\/v2\/comments?post=15728"}],"version-history":[{"count":2,"href":"https:\/\/www.nashgroup.com\/pt-br\/wp-json\/wp\/v2\/pages\/15728\/revisions"}],"predecessor-version":[{"id":15741,"href":"https:\/\/www.nashgroup.com\/pt-br\/wp-json\/wp\/v2\/pages\/15728\/revisions\/15741"}],"wp:attachment":[{"href":"https:\/\/www.nashgroup.com\/pt-br\/wp-json\/wp\/v2\/media?parent=15728"}],"curies":[{"name":"wp","href":"https:\/\/api.w.org\/{rel}","templated":true}]}}